{"id":132,"date":"2026-01-06T21:14:22","date_gmt":"2026-01-06T21:14:22","guid":{"rendered":"https:\/\/ekochatykarpaty.cz\/?page_id=132"},"modified":"2026-02-23T10:10:57","modified_gmt":"2026-02-23T10:10:57","slug":"nabytek","status":"publish","type":"page","link":"https:\/\/ekochatykarpaty.cz\/sk\/nabytek\/","title":{"rendered":"N\u00e1bytok"},"content":{"rendered":"\t\t<div data-elementor-type=\"wp-page\" data-elementor-id=\"132\" class=\"elementor elementor-132\">\n\t\t\t\t<div class=\"elementor-element elementor-element-731360de e-flex e-con-boxed e-con e-parent\" data-id=\"731360de\" data-element_type=\"container\" data-settings=\"{&quot;background_background&quot;:&quot;classic&quot;}\">\n\t\t\t\t\t<div class=\"e-con-inner\">\n\t\t<div class=\"elementor-element elementor-element-55b4ecc9 e-con-full e-flex e-con e-child\" data-id=\"55b4ecc9\" data-element_type=\"container\">\n\t\t\t\t<div class=\"elementor-element elementor-element-35838235 elementor-widget elementor-widget-heading\" data-id=\"35838235\" data-element_type=\"widget\" data-widget_type=\"heading.default\">\n\t\t\t\t\t<h2 class=\"elementor-heading-title elementor-size-default\">N\u00e1bytek<\/h2>\t\t\t\t<\/div>\n\t\t\t\t<\/div>\n\t\t<div class=\"elementor-element elementor-element-22f09f0a e-con-full e-flex e-con e-child\" data-id=\"22f09f0a\" data-element_type=\"container\">\n\t\t\t\t<div class=\"elementor-element elementor-element-1ec18e1e elementor-widget elementor-widget-text-editor\" data-id=\"1ec18e1e\" data-element_type=\"widget\" data-widget_type=\"text-editor.default\">\n\t\t\t\t\t\t\t\t\t<p>P\u0159\u00edrodn\u00ed materi\u00e1l v jeho nej\u010dist\u0161\u00ed podob\u011b. N\u00e1\u0161 n\u00e1bytek je v\u00edc ne\u017e jen vybaven\u00ed \u2013 je to poctiv\u00fd kus \u0159emesla zpracovan\u00fd s maxim\u00e1ln\u00edm detailem. Masivn\u00ed konstrukce a precizn\u00ed povrchov\u00e1 \u00faprava zaru\u010duj\u00ed, \u017ee se n\u00e1\u0161 n\u00e1bytek stane ozdobou va\u0161\u00ed terasy \u010di posezen\u00ed v ka\u017ed\u00e9m ro\u010dn\u00edm obdob\u00ed.<\/p>\t\t\t\t\t\t\t\t<\/div>\n\t\t\t\t<\/div>\n\t\t\t\t\t<\/div>\n\t\t\t\t<\/div>\n\t\t<div class=\"elementor-element elementor-element-66fdf04e elementor-hidden-desktop elementor-hidden-tablet elementor-hidden-mobile e-flex e-con-boxed e-con e-parent\" data-id=\"66fdf04e\" data-element_type=\"container\">\n\t\t\t\t\t<div class=\"e-con-inner\">\n\t\t<div class=\"elementor-element elementor-element-b3f7b7a e-con-full e-flex e-con e-child\" data-id=\"b3f7b7a\" data-element_type=\"container\">\n\t\t\t\t<div class=\"elementor-element elementor-element-df2a8b8 elementor-widget elementor-widget-button\" data-id=\"df2a8b8\" data-element_type=\"widget\" data-widget_type=\"button.default\">\n\t\t\t\t\t\t\t\t\t\t<a class=\"elementor-button elementor-button-link elementor-size-sm\" href=\"?orderby=price\">\n\t\t\t\t\t\t<span class=\"elementor-button-content-wrapper\">\n\t\t\t\t\t\t<span class=\"elementor-button-icon\">\n\t\t\t\t<svg aria-hidden=\"true\" class=\"e-font-icon-svg e-fas-sort-numeric-up\" viewBox=\"0 0 448 512\" xmlns=\"http:\/\/www.w3.org\/2000\/svg\"><path d=\"M330.17 258.91a79 79 0 0 0-55 54.17c-14.27 51.05 21.19 97.77 68.83 102.53a84.07 84.07 0 0 1-20.85 12.91c-7.57 3.4-10.8 12.47-8.18 20.34l9.9 20c2.87 8.63 12.53 13.49 20.9 9.91 58-24.76 86.25-61.61 86.25-132V336c-.02-51.21-48.4-91.34-101.85-77.09zM352 356a20 20 0 1 1 20-20 20 20 0 0 1-20 20zM304 96h16v64h-16a16 16 0 0 0-16 16v32a16 16 0 0 0 16 16h96a16 16 0 0 0 16-16v-32a16 16 0 0 0-16-16h-16V48a16 16 0 0 0-16-16h-48a16 16 0 0 0-14.29 8.83l-16 32A16 16 0 0 0 304 96zM107.31 36.69a16 16 0 0 0-22.62 0l-80 96C-5.35 142.74 1.78 160 16 160h48v304a16 16 0 0 0 16 16h32a16 16 0 0 0 16-16V160h48c14.21 0 21.38-17.24 11.31-27.31z\"><\/path><\/svg>\t\t\t<\/span>\n\t\t\t\t\t\t\t\t\t<span class=\"elementor-button-text\">Nejlevn\u011bj\u0161\u00ed<\/span>\n\t\t\t\t\t<\/span>\n\t\t\t\t\t<\/a>\n\t\t\t\t\t\t\t\t<\/div>\n\t\t\t\t<div class=\"elementor-element elementor-element-13fec1b elementor-widget elementor-widget-button\" data-id=\"13fec1b\" data-element_type=\"widget\" data-widget_type=\"button.default\">\n\t\t\t\t\t\t\t\t\t\t<a class=\"elementor-button elementor-button-link elementor-size-sm\" href=\"?orderby=price-desc\">\n\t\t\t\t\t\t<span class=\"elementor-button-content-wrapper\">\n\t\t\t\t\t\t<span class=\"elementor-button-icon\">\n\t\t\t\t<svg aria-hidden=\"true\" class=\"e-font-icon-svg e-fas-sort-numeric-up-alt\" viewBox=\"0 0 448 512\" xmlns=\"http:\/\/www.w3.org\/2000\/svg\"><path d=\"M107.31 36.69a16 16 0 0 0-22.62 0l-80 96C-5.35 142.74 1.78 160 16 160h48v304a16 16 0 0 0 16 16h32a16 16 0 0 0 16-16V160h48c14.21 0 21.38-17.24 11.31-27.31zM400 416h-16V304a16 16 0 0 0-16-16h-48a16 16 0 0 0-14.29 8.83l-16 32A16 16 0 0 0 304 352h16v64h-16a16 16 0 0 0-16 16v32a16 16 0 0 0 16 16h96a16 16 0 0 0 16-16v-32a16 16 0 0 0-16-16zM330.17 34.91a79 79 0 0 0-55 54.17c-14.27 51.05 21.19 97.77 68.83 102.53a84.07 84.07 0 0 1-20.85 12.91c-7.57 3.4-10.8 12.47-8.18 20.34l9.9 20c2.87 8.63 12.53 13.49 20.9 9.91 58-24.77 86.25-61.61 86.25-132V112c-.02-51.21-48.4-91.34-101.85-77.09zM352 132a20 20 0 1 1 20-20 20 20 0 0 1-20 20z\"><\/path><\/svg>\t\t\t<\/span>\n\t\t\t\t\t\t\t\t\t<span class=\"elementor-button-text\">Nejdra\u017e\u0161\u00ed<\/span>\n\t\t\t\t\t<\/span>\n\t\t\t\t\t<\/a>\n\t\t\t\t\t\t\t\t<\/div>\n\t\t\t\t<div class=\"elementor-element elementor-element-790c938 elementor-widget elementor-widget-button\" data-id=\"790c938\" data-element_type=\"widget\" data-widget_type=\"button.default\">\n\t\t\t\t\t\t\t\t\t\t<a class=\"elementor-button elementor-button-link elementor-size-sm\" href=\"?orderby=date\">\n\t\t\t\t\t\t<span class=\"elementor-button-content-wrapper\">\n\t\t\t\t\t\t<span class=\"elementor-button-icon\">\n\t\t\t\t<svg aria-hidden=\"true\" class=\"e-font-icon-svg e-fas-sort\" viewBox=\"0 0 320 512\" xmlns=\"http:\/\/www.w3.org\/2000\/svg\"><path d=\"M41 288h238c21.4 0 32.1 25.9 17 41L177 448c-9.4 9.4-24.6 9.4-33.9 0L24 329c-15.1-15.1-4.4-41 17-41zm255-105L177 64c-9.4-9.4-24.6-9.4-33.9 0L24 183c-15.1 15.1-4.4 41 17 41h238c21.4 0 32.1-25.9 17-41z\"><\/path><\/svg>\t\t\t<\/span>\n\t\t\t\t\t\t\t\t\t<span class=\"elementor-button-text\">Nejnov\u011bj\u0161\u00ed<\/span>\n\t\t\t\t\t<\/span>\n\t\t\t\t\t<\/a>\n\t\t\t\t\t\t\t\t<\/div>\n\t\t\t\t<\/div>\n\t\t\t\t\t<\/div>\n\t\t\t\t<\/div>\n\t\t<div class=\"elementor-element elementor-element-29f2d9e e-flex e-con-boxed e-con e-parent\" data-id=\"29f2d9e\" data-element_type=\"container\">\n\t\t\t\t\t<div class=\"e-con-inner\">\n\t\t\t\t<div class=\"elementor-element elementor-element-8b0a8fe elementor-hidden-desktop elementor-hidden-tablet elementor-hidden-mobile woolentor-columns-3 woolentor-columns-tablet-3 woolentor-columns-mobile-1 woolentor-badge-style-solid woolentor-badge-pos-top-left woolentor-card-hover-lift woolentor-image-hover-zoom elementor-widget elementor-widget-woolentor-product-grid-modern\" data-id=\"8b0a8fe\" data-element_type=\"widget\" data-widget_type=\"woolentor-product-grid-modern.default\">\n\t\t\t\t<div class=\"elementor-widget-container\">\n\t\t\t\t\t<div class=\"woolentor-product-grid woolentor-style-modern woolentor-layout-grid wl-filterable-products-wrap woolentor-hover-fade-up\" data-wl-widget-name=\"woolentor-product-grid-modern\" data-wl-widget-settings=\"{&quot;style&quot;:&quot;modern&quot;,&quot;layout&quot;:&quot;grid&quot;,&quot;query_type&quot;:&quot;manual&quot;,&quot;posts_per_page&quot;:24,&quot;orderby&quot;:&quot;date&quot;,&quot;order&quot;:&quot;DESC&quot;,&quot;categories&quot;:[],&quot;tags&quot;:[],&quot;exclude_out_of_stock&quot;:false,&quot;exclude_no_image&quot;:false,&quot;columns&quot;:&quot;3&quot;,&quot;columns_tablet&quot;:&quot;3&quot;,&quot;columns_mobile&quot;:&quot;1&quot;,&quot;gap&quot;:30,&quot;gap_tablet&quot;:25,&quot;gap_mobile&quot;:20,&quot;show_image&quot;:true,&quot;image_size&quot;:&quot;large&quot;,&quot;show_secondary_image&quot;:false,&quot;show_title&quot;:true,&quot;title_tag&quot;:&quot;h3&quot;,&quot;title_length&quot;:0,&quot;show_price&quot;:true,&quot;show_rating&quot;:false,&quot;show_categories&quot;:false,&quot;show_excerpt&quot;:false,&quot;excerpt_length&quot;:20,&quot;show_add_to_cart&quot;:false,&quot;show_badges&quot;:false,&quot;show_stock_status&quot;:false,&quot;show_quick_view&quot;:false,&quot;show_wishlist&quot;:false,&quot;show_compare&quot;:false,&quot;hover_animation&quot;:&quot;fade-up&quot;,&quot;image_hover_effect&quot;:&quot;zoom&quot;,&quot;enable_pagination&quot;:true,&quot;pagination_type&quot;:&quot;numbers&quot;,&quot;load_more_text&quot;:null,&quot;load_more_complete_text&quot;:null,&quot;custom_class&quot;:&quot;&quot;,&quot;enable_quick_cart&quot;:false,&quot;grid_id&quot;:&quot;woolentor-grid-69e382fa71d73&quot;,&quot;default_view_mode&quot;:&quot;grid&quot;,&quot;include_products&quot;:[&quot;652&quot;,&quot;805&quot;],&quot;exclude_products&quot;:&quot;&quot;,&quot;enable_filters&quot;:true,&quot;show_quick_actions&quot;:true,&quot;show_sale_badge&quot;:false,&quot;sale_badge_text&quot;:&quot;SALE&quot;,&quot;show_new_badge&quot;:false,&quot;new_badge_text&quot;:&quot;NEW&quot;,&quot;new_badge_days&quot;:7,&quot;show_trending_badge&quot;:false,&quot;trending_badge_text&quot;:&quot;HOT&quot;,&quot;badge_style&quot;:&quot;solid&quot;,&quot;badge_position&quot;:&quot;top-left&quot;,&quot;widget_name&quot;:&quot;woolentor-product-grid-modern&quot;,&quot;widget_id&quot;:&quot;8b0a8fe&quot;,&quot;show_grid_description&quot;:true,&quot;grid_description_length&quot;:20,&quot;show_list_description&quot;:false,&quot;list_description_length&quot;:20,&quot;show_product_features&quot;:false,&quot;show_quantity_selector&quot;:false}\"><div class=\"woolentor-products-wrapper wl-filterable-products-content \">        <div class=\"woolentor-no-products\">\n            <p>No products were found matching your selection.<\/p>\n        <\/div>\n        <\/div><\/div>\t\t\t\t<\/div>\n\t\t\t\t<\/div>\n\t\t\t\t\t<\/div>\n\t\t\t\t<\/div>\n\t\t<div class=\"elementor-element elementor-element-1f542e2 e-flex e-con-boxed e-con e-parent\" data-id=\"1f542e2\" data-element_type=\"container\">\n\t\t\t\t\t<div class=\"e-con-inner\">\n\t\t<div class=\"elementor-element elementor-element-5eba380 e-con-full e-flex e-con e-child\" data-id=\"5eba380\" data-element_type=\"container\">\n\t\t<div class=\"elementor-element elementor-element-f3e87a5 e-con-full e-flex e-con e-child\" data-id=\"f3e87a5\" data-element_type=\"container\">\n\t\t\t\t<div class=\"elementor-element elementor-element-d928db8 elementor-widget-divider--view-line elementor-widget elementor-widget-divider\" data-id=\"d928db8\" data-element_type=\"widget\" data-widget_type=\"divider.default\">\n\t\t\t\t\t\t\t<div class=\"elementor-divider\">\n\t\t\t<span class=\"elementor-divider-separator\">\n\t\t\t\t\t\t<\/span>\n\t\t<\/div>\n\t\t\t\t\t\t<\/div>\n\t\t\t\t<div class=\"elementor-element elementor-element-319fc7a elementor-widget elementor-widget-heading\" data-id=\"319fc7a\" data-element_type=\"widget\" data-widget_type=\"heading.default\">\n\t\t\t\t\t<h2 class=\"elementor-heading-title elementor-size-default\">TUTO SEKCI PR\u00c1V\u011a P\u0158IPRAVUJEME<\/h2>\t\t\t\t<\/div>\n\t\t\t\t<div class=\"elementor-element elementor-element-9ec2947 elementor-widget-divider--view-line elementor-widget elementor-widget-divider\" data-id=\"9ec2947\" data-element_type=\"widget\" data-widget_type=\"divider.default\">\n\t\t\t\t\t\t\t<div class=\"elementor-divider\">\n\t\t\t<span class=\"elementor-divider-separator\">\n\t\t\t\t\t\t<\/span>\n\t\t<\/div>\n\t\t\t\t\t\t<\/div>\n\t\t\t\t<\/div>\n\t\t\t\t<\/div>\n\t\t\t\t\t<\/div>\n\t\t\t\t<\/div>\n\t\t<div class=\"elementor-element elementor-element-d6af6de e-flex e-con-boxed e-con e-parent\" data-id=\"d6af6de\" data-element_type=\"container\">\n\t\t\t\t\t<div class=\"e-con-inner\">\n\t\t<div class=\"elementor-element elementor-element-7d1c6b5 e-con-full e-flex e-con e-child\" data-id=\"7d1c6b5\" data-element_type=\"container\">\n\t\t\t\t<div class=\"elementor-element elementor-element-9f5a92f elementor-widget elementor-widget-text-editor\" data-id=\"9f5a92f\" data-element_type=\"widget\" data-widget_type=\"text-editor.default\">\n\t\t\t\t\t\t\t\t\t<p data-path-to-node=\"4,0\"><b data-path-to-node=\"4,0\" data-index-in-node=\"0\">Sekci s n\u00e1bytkem pro v\u00e1s pr\u00e1v\u011b p\u0159ipravujeme.<\/b><br \/>Zakl\u00e1d\u00e1me si na poctiv\u00e9 ru\u010dn\u00ed pr\u00e1ci a masivn\u00edm d\u0159ev\u011b, proto ka\u017ed\u00fd kousek v na\u0161em katalogu vy\u017eaduje \u010das na precizn\u00ed zpracov\u00e1n\u00ed.<\/p><p data-path-to-node=\"4,1\"><b data-path-to-node=\"4,1\" data-index-in-node=\"0\">M\u00e1te specifickou p\u0159edstavu o n\u00e1bytku do interi\u00e9ru \u010di zahrady?<\/b><br \/>I kdy\u017e produkty v katalogu teprve p\u0159ib\u00fdvaj\u00ed, zak\u00e1zkovou v\u00fdrobu na m\u00edru realizujeme neust\u00e1le. Nev\u00e1hejte n\u00e1s kontaktovat s va\u0161\u00ed p\u0159edstavou \u2013 r\u00e1di pro v\u00e1s vyrob\u00edme cokoli od masivn\u00edch stol\u016f a\u017e po kompletn\u00ed vybaven\u00ed chaty.<\/p>\t\t\t\t\t\t\t\t<\/div>\n\t\t\t\t<div class=\"elementor-element elementor-element-1a56bb2 elementor-align-center elementor-widget elementor-widget-elementskit-button\" data-id=\"1a56bb2\" data-element_type=\"widget\" data-widget_type=\"elementskit-button.default\">\n\t\t\t\t\t<div class=\"ekit-wid-con\" >\t\t<div class=\"ekit-btn-wraper\">\n\t\t\t\t\t\t\t<a href=\"https:\/\/ekochatykarpaty.cz\/o-nas#kontakt\" class=\"elementskit-btn  whitespace--normal\" id=\"\">\n\t\t\t\t\tKontaktujte n\u00e1s!\t\t\t\t<\/a>\n\t\t\t\t\t<\/div>\n        <\/div>\t\t\t\t<\/div>\n\t\t\t\t<\/div>\n\t\t\t\t\t<\/div>\n\t\t\t\t<\/div>\n\t\t\t\t<\/div>\n\t\t","protected":false},"excerpt":{"rendered":"<p>N\u00e1bytek P\u0159\u00edrodn\u00ed materi\u00e1l v jeho nej\u010dist\u0161\u00ed podob\u011b. N\u00e1\u0161 n\u00e1bytek je v\u00edc ne\u017e jen vybaven\u00ed \u2013 je to poctiv\u00fd kus \u0159emesla zpracovan\u00fd s maxim\u00e1ln\u00edm detailem. Masivn\u00ed konstrukce a precizn\u00ed povrchov\u00e1 \u00faprava zaru\u010duj\u00ed, \u017ee se n\u00e1\u0161 n\u00e1bytek stane ozdobou va\u0161\u00ed terasy \u010di posezen\u00ed v ka\u017ed\u00e9m ro\u010dn\u00edm obdob\u00ed. Nejlevn\u011bj\u0161\u00ed Nejdra\u017e\u0161\u00ed Nejnov\u011bj\u0161\u00ed No products were found matching your selection. [&hellip;]<\/p>\n","protected":false},"author":1,"featured_media":0,"parent":0,"menu_order":0,"comment_status":"closed","ping_status":"closed","template":"","meta":{"footnotes":""},"class_list":["post-132","page","type-page","status-publish","hentry"],"_links":{"self":[{"href":"https:\/\/ekochatykarpaty.cz\/sk\/wp-json\/wp\/v2\/pages\/132","targetHints":{"allow":["GET"]}}],"collection":[{"href":"https:\/\/ekochatykarpaty.cz\/sk\/wp-json\/wp\/v2\/pages"}],"about":[{"href":"https:\/\/ekochatykarpaty.cz\/sk\/wp-json\/wp\/v2\/types\/page"}],"author":[{"embeddable":true,"href":"https:\/\/ekochatykarpaty.cz\/sk\/wp-json\/wp\/v2\/users\/1"}],"replies":[{"embeddable":true,"href":"https:\/\/ekochatykarpaty.cz\/sk\/wp-json\/wp\/v2\/comments?post=132"}],"version-history":[{"count":43,"href":"https:\/\/ekochatykarpaty.cz\/sk\/wp-json\/wp\/v2\/pages\/132\/revisions"}],"predecessor-version":[{"id":2661,"href":"https:\/\/ekochatykarpaty.cz\/sk\/wp-json\/wp\/v2\/pages\/132\/revisions\/2661"}],"wp:attachment":[{"href":"https:\/\/ekochatykarpaty.cz\/sk\/wp-json\/wp\/v2\/media?parent=132"}],"curies":[{"name":"wp","href":"https:\/\/api.w.org\/{rel}","templated":true}]}}