{"id":18,"date":"2026-01-06T19:53:54","date_gmt":"2026-01-06T19:53:54","guid":{"rendered":"https:\/\/ekochatykarpaty.cz\/?page_id=18"},"modified":"2026-03-09T21:12:04","modified_gmt":"2026-03-09T21:12:04","slug":"o-nas","status":"publish","type":"page","link":"https:\/\/ekochatykarpaty.cz\/sk\/o-nas\/","title":{"rendered":"O n\u00e1s"},"content":{"rendered":"\t\t<div data-elementor-type=\"wp-page\" data-elementor-id=\"18\" class=\"elementor elementor-18\">\n\t\t\t\t<div class=\"elementor-element elementor-element-6a30b71 e-con-full e-flex e-con e-parent\" data-id=\"6a30b71\" data-element_type=\"container\" data-settings=\"{&quot;background_background&quot;:&quot;classic&quot;}\">\n\t\t\t\t<div class=\"elementor-element elementor-element-4f3d1c1 elementor-widget-divider--view-line elementor-widget elementor-widget-divider\" data-id=\"4f3d1c1\" data-element_type=\"widget\" data-widget_type=\"divider.default\">\n\t\t\t\t\t\t\t<div class=\"elementor-divider\">\n\t\t\t<span class=\"elementor-divider-separator\">\n\t\t\t\t\t\t<\/span>\n\t\t<\/div>\n\t\t\t\t\t\t<\/div>\n\t\t<div class=\"elementor-element elementor-element-ceb6190 e-grid e-con-boxed e-con e-child\" data-id=\"ceb6190\" data-element_type=\"container\">\n\t\t\t\t\t<div class=\"e-con-inner\">\n\t\t<div class=\"elementor-element elementor-element-ae13085 e-con-full e-flex e-con e-child\" data-id=\"ae13085\" data-element_type=\"container\">\n\t\t\t\t<div class=\"elementor-element elementor-element-ad9dfd1 elementor-widget elementor-widget-heading\" data-id=\"ad9dfd1\" data-element_type=\"widget\" data-widget_type=\"heading.default\">\n\t\t\t\t\t<h2 class=\"elementor-heading-title elementor-size-default\">POCTIV\u00c1 \u010cESK\u00c1 FIRMA<\/h2>\t\t\t\t<\/div>\n\t\t\t\t<div class=\"elementor-element elementor-element-8726f95 elementor-widget elementor-widget-text-editor\" data-id=\"8726f95\" data-element_type=\"widget\" data-widget_type=\"text-editor.default\">\n\t\t\t\t\t\t\t\t\t<p>Jsme tesa\u0159sk\u00e1 firma se s\u00eddlem ve Str\u00e1n\u00ed, kter\u00e1 stav\u00ed na pevn\u00fdch z\u00e1kladech \u0159emesla a up\u0159\u00edmn\u00e9ho p\u0159\u00edstupu. Eko chaty Karpaty vznikly jako specializovan\u00fd projekt spole\u010dnosti B&amp;M Wood, d\u00edky kter\u00e9mu p\u0159in\u00e1\u0161\u00edme na va\u0161e zahrady kvalitn\u00ed a dostupn\u00e9 d\u0159ev\u011bn\u00e9 stavby navr\u017een\u00e9 pro pohodl\u00ed a odpo\u010dinek.<\/p>\t\t\t\t\t\t\t\t<\/div>\n\t\t\t\t<\/div>\n\t\t<div class=\"elementor-element elementor-element-48eb958 e-con-full e-flex e-con e-child\" data-id=\"48eb958\" data-element_type=\"container\">\n\t\t\t\t<div class=\"elementor-element elementor-element-2452002 elementor-widget elementor-widget-heading\" data-id=\"2452002\" data-element_type=\"widget\" data-widget_type=\"heading.default\">\n\t\t\t\t\t<h2 class=\"elementor-heading-title elementor-size-default\">ARCHITEKTURA PRO RELAXACI<\/h2>\t\t\t\t<\/div>\n\t\t\t\t<div class=\"elementor-element elementor-element-e48e885 elementor-widget elementor-widget-text-editor\" data-id=\"e48e885\" data-element_type=\"widget\" data-widget_type=\"text-editor.default\">\n\t\t\t\t\t\t\t\t\t<p>Na\u0161e stavby navrhujeme tak, aby se staly p\u0159irozenou sou\u010d\u00e1st\u00ed va\u0161\u00ed zahrady a m\u00edstem pro v\u00e1\u0161 zaslou\u017een\u00fd odpo\u010dinek. Propojujeme modern\u00ed vzhled s vysokou funk\u010dnost\u00ed, \u010d\u00edm\u017e z\u00edsk\u00e1te stylov\u00e9 z\u00e1zem\u00ed s trvalou estetickou hodnotou. Je to promy\u0161len\u00e1 investice do va\u0161eho osobn\u00edho pohodl\u00ed a kvalitn\u011bj\u0161\u00edho \u010dasu s rodinou.<\/p>\t\t\t\t\t\t\t\t<\/div>\n\t\t\t\t<\/div>\n\t\t<div class=\"elementor-element elementor-element-0b27b67 e-con-full e-flex e-con e-child\" data-id=\"0b27b67\" data-element_type=\"container\">\n\t\t\t\t<div class=\"elementor-element elementor-element-fe42e4d elementor-widget elementor-widget-heading\" data-id=\"fe42e4d\" data-element_type=\"widget\" data-widget_type=\"heading.default\">\n\t\t\t\t\t<h2 class=\"elementor-heading-title elementor-size-default\">SERVIS BEZ KOMPROMIS\u016e<\/h2>\t\t\t\t<\/div>\n\t\t\t\t<div class=\"elementor-element elementor-element-ceb9686 elementor-widget elementor-widget-text-editor\" data-id=\"ceb9686\" data-element_type=\"widget\" data-widget_type=\"text-editor.default\">\n\t\t\t\t\t\t\t\t\t<p>Postar\u00e1me se o v\u00e1s komplexn\u011b od v\u00fdb\u011bru a\u017e po fin\u00e1ln\u00ed profesion\u00e1ln\u00ed mont\u00e1\u017e p\u0159\u00edmo u v\u00e1s na pozemku. V\u0161echny na\u0161e produkty doru\u010dujeme bezpe\u010dn\u011b zabalen\u00e9 po cel\u00e9 \u010cR i SR, abychom zaru\u010dili jejich bezchybn\u00fd stav. Na\u0161\u00edm standardem je stavba na kl\u00ed\u010d, kterou v\u017edy kompletn\u011b a precizn\u011b sestav\u00ed n\u00e1\u0161 zku\u0161en\u00fd mont\u00e1\u017en\u00ed t\u00fdm p\u0159\u00edmo pro v\u00e1s.<\/p>\t\t\t\t\t\t\t\t<\/div>\n\t\t\t\t<\/div>\n\t\t\t\t\t<\/div>\n\t\t\t\t<\/div>\n\t\t\t\t<\/div>\n\t\t<div class=\"elementor-element elementor-element-f6bb477 e-con-full e-flex e-con e-parent\" data-id=\"f6bb477\" data-element_type=\"container\" data-settings=\"{&quot;background_background&quot;:&quot;classic&quot;}\">\n\t\t<div class=\"elementor-element elementor-element-cdff8e5 e-con-full elementor-hidden-tablet e-flex e-con e-child\" data-id=\"cdff8e5\" data-element_type=\"container\">\n\t\t\t\t<div class=\"elementor-element elementor-element-dd893c4 elementor-hidden-tablet elementor-hidden-mobile elementor-widget-divider--view-line elementor-widget elementor-widget-divider\" data-id=\"dd893c4\" data-element_type=\"widget\" data-widget_type=\"divider.default\">\n\t\t\t\t\t\t\t<div class=\"elementor-divider\">\n\t\t\t<span class=\"elementor-divider-separator\">\n\t\t\t\t\t\t<\/span>\n\t\t<\/div>\n\t\t\t\t\t\t<\/div>\n\t\t\t\t<\/div>\n\t\t<div class=\"elementor-element elementor-element-38d50d3 e-con-full e-flex e-con e-child\" data-id=\"38d50d3\" data-element_type=\"container\">\n\t\t\t\t<div class=\"elementor-element elementor-element-004603f elementor-widget elementor-widget-heading\" data-id=\"004603f\" data-element_type=\"widget\" data-widget_type=\"heading.default\">\n\t\t\t\t\t<h2 class=\"elementor-heading-title elementor-size-default\">Kontakt<\/h2>\t\t\t\t<\/div>\n\t\t\t\t<div class=\"elementor-element elementor-element-3fc15b8 elementor-widget elementor-widget-text-editor\" data-id=\"3fc15b8\" data-element_type=\"widget\" data-widget_type=\"text-editor.default\">\n\t\t\t\t\t\t\t\t\t<p>B &amp; M WOOD s.r.o.<\/p>\t\t\t\t\t\t\t\t<\/div>\n\t\t\t\t<div class=\"elementor-element elementor-element-d449010 elementor-widget elementor-widget-text-editor\" data-id=\"d449010\" data-element_type=\"widget\" data-widget_type=\"text-editor.default\">\n\t\t\t\t\t\t\t\t\t<p>Faktura\u010dn\u00ed adresa<strong>:<\/strong><\/p><p>U hlavn\u00ed 305,<\/p><p>687 65 Str\u00e1n\u00ed<\/p><p>I\u010cO<b data-path-to-node=\"1\" data-index-in-node=\"81\">:<\/b> 05390940<\/p>\t\t\t\t\t\t\t\t<\/div>\n\t\t\t\t<div class=\"elementor-element elementor-element-6e3999a elementor-widget elementor-widget-text-editor\" data-id=\"6e3999a\" data-element_type=\"widget\" data-widget_type=\"text-editor.default\">\n\t\t\t\t\t\t\t\t\t<p><a href=\"mailto:info@ekochatykarpaty.cz\">info@ekochatykarpaty.cz<\/a><\/p><p><a href=\"tel:+420739158973\">+420 739 158 973<\/a><\/p>\t\t\t\t\t\t\t\t<\/div>\n\t\t\t\t<\/div>\n\t\t<div class=\"elementor-element elementor-element-e9787d0 e-con-full e-flex e-con e-child\" data-id=\"e9787d0\" data-element_type=\"container\" data-settings=\"{&quot;background_background&quot;:&quot;slideshow&quot;,&quot;background_slideshow_gallery&quot;:[{&quot;id&quot;:&quot;2338&quot;,&quot;url&quot;:&quot;https:\\\/\\\/ekochatykarpaty.cz\\\/wp-content\\\/uploads\\\/2026\\\/02\\\/Ackova-chata-Hrabina.-Photo-1.jpg&quot;},{&quot;id&quot;:&quot;2339&quot;,&quot;url&quot;:&quot;https:\\\/\\\/ekochatykarpaty.cz\\\/wp-content\\\/uploads\\\/2026\\\/02\\\/Agoti-5x3-dazytas_2-Photo-1.jpg&quot;},{&quot;id&quot;:&quot;2340&quot;,&quot;url&quot;:&quot;https:\\\/\\\/ekochatykarpaty.cz\\\/wp-content\\\/uploads\\\/2026\\\/02\\\/Anna-7x10-S14819-2-1-3.jpg&quot;},{&quot;id&quot;:&quot;2341&quot;,&quot;url&quot;:&quot;https:\\\/\\\/ekochatykarpaty.cz\\\/wp-content\\\/uploads\\\/2026\\\/02\\\/Jasenka.-59x875-2-2.jpg&quot;},{&quot;id&quot;:&quot;2342&quot;,&quot;url&quot;:&quot;https:\\\/\\\/ekochatykarpaty.cz\\\/wp-content\\\/uploads\\\/2026\\\/02\\\/Jasna-III-792x1184-1-2.jpg&quot;},{&quot;id&quot;:&quot;2343&quot;,&quot;url&quot;:&quot;https:\\\/\\\/ekochatykarpaty.cz\\\/wp-content\\\/uploads\\\/2026\\\/02\\\/Kykula.-88x14.-2-Photo-1.jpg&quot;},{&quot;id&quot;:&quot;2344&quot;,&quot;url&quot;:&quot;https:\\\/\\\/ekochatykarpaty.cz\\\/wp-content\\\/uploads\\\/2026\\\/02\\\/Lesna-A-6x6-68mm-8-1.jpg&quot;},{&quot;id&quot;:&quot;2345&quot;,&quot;url&quot;:&quot;https:\\\/\\\/ekochatykarpaty.cz\\\/wp-content\\\/uploads\\\/2026\\\/02\\\/Libor-4x5-3-2.jpg&quot;},{&quot;id&quot;:&quot;2346&quot;,&quot;url&quot;:&quot;https:\\\/\\\/ekochatykarpaty.cz\\\/wp-content\\\/uploads\\\/2026\\\/02\\\/Morava-92x132-4-3.jpg&quot;},{&quot;id&quot;:&quot;2347&quot;,&quot;url&quot;:&quot;https:\\\/\\\/ekochatykarpaty.cz\\\/wp-content\\\/uploads\\\/2026\\\/02\\\/Myjava-705x8-5-2.jpg&quot;},{&quot;id&quot;:&quot;2348&quot;,&quot;url&quot;:&quot;https:\\\/\\\/ekochatykarpaty.cz\\\/wp-content\\\/uploads\\\/2026\\\/02\\\/Oskar-6-1.jpg&quot;},{&quot;id&quot;:&quot;2349&quot;,&quot;url&quot;:&quot;https:\\\/\\\/ekochatykarpaty.cz\\\/wp-content\\\/uploads\\\/2026\\\/02\\\/Pavesine-Nr-2-1.jpg&quot;},{&quot;id&quot;:&quot;2350&quot;,&quot;url&quot;:&quot;https:\\\/\\\/ekochatykarpaty.cz\\\/wp-content\\\/uploads\\\/2026\\\/02\\\/Pavesine-Nr-5-1.jpg&quot;},{&quot;id&quot;:&quot;2351&quot;,&quot;url&quot;:&quot;https:\\\/\\\/ekochatykarpaty.cz\\\/wp-content\\\/uploads\\\/2026\\\/02\\\/Pergola-Magda.-3-1.jpg&quot;},{&quot;id&quot;:&quot;2352&quot;,&quot;url&quot;:&quot;https:\\\/\\\/ekochatykarpaty.cz\\\/wp-content\\\/uploads\\\/2026\\\/02\\\/Poloma.-5x10.-Photo-2.jpg&quot;},{&quot;id&quot;:&quot;2353&quot;,&quot;url&quot;:&quot;https:\\\/\\\/ekochatykarpaty.cz\\\/wp-content\\\/uploads\\\/2026\\\/02\\\/Sauna-Dasa.-_2-Photo-1.jpg&quot;},{&quot;id&quot;:&quot;2354&quot;,&quot;url&quot;:&quot;https:\\\/\\\/ekochatykarpaty.cz\\\/wp-content\\\/uploads\\\/2026\\\/02\\\/Sauna-Petr-_6-Photo-1.jpg&quot;},{&quot;id&quot;:&quot;2355&quot;,&quot;url&quot;:&quot;https:\\\/\\\/ekochatykarpaty.cz\\\/wp-content\\\/uploads\\\/2026\\\/02\\\/Suca-94x107-2-1.jpg&quot;},{&quot;id&quot;:&quot;2356&quot;,&quot;url&quot;:&quot;https:\\\/\\\/ekochatykarpaty.cz\\\/wp-content\\\/uploads\\\/2026\\\/02\\\/Veronica-5x6-1-1.jpg&quot;},{&quot;id&quot;:&quot;2357&quot;,&quot;url&quot;:&quot;https:\\\/\\\/ekochatykarpaty.cz\\\/wp-content\\\/uploads\\\/2026\\\/02\\\/Wellness-sud-s-ohrivacem-3-1.png&quot;}],&quot;background_slideshow_slide_duration&quot;:&quot;3500&quot;,&quot;background_slideshow_loop&quot;:&quot;yes&quot;,&quot;background_slideshow_slide_transition&quot;:&quot;fade&quot;,&quot;background_slideshow_transition_duration&quot;:500}\">\n\t\t\t\t<\/div>\n\t\t\t\t<\/div>\n\t\t<div class=\"elementor-element elementor-element-ff5258c e-flex e-con-boxed e-con e-parent\" data-id=\"ff5258c\" data-element_type=\"container\" data-settings=\"{&quot;background_background&quot;:&quot;classic&quot;}\">\n\t\t\t\t\t<div class=\"e-con-inner\">\n\t\t\t\t<div class=\"elementor-element elementor-element-1ab5a60 elementor-widget-divider--view-line elementor-widget elementor-widget-divider\" data-id=\"1ab5a60\" data-element_type=\"widget\" data-widget_type=\"divider.default\">\n\t\t\t\t\t\t\t<div class=\"elementor-divider\">\n\t\t\t<span class=\"elementor-divider-separator\">\n\t\t\t\t\t\t<\/span>\n\t\t<\/div>\n\t\t\t\t\t\t<\/div>\n\t\t\t\t<div class=\"elementor-element elementor-element-6335096 elementor-widget elementor-widget-heading\" data-id=\"6335096\" data-element_type=\"widget\" data-widget_type=\"heading.default\">\n\t\t\t\t\t<h2 class=\"elementor-heading-title elementor-size-default\">KDE N\u00c1S M\u016e\u017dETE NAJ\u00cdT?<\/h2>\t\t\t\t<\/div>\n\t\t\t\t<div class=\"elementor-element elementor-element-66cc967 elementor-widget-divider--view-line elementor-widget elementor-widget-divider\" data-id=\"66cc967\" data-element_type=\"widget\" data-widget_type=\"divider.default\">\n\t\t\t\t\t\t\t<div class=\"elementor-divider\">\n\t\t\t<span class=\"elementor-divider-separator\">\n\t\t\t\t\t\t<\/span>\n\t\t<\/div>\n\t\t\t\t\t\t<\/div>\n\t\t\t\t<div class=\"elementor-element elementor-element-7bf7e48 elementor-widget elementor-widget-google_maps\" data-id=\"7bf7e48\" data-element_type=\"widget\" data-widget_type=\"google_maps.default\">\n\t\t\t\t\t\t\t<div class=\"elementor-custom-embed\">\n\t\t\t<iframe loading=\"lazy\"\n\t\t\t\t\tsrc=\"https:\/\/maps.google.com\/maps?q=B%20%26amp%3B%20M%20WOOD%20s.r.o.%20Hlavn%C3%AD%20305%2C%20687%2065%20Str%C3%A1n%C3%AD&#038;t=m&#038;z=13&#038;output=embed&#038;iwloc=near\"\n\t\t\t\t\ttitle=\"B &amp; M WOOD s.r.o. Hlavn\u00ed 305, 687 65 Str\u00e1n\u00ed\"\n\t\t\t\t\taria-label=\"B &amp; M WOOD s.r.o. Hlavn\u00ed 305, 687 65 Str\u00e1n\u00ed\"\n\t\t\t><\/iframe>\n\t\t<\/div>\n\t\t\t\t\t\t<\/div>\n\t\t\t\t\t<\/div>\n\t\t\t\t<\/div>\n\t\t<div class=\"elementor-element elementor-element-316f76e e-flex e-con-boxed e-con e-parent\" data-id=\"316f76e\" data-element_type=\"container\" data-settings=\"{&quot;background_background&quot;:&quot;classic&quot;}\">\n\t\t\t\t\t<div class=\"e-con-inner\">\n\t\t\t\t<div class=\"elementor-element elementor-element-20b1668 elementor-widget-divider--view-line elementor-widget elementor-widget-divider\" data-id=\"20b1668\" data-element_type=\"widget\" data-widget_type=\"divider.default\">\n\t\t\t\t\t\t\t<div class=\"elementor-divider\">\n\t\t\t<span class=\"elementor-divider-separator\">\n\t\t\t\t\t\t<\/span>\n\t\t<\/div>\n\t\t\t\t\t\t<\/div>\n\t\t\t\t<div class=\"elementor-element elementor-element-502714f elementor-widget elementor-widget-heading\" data-id=\"502714f\" data-element_type=\"widget\" data-widget_type=\"heading.default\">\n\t\t\t\t\t<h2 class=\"elementor-heading-title elementor-size-default\">V\u00c1\u0160 DOTAZ, NA\u0160E ODPOV\u011a\u010e<\/h2>\t\t\t\t<\/div>\n\t\t\t\t<div class=\"elementor-element elementor-element-450f1cb elementor-widget-divider--view-line elementor-widget elementor-widget-divider\" data-id=\"450f1cb\" data-element_type=\"widget\" data-widget_type=\"divider.default\">\n\t\t\t\t\t\t\t<div class=\"elementor-divider\">\n\t\t\t<span class=\"elementor-divider-separator\">\n\t\t\t\t\t\t<\/span>\n\t\t<\/div>\n\t\t\t\t\t\t<\/div>\n\t\t\t\t\t<\/div>\n\t\t\t\t<\/div>\n\t\t<div class=\"elementor-element elementor-element-e87110c e-flex e-con-boxed e-con e-parent\" data-id=\"e87110c\" data-element_type=\"container\" id=\"kontakt\" data-settings=\"{&quot;background_background&quot;:&quot;classic&quot;}\">\n\t\t\t\t\t<div class=\"e-con-inner\">\n\t\t\t\t<div class=\"elementor-element elementor-element-48bcf03 elementor-widget elementor-widget-shortcode\" data-id=\"48bcf03\" data-element_type=\"widget\" data-widget_type=\"shortcode.default\">\n\t\t\t\t\t\t\t<div class=\"elementor-shortcode\"><div class=\"forminator-ui forminator-custom-form forminator-custom-form-1574 forminator-design--default  forminator_ajax\" data-forminator-render=\"0\" data-form=\"forminator-module-1574\" data-uid=\"69e382f7069f9\"><br\/><\/div><form\n\t\t\t\tid=\"forminator-module-1574\"\n\t\t\t\tclass=\"forminator-ui forminator-custom-form forminator-custom-form-1574 forminator-design--default  forminator_ajax\"\n\t\t\t\tmethod=\"post\"\n\t\t\t\tdata-forminator-render=\"0\"\n\t\t\t\tdata-form-id=\"1574\"\n\t\t\t\t data-color-option=\"theme\" data-design=\"default\" data-grid=\"open\" style=\"display: none;\"\n\t\t\t\tdata-uid=\"69e382f7069f9\"\n\t\t\t><div role=\"alert\" aria-live=\"polite\" class=\"forminator-response-message forminator-error\" aria-hidden=\"true\"><\/div><div class=\"forminator-row\"><div id=\"name-1\" class=\"forminator-field-name forminator-col forminator-col-12 \"><div class=\"forminator-row forminator-no-margin\" data-multiple=\"true\"><div class=\"forminator-col forminator-col-md-6\"><div class=\"forminator-field\"><label for=\"forminator-field-first-name-1_69e382f7069f9\" id=\"forminator-field-first-name-1_69e382f7069f9-label\" class=\"forminator-label\">Jm\u00e9no <span class=\"forminator-required\">*<\/span><\/label><input type=\"text\" name=\"name-1-first-name\" placeholder=\"\" id=\"forminator-field-first-name-1_69e382f7069f9\" class=\"forminator-input\" aria-required=\"true\" data-multi=\"1\" autocomplete=\"given-name\" value=\"\" \/><\/div><\/div><div class=\"forminator-col forminator-col-md-6\"><div class=\"forminator-field\"><label for=\"forminator-field-last-name-1_69e382f7069f9\" id=\"forminator-field-last-name-1_69e382f7069f9-label\" class=\"forminator-label\">P\u0159\u00edjmen\u00ed <span class=\"forminator-required\">*<\/span><\/label><input type=\"text\" name=\"name-1-last-name\" placeholder=\"\" id=\"forminator-field-last-name-1_69e382f7069f9\" class=\"forminator-input\" aria-required=\"true\" data-multi=\"1\" autocomplete=\"family-name\" value=\"\" \/><\/div><\/div><\/div><\/div><\/div><div class=\"forminator-row\"><div id=\"email-1\" class=\"forminator-field-email forminator-col forminator-col-12 \"><div class=\"forminator-field\"><label for=\"forminator-field-email-1_69e382f7069f9\" id=\"forminator-field-email-1_69e382f7069f9-label\" class=\"forminator-label\">Emailov\u00e1 adresa <span class=\"forminator-required\">*<\/span><\/label><input type=\"email\" name=\"email-1\" value=\"\" placeholder=\"\" id=\"forminator-field-email-1_69e382f7069f9\" class=\"forminator-input forminator-email--field\" data-required=\"true\" aria-required=\"true\" autocomplete=\"email\" \/><\/div><\/div><\/div><div class=\"forminator-row\"><div id=\"phone-1\" class=\"forminator-field-phone forminator-col forminator-col-12 \"><div class=\"forminator-field\"><label for=\"forminator-field-phone-1_69e382f7069f9\" id=\"forminator-field-phone-1_69e382f7069f9-label\" class=\"forminator-label\">Telefonn\u00ed \u010d\u00edslo<\/label><input type=\"text\" name=\"phone-1\" value=\"\" placeholder=\"\" id=\"forminator-field-phone-1_69e382f7069f9\" class=\"forminator-input forminator-field--phone\" data-required=\"\" aria-required=\"false\" autocomplete=\"off\" \/><\/div><\/div><\/div><div class=\"forminator-row\"><div id=\"textarea-1\" class=\"forminator-field-textarea forminator-col forminator-col-12 \"><div class=\"forminator-field\"><label for=\"forminator-field-textarea-1_69e382f7069f9\" id=\"forminator-field-textarea-1_69e382f7069f9-label\" class=\"forminator-label\">V\u00e1\u0161 dotaz <span class=\"forminator-required\">*<\/span><\/label><span id=\"forminator-field-textarea-1_69e382f7069f9-description\" class=\"forminator-description\"><span data-limit=\"500\" data-type=\"characters\" data-editor=\"\">0 \/ 500<\/span><\/span><textarea name=\"textarea-1\" placeholder=\"\" id=\"forminator-field-textarea-1_69e382f7069f9\" class=\"forminator-textarea\" rows=\"6\" style=\"min-height:100px;\" maxlength=\"500\" ><\/textarea><\/div><\/div><\/div><input type=\"hidden\" name=\"referer_url\" value=\"\" \/><div class=\"forminator-row forminator-row-last\"><div class=\"forminator-col\"><div class=\"forminator-field\"><button class=\"forminator-button forminator-button-submit\">Odeslat<\/button><\/div><\/div><\/div><input type=\"hidden\" id=\"forminator_nonce\" name=\"forminator_nonce\" value=\"47dce4bad6\" \/><input type=\"hidden\" name=\"_wp_http_referer\" value=\"\/sk\/wp-json\/wp\/v2\/pages\/18\" \/><input type=\"hidden\" name=\"form_id\" value=\"1574\"><input type=\"hidden\" name=\"page_id\" value=\"18\"><input type=\"hidden\" name=\"form_type\" value=\"default\"><input type=\"hidden\" name=\"current_url\" value=\"https:\/\/ekochatykarpaty.cz\/sk\/o-nas\/\"><input type=\"hidden\" name=\"render_id\" value=\"0\"><input type=\"hidden\" name=\"action\" value=\"forminator_submit_form_custom-forms\"><\/form><\/div>\n\t\t\t\t\t\t<\/div>\n\t\t\t\t\t<\/div>\n\t\t\t\t<\/div>\n\t\t\t\t<\/div>\n\t\t","protected":false},"excerpt":{"rendered":"<p>POCTIV\u00c1 \u010cESK\u00c1 FIRMA Jsme tesa\u0159sk\u00e1 firma se s\u00eddlem ve Str\u00e1n\u00ed, kter\u00e1 stav\u00ed na pevn\u00fdch z\u00e1kladech \u0159emesla a up\u0159\u00edmn\u00e9ho p\u0159\u00edstupu. Eko chaty Karpaty vznikly jako specializovan\u00fd projekt spole\u010dnosti B&amp;M Wood, d\u00edky kter\u00e9mu p\u0159in\u00e1\u0161\u00edme na va\u0161e zahrady kvalitn\u00ed a dostupn\u00e9 d\u0159ev\u011bn\u00e9 stavby navr\u017een\u00e9 pro pohodl\u00ed a odpo\u010dinek. ARCHITEKTURA PRO RELAXACI Na\u0161e stavby navrhujeme tak, aby se staly [&hellip;]<\/p>\n","protected":false},"author":1,"featured_media":0,"parent":0,"menu_order":0,"comment_status":"closed","ping_status":"closed","template":"","meta":{"footnotes":""},"class_list":["post-18","page","type-page","status-publish","hentry"],"_links":{"self":[{"href":"https:\/\/ekochatykarpaty.cz\/sk\/wp-json\/wp\/v2\/pages\/18","targetHints":{"allow":["GET"]}}],"collection":[{"href":"https:\/\/ekochatykarpaty.cz\/sk\/wp-json\/wp\/v2\/pages"}],"about":[{"href":"https:\/\/ekochatykarpaty.cz\/sk\/wp-json\/wp\/v2\/types\/page"}],"author":[{"embeddable":true,"href":"https:\/\/ekochatykarpaty.cz\/sk\/wp-json\/wp\/v2\/users\/1"}],"replies":[{"embeddable":true,"href":"https:\/\/ekochatykarpaty.cz\/sk\/wp-json\/wp\/v2\/comments?post=18"}],"version-history":[{"count":226,"href":"https:\/\/ekochatykarpaty.cz\/sk\/wp-json\/wp\/v2\/pages\/18\/revisions"}],"predecessor-version":[{"id":2711,"href":"https:\/\/ekochatykarpaty.cz\/sk\/wp-json\/wp\/v2\/pages\/18\/revisions\/2711"}],"wp:attachment":[{"href":"https:\/\/ekochatykarpaty.cz\/sk\/wp-json\/wp\/v2\/media?parent=18"}],"curies":[{"name":"wp","href":"https:\/\/api.w.org\/{rel}","templated":true}]}}