{"id":1663,"date":"2026-02-07T11:51:37","date_gmt":"2026-02-07T11:51:37","guid":{"rendered":"https:\/\/ekochatykarpaty.cz\/?post_type=product&#038;p=1663"},"modified":"2026-02-22T22:53:30","modified_gmt":"2026-02-22T22:53:30","slug":"alice","status":"publish","type":"product","link":"https:\/\/ekochatykarpaty.cz\/sk\/produkt\/alice\/","title":{"rendered":"Alice"},"content":{"rendered":"<p>Kompaktn\u00e9 rie\u0161enie pre va\u0161u z\u00e1hradu, ktor\u00e9 v sebe sp\u00e1ja \u00fatulnos\u0165 a praktickos\u0165. Model Alice je ide\u00e1lnou vo\u013ebou pre t\u00fdch, ktor\u00ed h\u013eadaj\u00fa miesto na v\u00edkendov\u00fd odpo\u010dinok alebo \u0161t\u00fdlov\u00e9 z\u00e1zemie na pozemku.<\/p>\n<p>V\u010faka presklen\u00fdm dver\u00e1m a dvom okn\u00e1m p\u00f4sob\u00ed interi\u00e9r vzdu\u0161ne a pon\u00faka dostatok prirodzen\u00e9ho svetla.<\/p>\n<p>Prec\u00edzna kon\u0161trukcia z hust\u00e9ho vysokohorsk\u00e9ho dreva s hr\u00fabkou steny 28 mm zaru\u010duje v\u00fdborn\u00fa stabilitu a \u017eivotnos\u0165, zatia\u013e \u010do zastavan\u00e1 plocha 12 m\u00b2 umo\u017e\u0148uje jednoduch\u00e9 umiestnenie aj do men\u0161\u00edch z\u00e1hrad bez nutnosti zlo\u017eit\u00fdch stavebn\u00fdch \u00faprav.<\/p>","protected":false},"excerpt":{"rendered":"<p>\ud83d\udccf 12m\u00b2 | \ud83e\uddf1 28mm | \ud83d\udcd0 4000&#215;3000 mm<\/p>","protected":false},"featured_media":1665,"comment_status":"open","ping_status":"closed","template":"","meta":[],"product_brand":[],"product_cat":[22],"product_tag":[],"class_list":{"0":"post-1663","1":"product","2":"type-product","3":"status-publish","4":"has-post-thumbnail","6":"product_cat-rekreacni_chaty","8":"first","9":"instock","10":"shipping-taxable","11":"purchasable","12":"product-type-simple"},"_links":{"self":[{"href":"https:\/\/ekochatykarpaty.cz\/sk\/wp-json\/wp\/v2\/product\/1663","targetHints":{"allow":["GET"]}}],"collection":[{"href":"https:\/\/ekochatykarpaty.cz\/sk\/wp-json\/wp\/v2\/product"}],"about":[{"href":"https:\/\/ekochatykarpaty.cz\/sk\/wp-json\/wp\/v2\/types\/product"}],"replies":[{"embeddable":true,"href":"https:\/\/ekochatykarpaty.cz\/sk\/wp-json\/wp\/v2\/comments?post=1663"}],"wp:featuredmedia":[{"embeddable":true,"href":"https:\/\/ekochatykarpaty.cz\/sk\/wp-json\/wp\/v2\/media\/1665"}],"wp:attachment":[{"href":"https:\/\/ekochatykarpaty.cz\/sk\/wp-json\/wp\/v2\/media?parent=1663"}],"wp:term":[{"taxonomy":"product_brand","embeddable":true,"href":"https:\/\/ekochatykarpaty.cz\/sk\/wp-json\/wp\/v2\/product_brand?post=1663"},{"taxonomy":"product_cat","embeddable":true,"href":"https:\/\/ekochatykarpaty.cz\/sk\/wp-json\/wp\/v2\/product_cat?post=1663"},{"taxonomy":"product_tag","embeddable":true,"href":"https:\/\/ekochatykarpaty.cz\/sk\/wp-json\/wp\/v2\/product_tag?post=1663"}],"curies":[{"name":"wp","href":"https:\/\/api.w.org\/{rel}","templated":true}]}}