{"id":1687,"date":"2026-02-07T12:44:33","date_gmt":"2026-02-07T12:44:33","guid":{"rendered":"https:\/\/ekochatykarpaty.cz\/?post_type=product&#038;p=1687"},"modified":"2026-02-22T22:50:14","modified_gmt":"2026-02-22T22:50:14","slug":"erik","status":"publish","type":"product","link":"https:\/\/ekochatykarpaty.cz\/sk\/produkt\/erik\/","title":{"rendered":"Erik"},"content":{"rendered":"<p>Model Erik je stelesnen\u00edm komfortu pre milovn\u00edkov vonkaj\u0161ieho \u017eivota. V\u010faka unik\u00e1tnemu pretiahnut\u00e9mu p\u00f4dorysu pon\u00faka t\u00e1to chatka nielen \u00fatuln\u00fd vn\u00fatorn\u00fd priestor, ale predov\u0161etk\u00fdm nad\u0161tandardn\u00fa zastavan\u00fa plochu, ktor\u00e1 je ako stvoren\u00e1 na vybudovanie priestrannej krytej terasy alebo relaxa\u010dnej z\u00f3ny.<\/p>\n<p>Mas\u00edvny r\u00faben\u00fd hranol z vysokohorsk\u00e9ho dreva s hr\u00fabkou 28 mm zais\u0165uje perfektn\u00fa stabilitu cel\u00e9ho objektu. Dominantn\u00e9 dvojkr\u00eddlov\u00e9 dvere s izola\u010dn\u00fdm dvojsklom prepojuj\u00fa interi\u00e9r s exteri\u00e9rom a dod\u00e1vaj\u00fa chate modern\u00fd, vzdu\u0161n\u00fd vzh\u013ead.<\/p>\n<p>Erik je ide\u00e1lnou vo\u013ebou pre t\u00fdch, ktor\u00ed chc\u00fa tr\u00e1vi\u0165 maximum \u010dasu na \u010derstvom vzduchu bez toho, aby po\u013eavili z n\u00e1rokov na kvalitu a poctiv\u00e9 tes\u00e1rske spracovanie.<\/p>","protected":false},"excerpt":{"rendered":"<p>\ud83d\udccf 24,3 m\u00b2 | \ud83e\uddf1 28 mm | \ud83d\udcd0 3300 x 7360 mm<\/p>","protected":false},"featured_media":1693,"comment_status":"open","ping_status":"closed","template":"","meta":[],"product_brand":[],"product_cat":[22],"product_tag":[],"class_list":{"0":"post-1687","1":"product","2":"type-product","3":"status-publish","4":"has-post-thumbnail","6":"product_cat-rekreacni_chaty","8":"first","9":"instock","10":"shipping-taxable","11":"purchasable","12":"product-type-simple"},"_links":{"self":[{"href":"https:\/\/ekochatykarpaty.cz\/sk\/wp-json\/wp\/v2\/product\/1687","targetHints":{"allow":["GET"]}}],"collection":[{"href":"https:\/\/ekochatykarpaty.cz\/sk\/wp-json\/wp\/v2\/product"}],"about":[{"href":"https:\/\/ekochatykarpaty.cz\/sk\/wp-json\/wp\/v2\/types\/product"}],"replies":[{"embeddable":true,"href":"https:\/\/ekochatykarpaty.cz\/sk\/wp-json\/wp\/v2\/comments?post=1687"}],"wp:featuredmedia":[{"embeddable":true,"href":"https:\/\/ekochatykarpaty.cz\/sk\/wp-json\/wp\/v2\/media\/1693"}],"wp:attachment":[{"href":"https:\/\/ekochatykarpaty.cz\/sk\/wp-json\/wp\/v2\/media?parent=1687"}],"wp:term":[{"taxonomy":"product_brand","embeddable":true,"href":"https:\/\/ekochatykarpaty.cz\/sk\/wp-json\/wp\/v2\/product_brand?post=1687"},{"taxonomy":"product_cat","embeddable":true,"href":"https:\/\/ekochatykarpaty.cz\/sk\/wp-json\/wp\/v2\/product_cat?post=1687"},{"taxonomy":"product_tag","embeddable":true,"href":"https:\/\/ekochatykarpaty.cz\/sk\/wp-json\/wp\/v2\/product_tag?post=1687"}],"curies":[{"name":"wp","href":"https:\/\/api.w.org\/{rel}","templated":true}]}}