{"id":1703,"date":"2026-02-07T13:39:02","date_gmt":"2026-02-07T13:39:02","guid":{"rendered":"https:\/\/ekochatykarpaty.cz\/?post_type=product&#038;p=1703"},"modified":"2026-02-22T22:49:12","modified_gmt":"2026-02-22T22:49:12","slug":"eva-kompakt","status":"publish","type":"product","link":"https:\/\/ekochatykarpaty.cz\/sk\/produkt\/eva-kompakt\/","title":{"rendered":"Eva (Kompakt)"},"content":{"rendered":"<p>Z\u00e1hradn\u00e1 chatka Eva v sebe sp\u00e1ja eleganciu a mimoriadnu odolnos\u0165. S hr\u00fabkou steny 44 mm sa rad\u00ed medzi pr\u00e9miov\u00e9 modely, ktor\u00e9 pon\u00fakaj\u00fa vynikaj\u00facu stabilitu a prirodzen\u00fa tepeln\u00fa izol\u00e1ciu pre celoro\u010dn\u00e9 vyu\u017eitie ako hobby miestnos\u0165 alebo diel\u0148a.<\/p>\n<p>Dominantou chaty s\u00fa extra vysok\u00e9 a \u0161irok\u00e9 presklen\u00e9 dvere, ktor\u00e9 do interi\u00e9ru vn\u00e1\u0161aj\u00fa maximum denn\u00e9ho svetla a dod\u00e1vaj\u00fa stavbe modern\u00fd n\u00e1dych.<\/p>\n<p>Kompaktn\u00fd rozmer je ide\u00e1lny pre men\u0161ie z\u00e1hrady, kde Eva posl\u00fa\u017ei ako luxusn\u00e9 \u00fato\u010disko na relax\u00e1ciu alebo \u0161t\u00fdlov\u00e9 z\u00e1zemie s v\u00f4\u0148ou poctiv\u00e9ho vysokohorsk\u00e9ho dreva.<\/p>","protected":false},"excerpt":{"rendered":"<p>\ud83d\udccf 8,5 m\u00b2 | \ud83e\uddf1 44 mm | \ud83d\udcd0 2500 x 3400 mm<\/p>","protected":false},"featured_media":1715,"comment_status":"open","ping_status":"closed","template":"","meta":[],"product_brand":[],"product_cat":[22],"product_tag":[],"class_list":{"0":"post-1703","1":"product","2":"type-product","3":"status-publish","4":"has-post-thumbnail","6":"product_cat-rekreacni_chaty","8":"first","9":"instock","10":"shipping-taxable","11":"purchasable","12":"product-type-simple"},"_links":{"self":[{"href":"https:\/\/ekochatykarpaty.cz\/sk\/wp-json\/wp\/v2\/product\/1703","targetHints":{"allow":["GET"]}}],"collection":[{"href":"https:\/\/ekochatykarpaty.cz\/sk\/wp-json\/wp\/v2\/product"}],"about":[{"href":"https:\/\/ekochatykarpaty.cz\/sk\/wp-json\/wp\/v2\/types\/product"}],"replies":[{"embeddable":true,"href":"https:\/\/ekochatykarpaty.cz\/sk\/wp-json\/wp\/v2\/comments?post=1703"}],"wp:featuredmedia":[{"embeddable":true,"href":"https:\/\/ekochatykarpaty.cz\/sk\/wp-json\/wp\/v2\/media\/1715"}],"wp:attachment":[{"href":"https:\/\/ekochatykarpaty.cz\/sk\/wp-json\/wp\/v2\/media?parent=1703"}],"wp:term":[{"taxonomy":"product_brand","embeddable":true,"href":"https:\/\/ekochatykarpaty.cz\/sk\/wp-json\/wp\/v2\/product_brand?post=1703"},{"taxonomy":"product_cat","embeddable":true,"href":"https:\/\/ekochatykarpaty.cz\/sk\/wp-json\/wp\/v2\/product_cat?post=1703"},{"taxonomy":"product_tag","embeddable":true,"href":"https:\/\/ekochatykarpaty.cz\/sk\/wp-json\/wp\/v2\/product_tag?post=1703"}],"curies":[{"name":"wp","href":"https:\/\/api.w.org\/{rel}","templated":true}]}}