{"id":1716,"date":"2026-02-07T16:45:09","date_gmt":"2026-02-07T16:45:09","guid":{"rendered":"https:\/\/ekochatykarpaty.cz\/?post_type=product&#038;p=1716"},"modified":"2026-02-22T22:48:32","modified_gmt":"2026-02-22T22:48:32","slug":"eva-standard","status":"publish","type":"product","link":"https:\/\/ekochatykarpaty.cz\/sk\/produkt\/eva-standard\/","title":{"rendered":"Eva (Standard)"},"content":{"rendered":"<p>V\u00e4\u010d\u0161\u00ed variant ob\u013e\u00faben\u00e9ho modelu Eva pon\u00faka ve\u013ekorys\u00fd priestor pri zachovan\u00ed \u0161pi\u010dkov\u00fdch technick\u00fdch parametrov. Mas\u00edvny 44 mm r\u00faben\u00fd hranol a robustn\u00e1 kon\u0161trukcia z vysokohorsk\u00e9ho smreka robia z tejto chaty plnohodnotn\u00fa z\u00e1hradn\u00fa izbu, ktor\u00e1 hravo odol\u00e1 nepriazni po\u010dasia.<\/p>\n<p>V\u010faka pretiahnut\u00e9mu p\u00f4dorysu a nad\u0161tandardne ve\u013ek\u00fdm presklen\u00fdm dver\u00e1m z\u00edskate vzdu\u0161n\u00fd a reprezentat\u00edvny priestor, ide\u00e1lny na vybudovanie dom\u00e1cej kancel\u00e1rie, fitness z\u00f3ny alebo \u00fatulnej izby pre host\u00ed.<\/p>\n<p>Eva je symbolom poctivej tes\u00e1r\u010diny, kde sa kvalita materi\u00e1lu stret\u00e1va s modern\u00fdm dizajnom pre v\u00e1\u0161 maxim\u00e1lny komfort.<\/p>","protected":false},"excerpt":{"rendered":"<p>\ud83d\udccf 11,25 m\u00b2 | \ud83e\uddf1 44 mm | \ud83d\udcd0 2500 x 4500 mm<\/p>","protected":false},"featured_media":1715,"comment_status":"open","ping_status":"closed","template":"","meta":[],"product_brand":[],"product_cat":[22],"product_tag":[],"class_list":{"0":"post-1716","1":"product","2":"type-product","3":"status-publish","4":"has-post-thumbnail","6":"product_cat-rekreacni_chaty","8":"first","9":"instock","10":"shipping-taxable","11":"purchasable","12":"product-type-simple"},"_links":{"self":[{"href":"https:\/\/ekochatykarpaty.cz\/sk\/wp-json\/wp\/v2\/product\/1716","targetHints":{"allow":["GET"]}}],"collection":[{"href":"https:\/\/ekochatykarpaty.cz\/sk\/wp-json\/wp\/v2\/product"}],"about":[{"href":"https:\/\/ekochatykarpaty.cz\/sk\/wp-json\/wp\/v2\/types\/product"}],"replies":[{"embeddable":true,"href":"https:\/\/ekochatykarpaty.cz\/sk\/wp-json\/wp\/v2\/comments?post=1716"}],"wp:featuredmedia":[{"embeddable":true,"href":"https:\/\/ekochatykarpaty.cz\/sk\/wp-json\/wp\/v2\/media\/1715"}],"wp:attachment":[{"href":"https:\/\/ekochatykarpaty.cz\/sk\/wp-json\/wp\/v2\/media?parent=1716"}],"wp:term":[{"taxonomy":"product_brand","embeddable":true,"href":"https:\/\/ekochatykarpaty.cz\/sk\/wp-json\/wp\/v2\/product_brand?post=1716"},{"taxonomy":"product_cat","embeddable":true,"href":"https:\/\/ekochatykarpaty.cz\/sk\/wp-json\/wp\/v2\/product_cat?post=1716"},{"taxonomy":"product_tag","embeddable":true,"href":"https:\/\/ekochatykarpaty.cz\/sk\/wp-json\/wp\/v2\/product_tag?post=1716"}],"curies":[{"name":"wp","href":"https:\/\/api.w.org\/{rel}","templated":true}]}}