{"id":1717,"date":"2026-02-07T16:56:28","date_gmt":"2026-02-07T16:56:28","guid":{"rendered":"https:\/\/ekochatykarpaty.cz\/?post_type=product&#038;p=1717"},"modified":"2026-02-22T22:48:04","modified_gmt":"2026-02-22T22:48:04","slug":"hubert-a","status":"publish","type":"product","link":"https:\/\/ekochatykarpaty.cz\/sk\/produkt\/hubert-a\/","title":{"rendered":"Hubert A"},"content":{"rendered":"<p>Model Hubert A je ide\u00e1lnym rie\u0161en\u00edm pre rodiny, ktor\u00e9 h\u013eadaj\u00fa funk\u010dn\u00e9 a priestrann\u00e9 z\u00e1zemie na sez\u00f3nny odpo\u010dinok.<\/p>\n<p>Dispoz\u00edcia rozdelen\u00e1 do troch samostatn\u00fdch miestnost\u00ed s obytnou plochou 27,6 m\u00b2 umo\u017e\u0148uje efekt\u00edvne usporiadanie sp\u00e1ln\u00ed a spolo\u010dn\u00e9ho priestoru. V\u010faka hr\u00fabke steny 44 mm z mas\u00edvneho r\u00faben\u00e9ho hranola pon\u00faka chata v\u00fdborn\u00fa stabilitu a prirodzen\u00fa kl\u00edmu vo vn\u00fatri drevostavby.<\/p>\n<p>S\u00fa\u010das\u0165ou kon\u0161trukcie je aj praktick\u00e1 terasa s v\u00fdmerou 5,5 m\u00b2, ktor\u00e1 roz\u0161iruje \u00fa\u017eitkov\u00fd priestor o vonkaj\u0161ie posedenie. Ide o poctiv\u00fa tes\u00e1rsku pr\u00e1cu zameran\u00fa na trvanlivos\u0165 a komfortn\u00e9 u\u017e\u00edvanie.<\/p>","protected":false},"excerpt":{"rendered":"<p>\ud83d\udccf 31,2 m\u00b2 | \ud83e\uddf1 44 mm | \ud83d\udcd0 6000 x 5200 mm<\/p>","protected":false},"featured_media":1739,"comment_status":"open","ping_status":"closed","template":"","meta":[],"product_brand":[],"product_cat":[22],"product_tag":[],"class_list":{"0":"post-1717","1":"product","2":"type-product","3":"status-publish","4":"has-post-thumbnail","6":"product_cat-rekreacni_chaty","8":"first","9":"instock","10":"shipping-taxable","11":"purchasable","12":"product-type-simple"},"_links":{"self":[{"href":"https:\/\/ekochatykarpaty.cz\/sk\/wp-json\/wp\/v2\/product\/1717","targetHints":{"allow":["GET"]}}],"collection":[{"href":"https:\/\/ekochatykarpaty.cz\/sk\/wp-json\/wp\/v2\/product"}],"about":[{"href":"https:\/\/ekochatykarpaty.cz\/sk\/wp-json\/wp\/v2\/types\/product"}],"replies":[{"embeddable":true,"href":"https:\/\/ekochatykarpaty.cz\/sk\/wp-json\/wp\/v2\/comments?post=1717"}],"wp:featuredmedia":[{"embeddable":true,"href":"https:\/\/ekochatykarpaty.cz\/sk\/wp-json\/wp\/v2\/media\/1739"}],"wp:attachment":[{"href":"https:\/\/ekochatykarpaty.cz\/sk\/wp-json\/wp\/v2\/media?parent=1717"}],"wp:term":[{"taxonomy":"product_brand","embeddable":true,"href":"https:\/\/ekochatykarpaty.cz\/sk\/wp-json\/wp\/v2\/product_brand?post=1717"},{"taxonomy":"product_cat","embeddable":true,"href":"https:\/\/ekochatykarpaty.cz\/sk\/wp-json\/wp\/v2\/product_cat?post=1717"},{"taxonomy":"product_tag","embeddable":true,"href":"https:\/\/ekochatykarpaty.cz\/sk\/wp-json\/wp\/v2\/product_tag?post=1717"}],"curies":[{"name":"wp","href":"https:\/\/api.w.org\/{rel}","templated":true}]}}