{"id":1718,"date":"2026-02-07T16:58:31","date_gmt":"2026-02-07T16:58:31","guid":{"rendered":"https:\/\/ekochatykarpaty.cz\/?post_type=product&#038;p=1718"},"modified":"2026-02-22T22:47:30","modified_gmt":"2026-02-22T22:47:30","slug":"iveta","status":"publish","type":"product","link":"https:\/\/ekochatykarpaty.cz\/sk\/produkt\/iveta\/","title":{"rendered":"Iveta"},"content":{"rendered":"<p>Ak h\u013ead\u00e1te zlat\u00fd \u0161tandard medzi z\u00e1hradn\u00fdmi stavbami, model Iveta je trefou do \u010dierneho. Symetrick\u00fd \u0161tvorcov\u00fd p\u00f4dorys s rozmermi 3\u00d73 metre z nej rob\u00ed univerz\u00e1lny prvok, ktor\u00fd \u013eahko umiestnite do rohu pozemku aj na otvoren\u00e9 priestranstvo.<\/p>\n<p>Dominantou chaty s\u00fa \u0161irok\u00e9 dvojkr\u00eddlov\u00e9 dvere s izola\u010dn\u00fdm dvojsklom, ktor\u00e9 interi\u00e9r opticky zv\u00e4\u010d\u0161uj\u00fa a prepojuj\u00fa so z\u00e1hradou. Poctiv\u00fd r\u00faben\u00fd hranol z vysokohorsk\u00e9ho smreka zais\u0165uje, \u017ee chata Iveta nie je len sez\u00f3nnou z\u00e1le\u017eitos\u0165ou, ale stabiln\u00fdm a odoln\u00fdm \u00fato\u010diskom pre v\u00e1\u0161 odpo\u010dinok, skladovanie n\u00e1radia alebo letn\u00e9 posedenie pri k\u00e1ve.<\/p>\n<p>Kvalitn\u00e9 tes\u00e1rske spracovanie tu garantuje dlhovekos\u0165 aj pri minim\u00e1lnej \u00fadr\u017ebe.<\/p>","protected":false},"excerpt":{"rendered":"<p>\ud83d\udccf 9 m\u00b2 | \ud83e\uddf1 28 mm | \ud83d\udcd0 3000 x 3000 mm<\/p>","protected":false},"featured_media":1719,"comment_status":"open","ping_status":"closed","template":"","meta":[],"product_brand":[],"product_cat":[22],"product_tag":[],"class_list":{"0":"post-1718","1":"product","2":"type-product","3":"status-publish","4":"has-post-thumbnail","6":"product_cat-rekreacni_chaty","8":"first","9":"instock","10":"shipping-taxable","11":"purchasable","12":"product-type-simple"},"_links":{"self":[{"href":"https:\/\/ekochatykarpaty.cz\/sk\/wp-json\/wp\/v2\/product\/1718","targetHints":{"allow":["GET"]}}],"collection":[{"href":"https:\/\/ekochatykarpaty.cz\/sk\/wp-json\/wp\/v2\/product"}],"about":[{"href":"https:\/\/ekochatykarpaty.cz\/sk\/wp-json\/wp\/v2\/types\/product"}],"replies":[{"embeddable":true,"href":"https:\/\/ekochatykarpaty.cz\/sk\/wp-json\/wp\/v2\/comments?post=1718"}],"wp:featuredmedia":[{"embeddable":true,"href":"https:\/\/ekochatykarpaty.cz\/sk\/wp-json\/wp\/v2\/media\/1719"}],"wp:attachment":[{"href":"https:\/\/ekochatykarpaty.cz\/sk\/wp-json\/wp\/v2\/media?parent=1718"}],"wp:term":[{"taxonomy":"product_brand","embeddable":true,"href":"https:\/\/ekochatykarpaty.cz\/sk\/wp-json\/wp\/v2\/product_brand?post=1718"},{"taxonomy":"product_cat","embeddable":true,"href":"https:\/\/ekochatykarpaty.cz\/sk\/wp-json\/wp\/v2\/product_cat?post=1718"},{"taxonomy":"product_tag","embeddable":true,"href":"https:\/\/ekochatykarpaty.cz\/sk\/wp-json\/wp\/v2\/product_tag?post=1718"}],"curies":[{"name":"wp","href":"https:\/\/api.w.org\/{rel}","templated":true}]}}