{"id":1741,"date":"2026-02-07T17:31:23","date_gmt":"2026-02-07T17:31:23","guid":{"rendered":"https:\/\/ekochatykarpaty.cz\/?post_type=product&#038;p=1741"},"modified":"2026-02-22T22:46:58","modified_gmt":"2026-02-22T22:46:58","slug":"hubert-b","status":"publish","type":"product","link":"https:\/\/ekochatykarpaty.cz\/sk\/produkt\/hubert-b\/","title":{"rendered":"Hubert B"},"content":{"rendered":"<p>Ak potrebujete viac priestoru bez kompromisov v kvalite, Hubert B pon\u00faka ve\u013ekorys\u00fdch 46 m\u00b2 obytnej plochy. Tento model je navrhnut\u00fd tak, aby poskytol pohodln\u00e9 z\u00e1zemie pre v\u00e4\u010d\u0161iu rodinu alebo skupinu priate\u013eov.<\/p>\n<p>Tri samostatn\u00e9 izby umo\u017e\u0148uj\u00fa oddeli\u0165 pokojov\u00fa z\u00f3nu od ob\u00fdvacej, zatia\u013e \u010do mas\u00edvne 44 mm steny z vysokohorsk\u00e9ho dreva zaru\u010duj\u00fa pevnos\u0165 stavby. V\u00fd\u0161ka hrebe\u0148a cez 3 metre dod\u00e1va interi\u00e9ru vzdu\u0161nos\u0165 a \u0161tyri okn\u00e1 s izola\u010dn\u00fdm dvojsklom zais\u0165uj\u00fa dostatok svetla.<\/p>\n<p>Ide o praktick\u00fa, priestrann\u00fa drevostavbu, ktor\u00e1 na va\u0161om pozemku vytvor\u00ed spo\u013eahliv\u00e9 miesto na relax\u00e1ciu a spolo\u010dn\u00e9 z\u00e1\u017eitky.<\/p>","protected":false},"excerpt":{"rendered":"<p>\ud83d\udccf 50,4 m\u00b2 | \ud83e\uddf1 44 mm | \ud83d\udcd0 7000 x 7200 mm<\/p>","protected":false},"featured_media":1748,"comment_status":"open","ping_status":"closed","template":"","meta":[],"product_brand":[],"product_cat":[22],"product_tag":[],"class_list":{"0":"post-1741","1":"product","2":"type-product","3":"status-publish","4":"has-post-thumbnail","6":"product_cat-rekreacni_chaty","8":"first","9":"instock","10":"shipping-taxable","11":"purchasable","12":"product-type-simple"},"_links":{"self":[{"href":"https:\/\/ekochatykarpaty.cz\/sk\/wp-json\/wp\/v2\/product\/1741","targetHints":{"allow":["GET"]}}],"collection":[{"href":"https:\/\/ekochatykarpaty.cz\/sk\/wp-json\/wp\/v2\/product"}],"about":[{"href":"https:\/\/ekochatykarpaty.cz\/sk\/wp-json\/wp\/v2\/types\/product"}],"replies":[{"embeddable":true,"href":"https:\/\/ekochatykarpaty.cz\/sk\/wp-json\/wp\/v2\/comments?post=1741"}],"wp:featuredmedia":[{"embeddable":true,"href":"https:\/\/ekochatykarpaty.cz\/sk\/wp-json\/wp\/v2\/media\/1748"}],"wp:attachment":[{"href":"https:\/\/ekochatykarpaty.cz\/sk\/wp-json\/wp\/v2\/media?parent=1741"}],"wp:term":[{"taxonomy":"product_brand","embeddable":true,"href":"https:\/\/ekochatykarpaty.cz\/sk\/wp-json\/wp\/v2\/product_brand?post=1741"},{"taxonomy":"product_cat","embeddable":true,"href":"https:\/\/ekochatykarpaty.cz\/sk\/wp-json\/wp\/v2\/product_cat?post=1741"},{"taxonomy":"product_tag","embeddable":true,"href":"https:\/\/ekochatykarpaty.cz\/sk\/wp-json\/wp\/v2\/product_tag?post=1741"}],"curies":[{"name":"wp","href":"https:\/\/api.w.org\/{rel}","templated":true}]}}