{"id":1759,"date":"2026-02-07T17:51:10","date_gmt":"2026-02-07T17:51:10","guid":{"rendered":"https:\/\/ekochatykarpaty.cz\/?post_type=product&#038;p=1759"},"modified":"2026-02-22T22:46:29","modified_gmt":"2026-02-22T22:46:29","slug":"libor-a","status":"publish","type":"product","link":"https:\/\/ekochatykarpaty.cz\/sk\/produkt\/libor-a\/","title":{"rendered":"Libor A"},"content":{"rendered":"<p>Libor A s p\u00f4dorysom 4\u00d73 metre predstavuje vyv\u00e1\u017een\u00fa kombin\u00e1ciu kompaktn\u00fdch rozmerov a nad\u0161tandardnej stability. V\u010faka pou\u017eitiu 44 mm mas\u00edvneho r\u00faben\u00e9ho hranola pon\u00faka stavba vynikaj\u00facu odolnos\u0165 a prirodzen\u00fa tepeln\u00fa zotrva\u010dnos\u0165, \u010do z nej rob\u00ed ide\u00e1lny priestor na celoro\u010dn\u00e9 hobby vyu\u017eitie, z\u00e1hradn\u00fa pracov\u0148u alebo izbu pre host\u00ed.<\/p>\n<p>Interi\u00e9r je bohato presvetlen\u00fd dvoma oknami s izola\u010dn\u00fdm dvojsklom, ktor\u00e9 dop\u013a\u0148aj\u00fa \u0161irok\u00e9 presklen\u00e9 dvere. Vysok\u00fd hrebe\u0148 strechy zais\u0165uje dostatok vn\u00fatorn\u00e9ho priestoru a vzdu\u0161nos\u0165.<\/p>\n<p>Ide o poctiv\u00fa kon\u0161trukciu z vysokohorsk\u00e9ho dreva, ktor\u00e1 kladie d\u00f4raz na funk\u010dnos\u0165 a dlh\u00fa \u017eivotnos\u0165 bez nutnosti zlo\u017eitej \u00fadr\u017eby.<\/p>","protected":false},"excerpt":{"rendered":"<p>\ud83d\udccf 12 m\u00b2 | \ud83e\uddf1 44 mm | \ud83d\udcd0 4000 x 3000 mm<\/p>","protected":false},"featured_media":1768,"comment_status":"open","ping_status":"closed","template":"","meta":[],"product_brand":[],"product_cat":[22],"product_tag":[],"class_list":{"0":"post-1759","1":"product","2":"type-product","3":"status-publish","4":"has-post-thumbnail","6":"product_cat-rekreacni_chaty","8":"first","9":"instock","10":"shipping-taxable","11":"purchasable","12":"product-type-simple"},"_links":{"self":[{"href":"https:\/\/ekochatykarpaty.cz\/sk\/wp-json\/wp\/v2\/product\/1759","targetHints":{"allow":["GET"]}}],"collection":[{"href":"https:\/\/ekochatykarpaty.cz\/sk\/wp-json\/wp\/v2\/product"}],"about":[{"href":"https:\/\/ekochatykarpaty.cz\/sk\/wp-json\/wp\/v2\/types\/product"}],"replies":[{"embeddable":true,"href":"https:\/\/ekochatykarpaty.cz\/sk\/wp-json\/wp\/v2\/comments?post=1759"}],"wp:featuredmedia":[{"embeddable":true,"href":"https:\/\/ekochatykarpaty.cz\/sk\/wp-json\/wp\/v2\/media\/1768"}],"wp:attachment":[{"href":"https:\/\/ekochatykarpaty.cz\/sk\/wp-json\/wp\/v2\/media?parent=1759"}],"wp:term":[{"taxonomy":"product_brand","embeddable":true,"href":"https:\/\/ekochatykarpaty.cz\/sk\/wp-json\/wp\/v2\/product_brand?post=1759"},{"taxonomy":"product_cat","embeddable":true,"href":"https:\/\/ekochatykarpaty.cz\/sk\/wp-json\/wp\/v2\/product_cat?post=1759"},{"taxonomy":"product_tag","embeddable":true,"href":"https:\/\/ekochatykarpaty.cz\/sk\/wp-json\/wp\/v2\/product_tag?post=1759"}],"curies":[{"name":"wp","href":"https:\/\/api.w.org\/{rel}","templated":true}]}}