{"id":1760,"date":"2026-02-07T18:36:37","date_gmt":"2026-02-07T18:36:37","guid":{"rendered":"https:\/\/ekochatykarpaty.cz\/?post_type=product&#038;p=1760"},"modified":"2026-02-22T22:45:58","modified_gmt":"2026-02-22T22:45:58","slug":"libor-b","status":"publish","type":"product","link":"https:\/\/ekochatykarpaty.cz\/sk\/produkt\/libor-b\/","title":{"rendered":"Libor B"},"content":{"rendered":"<p>Model Libor B roz\u0161iruje ob\u013e\u00faben\u00fd \u0161tvorcov\u00fd p\u00f4dorys na ve\u013ekorys\u00fdch 16 m\u00b2, \u010d\u00edm poskytuje dostatok manipula\u010dn\u00e9ho priestoru pre n\u00e1ro\u010dnej\u0161ie vyu\u017eitie. Robustn\u00e9 steny s hr\u00fabkou 44 mm z mas\u00edvneho r\u00faben\u00e9ho hranola zaru\u010duj\u00fa vysok\u00fa tuhos\u0165 kon\u0161trukcie a v\u00fdborn\u00fa odolnos\u0165 proti poveternostn\u00fdm vplyvom.<\/p>\n<p>Tento model je vybaven\u00fd extra \u0161irok\u00fdmi dverami (160 cm) a dvoma oknami s izola\u010dn\u00fdm dvojsklom, \u010do zais\u0165uje plynul\u00e9 prepojenie so z\u00e1hradou a maxim\u00e1lny pr\u00edsun denn\u00e9ho svetla. V\u010faka v\u00e4\u010d\u0161ej \u00fa\u017eitkovej ploche je dom\u010dek ide\u00e1lny na zriadenie plnohodnotnej dom\u00e1cej dielne, fitness z\u00f3ny alebo komfortn\u00e9ho z\u00e1zemia na rekre\u00e1ciu.<\/p>\n<p>Pou\u017eitie kvalitn\u00e9ho vysokohorsk\u00e9ho dreva a prec\u00edzne spracovanie spojov zais\u0165uje stabilitu a dlhodob\u00fa funk\u010dnos\u0165 celej stavby.<\/p>","protected":false},"excerpt":{"rendered":"<p>\ud83d\udccf 16 m\u00b2 | \ud83e\uddf1 44 mm | \ud83d\udcd0 4000 x 4000 mm<\/p>","protected":false},"featured_media":1761,"comment_status":"open","ping_status":"closed","template":"","meta":[],"product_brand":[],"product_cat":[22],"product_tag":[],"class_list":{"0":"post-1760","1":"product","2":"type-product","3":"status-publish","4":"has-post-thumbnail","6":"product_cat-rekreacni_chaty","8":"first","9":"instock","10":"shipping-taxable","11":"purchasable","12":"product-type-simple"},"_links":{"self":[{"href":"https:\/\/ekochatykarpaty.cz\/sk\/wp-json\/wp\/v2\/product\/1760","targetHints":{"allow":["GET"]}}],"collection":[{"href":"https:\/\/ekochatykarpaty.cz\/sk\/wp-json\/wp\/v2\/product"}],"about":[{"href":"https:\/\/ekochatykarpaty.cz\/sk\/wp-json\/wp\/v2\/types\/product"}],"replies":[{"embeddable":true,"href":"https:\/\/ekochatykarpaty.cz\/sk\/wp-json\/wp\/v2\/comments?post=1760"}],"wp:featuredmedia":[{"embeddable":true,"href":"https:\/\/ekochatykarpaty.cz\/sk\/wp-json\/wp\/v2\/media\/1761"}],"wp:attachment":[{"href":"https:\/\/ekochatykarpaty.cz\/sk\/wp-json\/wp\/v2\/media?parent=1760"}],"wp:term":[{"taxonomy":"product_brand","embeddable":true,"href":"https:\/\/ekochatykarpaty.cz\/sk\/wp-json\/wp\/v2\/product_brand?post=1760"},{"taxonomy":"product_cat","embeddable":true,"href":"https:\/\/ekochatykarpaty.cz\/sk\/wp-json\/wp\/v2\/product_cat?post=1760"},{"taxonomy":"product_tag","embeddable":true,"href":"https:\/\/ekochatykarpaty.cz\/sk\/wp-json\/wp\/v2\/product_tag?post=1760"}],"curies":[{"name":"wp","href":"https:\/\/api.w.org\/{rel}","templated":true}]}}