{"id":1775,"date":"2026-02-07T18:49:56","date_gmt":"2026-02-07T18:49:56","guid":{"rendered":"https:\/\/ekochatykarpaty.cz\/?post_type=product&#038;p=1775"},"modified":"2026-02-22T22:43:53","modified_gmt":"2026-02-22T22:43:53","slug":"libor-d","status":"publish","type":"product","link":"https:\/\/ekochatykarpaty.cz\/sk\/produkt\/libor-d\/","title":{"rendered":"Libor D"},"content":{"rendered":"<p>Model Libor D s rozmerom 5\u00d74 metre pon\u00faka horizont\u00e1lne orientovan\u00fd priestor, ktor\u00fd je ide\u00e1lny na vytvorenie preh\u013eadn\u00e9ho a \u0161irok\u00e9ho z\u00e1zemia na va\u0161om pozemku. So zv\u00fd\u0161enou obvodovou stenou na 2,1 metra a hrebe\u0148om vo v\u00fd\u0161ke 2,7 metra poskytuje interi\u00e9r nad\u0161tandardn\u00fa vzdu\u0161nos\u0165 a pocit vo\u013enosti.<\/p>\n<p>Kon\u0161trukcia vyu\u017e\u00edva mas\u00edvny 44 mm r\u00faben\u00fd hranol, ktor\u00fd stavbe prepo\u017ei\u010diava mimoriadnu stabilitu a pevnos\u0165. Dve rozmern\u00e9 okn\u00e1 spolu s extra \u0161irok\u00fdmi dvojkr\u00eddlov\u00fdmi dverami (160 cm) osaden\u00fdmi izola\u010dn\u00fdm dvojsklom zais\u0165uj\u00fa dokonal\u00e9 presvetlenie.<\/p>\n<p>Tento dom\u010dek n\u00e1jde svoje uplatnenie ako priestrann\u00e1 z\u00e1hradn\u00e1 ob\u00fdvacia izba, dom\u00e1ca kancel\u00e1ria pre viac os\u00f4b alebo reprezentat\u00edvny priestor pre va\u0161e kon\u00ed\u010dky, pri ktorom ocen\u00edte prec\u00edzne opracovanie vysokohorsk\u00e9ho smreka.<\/p>","protected":false},"excerpt":{"rendered":"<p>\ud83d\udccf 20 m\u00b2 | \ud83e\uddf1 44 mm | \ud83d\udcd0 5000 x 4000 mm<\/p>","protected":false},"featured_media":1768,"comment_status":"open","ping_status":"closed","template":"","meta":[],"product_brand":[],"product_cat":[22],"product_tag":[],"class_list":{"0":"post-1775","1":"product","2":"type-product","3":"status-publish","4":"has-post-thumbnail","6":"product_cat-rekreacni_chaty","8":"first","9":"instock","10":"shipping-taxable","11":"purchasable","12":"product-type-simple"},"_links":{"self":[{"href":"https:\/\/ekochatykarpaty.cz\/sk\/wp-json\/wp\/v2\/product\/1775","targetHints":{"allow":["GET"]}}],"collection":[{"href":"https:\/\/ekochatykarpaty.cz\/sk\/wp-json\/wp\/v2\/product"}],"about":[{"href":"https:\/\/ekochatykarpaty.cz\/sk\/wp-json\/wp\/v2\/types\/product"}],"replies":[{"embeddable":true,"href":"https:\/\/ekochatykarpaty.cz\/sk\/wp-json\/wp\/v2\/comments?post=1775"}],"wp:featuredmedia":[{"embeddable":true,"href":"https:\/\/ekochatykarpaty.cz\/sk\/wp-json\/wp\/v2\/media\/1768"}],"wp:attachment":[{"href":"https:\/\/ekochatykarpaty.cz\/sk\/wp-json\/wp\/v2\/media?parent=1775"}],"wp:term":[{"taxonomy":"product_brand","embeddable":true,"href":"https:\/\/ekochatykarpaty.cz\/sk\/wp-json\/wp\/v2\/product_brand?post=1775"},{"taxonomy":"product_cat","embeddable":true,"href":"https:\/\/ekochatykarpaty.cz\/sk\/wp-json\/wp\/v2\/product_cat?post=1775"},{"taxonomy":"product_tag","embeddable":true,"href":"https:\/\/ekochatykarpaty.cz\/sk\/wp-json\/wp\/v2\/product_tag?post=1775"}],"curies":[{"name":"wp","href":"https:\/\/api.w.org\/{rel}","templated":true}]}}