{"id":1776,"date":"2026-02-07T18:54:29","date_gmt":"2026-02-07T18:54:29","guid":{"rendered":"https:\/\/ekochatykarpaty.cz\/?post_type=product&#038;p=1776"},"modified":"2026-02-22T22:43:01","modified_gmt":"2026-02-22T22:43:01","slug":"libor-e","status":"publish","type":"product","link":"https:\/\/ekochatykarpaty.cz\/sk\/produkt\/libor-e\/","title":{"rendered":"Libor E"},"content":{"rendered":"<p>Model Libor E s ve\u013ekorys\u00fdm \u0161tvorcov\u00fdm p\u00f4dorysom 5\u00d75 metrov pon\u00faka maxim\u00e1lnu \u00fa\u017eitkov\u00fa plochu v r\u00e1mci tohto typov\u00e9ho radu. V\u010faka vn\u00fatorn\u00e9mu priestoru s rozlohou 25 m\u00b2 a zv\u00fd\u0161en\u00fdm obvodov\u00fdm sten\u00e1m (2,1 m) poskytuje tento objekt \u0161irok\u00e9 mo\u017enosti vyu\u017eitia, od priestrann\u00e9ho \u0161t\u00fadia a\u017e po komfortn\u00e9 z\u00e1zemie pre rodinn\u00fa rekre\u00e1ciu.<\/p>\n<p>Mas\u00edvna kon\u0161trukcia zo 44 mm r\u00faben\u00e9ho hranola zais\u0165uje vynikaj\u00facu pevnos\u0165 a stabilitu, ktor\u00fa dop\u013a\u0148a stre\u0161n\u00fd z\u00e1klop z poctiv\u00fdch 19 mm paluboviek. Interi\u00e9r \u0165a\u017e\u00ed z prirodzen\u00e9ho svetla v\u010faka dvom rozmern\u00fdm okn\u00e1m a extra \u0161irok\u00fdm dvojkr\u00eddlov\u00fdm dver\u00e1m s izola\u010dn\u00fdm dvojsklom.<\/p>\n<p>Libor E je ide\u00e1lnou vo\u013ebou pre t\u00fdch, ktor\u00ed vy\u017eaduj\u00fa priestor bez kompromisov a h\u013eadaj\u00fa stavbu z kvalitn\u00e9ho vysokohorsk\u00e9ho dreva, ktor\u00e1 sa stane prirodzen\u00fdm centrom ich z\u00e1hrady.<\/p>","protected":false},"excerpt":{"rendered":"<p>\ud83d\udccf 25 m\u00b2 | \ud83e\uddf1 44 mm | \ud83d\udcd0 5000 x 5000 mm<\/p>","protected":false},"featured_media":1777,"comment_status":"open","ping_status":"closed","template":"","meta":[],"product_brand":[],"product_cat":[22],"product_tag":[],"class_list":{"0":"post-1776","1":"product","2":"type-product","3":"status-publish","4":"has-post-thumbnail","6":"product_cat-rekreacni_chaty","8":"first","9":"instock","10":"shipping-taxable","11":"purchasable","12":"product-type-simple"},"_links":{"self":[{"href":"https:\/\/ekochatykarpaty.cz\/sk\/wp-json\/wp\/v2\/product\/1776","targetHints":{"allow":["GET"]}}],"collection":[{"href":"https:\/\/ekochatykarpaty.cz\/sk\/wp-json\/wp\/v2\/product"}],"about":[{"href":"https:\/\/ekochatykarpaty.cz\/sk\/wp-json\/wp\/v2\/types\/product"}],"replies":[{"embeddable":true,"href":"https:\/\/ekochatykarpaty.cz\/sk\/wp-json\/wp\/v2\/comments?post=1776"}],"wp:featuredmedia":[{"embeddable":true,"href":"https:\/\/ekochatykarpaty.cz\/sk\/wp-json\/wp\/v2\/media\/1777"}],"wp:attachment":[{"href":"https:\/\/ekochatykarpaty.cz\/sk\/wp-json\/wp\/v2\/media?parent=1776"}],"wp:term":[{"taxonomy":"product_brand","embeddable":true,"href":"https:\/\/ekochatykarpaty.cz\/sk\/wp-json\/wp\/v2\/product_brand?post=1776"},{"taxonomy":"product_cat","embeddable":true,"href":"https:\/\/ekochatykarpaty.cz\/sk\/wp-json\/wp\/v2\/product_cat?post=1776"},{"taxonomy":"product_tag","embeddable":true,"href":"https:\/\/ekochatykarpaty.cz\/sk\/wp-json\/wp\/v2\/product_tag?post=1776"}],"curies":[{"name":"wp","href":"https:\/\/api.w.org\/{rel}","templated":true}]}}