{"id":1784,"date":"2026-02-07T19:02:19","date_gmt":"2026-02-07T19:02:19","guid":{"rendered":"https:\/\/ekochatykarpaty.cz\/?post_type=product&#038;p=1784"},"modified":"2026-02-22T22:41:55","modified_gmt":"2026-02-22T22:41:55","slug":"libor-g","status":"publish","type":"product","link":"https:\/\/ekochatykarpaty.cz\/sk\/produkt\/libor-g\/","title":{"rendered":"Libor G"},"content":{"rendered":"<p>Model Libor G s \u00factyhodnou zastavanou plochou 30 m\u00b2 predstavuje jeden z najrozmernej\u0161\u00edch objektov tohto radu. Obd\u013a\u017enikov\u00fd p\u00f4dorys 6\u00d75 metrov poskytuje vn\u00fatorn\u00fd priestor, ktor\u00fd svojou ve\u013ekos\u0165ou u\u017e pripom\u00edna men\u0161iu chatu, pri\u010dom si zachov\u00e1va v\u00fdhody jednopriestorovej dispoz\u00edcie.<\/p>\n<p>Mas\u00edvny 44 mm r\u00faben\u00fd hranol a plocha strechy presahuj\u00faca 40 m\u00b2 zaru\u010duj\u00fa vysok\u00fa odolnos\u0165 proti poveternostn\u00fdm vplyvom a dlh\u00fa \u017eivotnos\u0165. V\u010faka dvom okn\u00e1m a \u0161irok\u00fdm dvojkr\u00eddlov\u00fdm dver\u00e1m s izola\u010dn\u00fdm dvojsklom je interi\u00e9r aj pri svojej h\u013abke svetl\u00fd a vzdu\u0161n\u00fd.<\/p>\n<p>Tento model je optim\u00e1lnou vo\u013ebou na vybudovanie priestrann\u00e9ho z\u00e1zemia, rodinnej spolo\u010denskej miestnosti alebo ateli\u00e9ru, kde sa vy\u017eaduje nekompromisn\u00e1 stabilita a vysok\u00e1 kvalita vysokohorsk\u00e9ho dreva.<\/p>","protected":false},"excerpt":{"rendered":"<p>\ud83d\udccf 30 m\u00b2 | \ud83e\uddf1 44 mm | \ud83d\udcd0 6000 x 5000 mm<\/p>","protected":false},"featured_media":2345,"comment_status":"open","ping_status":"closed","template":"","meta":[],"product_brand":[],"product_cat":[22],"product_tag":[],"class_list":{"0":"post-1784","1":"product","2":"type-product","3":"status-publish","4":"has-post-thumbnail","6":"product_cat-rekreacni_chaty","8":"first","9":"instock","10":"shipping-taxable","11":"purchasable","12":"product-type-simple"},"_links":{"self":[{"href":"https:\/\/ekochatykarpaty.cz\/sk\/wp-json\/wp\/v2\/product\/1784","targetHints":{"allow":["GET"]}}],"collection":[{"href":"https:\/\/ekochatykarpaty.cz\/sk\/wp-json\/wp\/v2\/product"}],"about":[{"href":"https:\/\/ekochatykarpaty.cz\/sk\/wp-json\/wp\/v2\/types\/product"}],"replies":[{"embeddable":true,"href":"https:\/\/ekochatykarpaty.cz\/sk\/wp-json\/wp\/v2\/comments?post=1784"}],"wp:featuredmedia":[{"embeddable":true,"href":"https:\/\/ekochatykarpaty.cz\/sk\/wp-json\/wp\/v2\/media\/2345"}],"wp:attachment":[{"href":"https:\/\/ekochatykarpaty.cz\/sk\/wp-json\/wp\/v2\/media?parent=1784"}],"wp:term":[{"taxonomy":"product_brand","embeddable":true,"href":"https:\/\/ekochatykarpaty.cz\/sk\/wp-json\/wp\/v2\/product_brand?post=1784"},{"taxonomy":"product_cat","embeddable":true,"href":"https:\/\/ekochatykarpaty.cz\/sk\/wp-json\/wp\/v2\/product_cat?post=1784"},{"taxonomy":"product_tag","embeddable":true,"href":"https:\/\/ekochatykarpaty.cz\/sk\/wp-json\/wp\/v2\/product_tag?post=1784"}],"curies":[{"name":"wp","href":"https:\/\/api.w.org\/{rel}","templated":true}]}}