{"id":1789,"date":"2026-02-07T19:10:45","date_gmt":"2026-02-07T19:10:45","guid":{"rendered":"https:\/\/ekochatykarpaty.cz\/?post_type=product&#038;p=1789"},"modified":"2026-02-22T22:41:22","modified_gmt":"2026-02-22T22:41:22","slug":"libor-h","status":"publish","type":"product","link":"https:\/\/ekochatykarpaty.cz\/sk\/produkt\/libor-h\/","title":{"rendered":"Libor H"},"content":{"rendered":"<p>Model Libor H je najv\u00e4\u010d\u0161\u00edm variantom tohto radu s otvorenou dispoz\u00edciou. \u0160tvorcov\u00fd p\u00f4dorys 6\u00d76 metrov pon\u00faka ve\u013ekorys\u00fd vn\u00fatorn\u00fd priestor, ktor\u00fd nie je obmedzen\u00fd \u017eiadnymi prie\u010dkami, \u010do umo\u017e\u0148uje maxim\u00e1lnu vo\u013enos\u0165 pri navrhovan\u00ed interi\u00e9ru.<\/p>\n<p>Mas\u00edvny 44 mm r\u00faben\u00fd hranol a plocha strechy presahuj\u00faca 45 m\u00b2 robia z tohto dom\u010deka robustn\u00fa a stabiln\u00fa stavbu vhodn\u00fa pre \u0161irok\u00e9 spektrum aktiv\u00edt \u2013 od rozmern\u00e9ho ateli\u00e9ru a\u017e po s\u00fakromn\u00e9 fitness alebo spolo\u010densk\u00fa miestnos\u0165.<\/p>\n<p>Dve ve\u013ek\u00e9 okn\u00e1 a \u0161irok\u00e9 dvojkr\u00eddlov\u00e9 dvere s izola\u010dn\u00fdm dvojsklom zais\u0165uj\u00fa plynul\u00e9 prepojenie s exteri\u00e9rom a dostatok denn\u00e9ho svetla v celom priestore.<\/p>\n<p><strong>NA FOTK\u00c1CH JE VYOBRAZEN\u00dd DVOJIZBOV\u00dd MODEL LIBOR I (WC)<\/strong><\/p>","protected":false},"excerpt":{"rendered":"<p>\ud83d\udccf 36 m\u00b2 | \ud83e\uddf1 44 mm | \ud83d\udcd0 6000 x 6000 mm<\/p>","protected":false},"featured_media":1792,"comment_status":"open","ping_status":"closed","template":"","meta":[],"product_brand":[],"product_cat":[22],"product_tag":[],"class_list":{"0":"post-1789","1":"product","2":"type-product","3":"status-publish","4":"has-post-thumbnail","6":"product_cat-rekreacni_chaty","8":"first","9":"instock","10":"shipping-taxable","11":"purchasable","12":"product-type-simple"},"_links":{"self":[{"href":"https:\/\/ekochatykarpaty.cz\/sk\/wp-json\/wp\/v2\/product\/1789","targetHints":{"allow":["GET"]}}],"collection":[{"href":"https:\/\/ekochatykarpaty.cz\/sk\/wp-json\/wp\/v2\/product"}],"about":[{"href":"https:\/\/ekochatykarpaty.cz\/sk\/wp-json\/wp\/v2\/types\/product"}],"replies":[{"embeddable":true,"href":"https:\/\/ekochatykarpaty.cz\/sk\/wp-json\/wp\/v2\/comments?post=1789"}],"wp:featuredmedia":[{"embeddable":true,"href":"https:\/\/ekochatykarpaty.cz\/sk\/wp-json\/wp\/v2\/media\/1792"}],"wp:attachment":[{"href":"https:\/\/ekochatykarpaty.cz\/sk\/wp-json\/wp\/v2\/media?parent=1789"}],"wp:term":[{"taxonomy":"product_brand","embeddable":true,"href":"https:\/\/ekochatykarpaty.cz\/sk\/wp-json\/wp\/v2\/product_brand?post=1789"},{"taxonomy":"product_cat","embeddable":true,"href":"https:\/\/ekochatykarpaty.cz\/sk\/wp-json\/wp\/v2\/product_cat?post=1789"},{"taxonomy":"product_tag","embeddable":true,"href":"https:\/\/ekochatykarpaty.cz\/sk\/wp-json\/wp\/v2\/product_tag?post=1789"}],"curies":[{"name":"wp","href":"https:\/\/api.w.org\/{rel}","templated":true}]}}