{"id":1800,"date":"2026-02-07T19:22:58","date_gmt":"2026-02-07T19:22:58","guid":{"rendered":"https:\/\/ekochatykarpaty.cz\/?post_type=product&#038;p=1800"},"modified":"2026-02-22T22:40:38","modified_gmt":"2026-02-22T22:40:38","slug":"libor-i","status":"publish","type":"product","link":"https:\/\/ekochatykarpaty.cz\/sk\/produkt\/libor-i\/","title":{"rendered":"Libor I"},"content":{"rendered":"<p>Model Libor I s ve\u013ekorys\u00fdm p\u00f4dorysom 6\u00d76 metrov je navrhnut\u00fd pre maxim\u00e1lnu funk\u010dnos\u0165 a komfort. Vn\u00fatorn\u00fd priestor s rozlohou 36 m\u00b2 je rozdelen\u00fd na hlavn\u00fa obytn\u00fa \u010das\u0165 (28,2 m\u00b2) a samostatn\u00fa uzavret\u00fa miestnos\u0165 (4,2 m\u00b2), ktor\u00e1 je v\u010faka svojej dispoz\u00edcii a vlastn\u00e9mu vstupu predur\u010den\u00e1 na vybudovanie toalety, k\u00fape\u013ene alebo skladu.<\/p>\n<p>Robustn\u00e1 kon\u0161trukcia zo 44 mm mas\u00edvneho r\u00faben\u00e9ho hranola zais\u0165uje vynikaj\u00facu stabilitu a dlh\u00fa \u017eivotnos\u0165 stavby. Interi\u00e9r \u0165a\u017e\u00ed z prirodzen\u00e9ho svetla v\u010faka kombin\u00e1cii ve\u013ek\u00fdch okien a \u0161irok\u00fdch presklen\u00fdch dver\u00ed s izola\u010dn\u00fdm dvojsklom, zatia\u013e \u010do mal\u00fd doplnkov\u00fd prieduch zais\u0165uje nevyhnutn\u00e9 vetranie v oddelenej z\u00f3ne.<\/p>\n<p>Ide o komplexn\u00e9 rie\u0161enie pre t\u00fdch, ktor\u00ed h\u013eadaj\u00fa plnohodnotn\u00e9 z\u00e1hradn\u00e9 z\u00e1zemie s oddelen\u00fdm pr\u00edslu\u0161enstvom.<\/p>","protected":false},"excerpt":{"rendered":"<p>\ud83d\udccf 36 m\u00b2 | \ud83e\uddf1 44 mm | \ud83d\udcd0 6000 x 6000 mm<\/p>","protected":false},"featured_media":1792,"comment_status":"open","ping_status":"closed","template":"","meta":[],"product_brand":[],"product_cat":[22],"product_tag":[],"class_list":{"0":"post-1800","1":"product","2":"type-product","3":"status-publish","4":"has-post-thumbnail","6":"product_cat-rekreacni_chaty","8":"first","9":"instock","10":"shipping-taxable","11":"purchasable","12":"product-type-simple"},"_links":{"self":[{"href":"https:\/\/ekochatykarpaty.cz\/sk\/wp-json\/wp\/v2\/product\/1800","targetHints":{"allow":["GET"]}}],"collection":[{"href":"https:\/\/ekochatykarpaty.cz\/sk\/wp-json\/wp\/v2\/product"}],"about":[{"href":"https:\/\/ekochatykarpaty.cz\/sk\/wp-json\/wp\/v2\/types\/product"}],"replies":[{"embeddable":true,"href":"https:\/\/ekochatykarpaty.cz\/sk\/wp-json\/wp\/v2\/comments?post=1800"}],"wp:featuredmedia":[{"embeddable":true,"href":"https:\/\/ekochatykarpaty.cz\/sk\/wp-json\/wp\/v2\/media\/1792"}],"wp:attachment":[{"href":"https:\/\/ekochatykarpaty.cz\/sk\/wp-json\/wp\/v2\/media?parent=1800"}],"wp:term":[{"taxonomy":"product_brand","embeddable":true,"href":"https:\/\/ekochatykarpaty.cz\/sk\/wp-json\/wp\/v2\/product_brand?post=1800"},{"taxonomy":"product_cat","embeddable":true,"href":"https:\/\/ekochatykarpaty.cz\/sk\/wp-json\/wp\/v2\/product_cat?post=1800"},{"taxonomy":"product_tag","embeddable":true,"href":"https:\/\/ekochatykarpaty.cz\/sk\/wp-json\/wp\/v2\/product_tag?post=1800"}],"curies":[{"name":"wp","href":"https:\/\/api.w.org\/{rel}","templated":true}]}}