{"id":1801,"date":"2026-02-07T19:27:04","date_gmt":"2026-02-07T19:27:04","guid":{"rendered":"https:\/\/ekochatykarpaty.cz\/?post_type=product&#038;p=1801"},"modified":"2026-02-22T22:40:00","modified_gmt":"2026-02-22T22:40:00","slug":"mirek","status":"publish","type":"product","link":"https:\/\/ekochatykarpaty.cz\/sk\/produkt\/mirek\/","title":{"rendered":"Mirek"},"content":{"rendered":"<p>Chatka Mirek pon\u00faka na zastavanej ploche 24 m\u00b2 praktick\u00e9 rozdelenie do dvoch samostatn\u00fdch miestnost\u00ed, \u010do z nej rob\u00ed ide\u00e1lnu vo\u013ebu na rodinn\u00e9 v\u00edkendy alebo kombin\u00e1ciu z\u00e1hradn\u00e9ho skladu a izby pre host\u00ed.<\/p>\n<p>V\u00fdnimo\u010dnos\u0165 tohto modelu pod\u010diarkuje vysok\u00fd po\u010det presklen\u00fdch prvkov \u2013 \u0161tyri ve\u013ek\u00e9 okn\u00e1 a dvoje \u0161irok\u00e9 dvojkr\u00eddlov\u00e9 dvere s izola\u010dn\u00fdm dvojsklom zais\u0165uj\u00fa mimoriadny pr\u00edsun denn\u00e9ho svetla a vzdu\u0161nos\u0165 v oboch \u010dastiach objektu.<\/p>\n<p>Mas\u00edvny 44 mm r\u00faben\u00fd hranol poskytuje chate vysok\u00fa stabilitu a prirodzen\u00fa izol\u00e1ciu. V\u010faka zv\u00fd\u0161en\u00fdm obvodov\u00fdm sten\u00e1m na 2,23 metra je interi\u00e9r komfortn\u00fd aj pre vy\u0161\u0161ie osoby a pon\u00faka dostatok miesta na in\u0161tal\u00e1ciu vysok\u00e9ho n\u00e1bytku alebo vybavenia.<\/p>","protected":false},"excerpt":{"rendered":"<p>\ud83d\udccf 24 m\u00b2 | \ud83e\uddf1 44 mm | \ud83d\udcd0 4000 x 6000 mm<\/p>","protected":false},"featured_media":1802,"comment_status":"open","ping_status":"closed","template":"","meta":[],"product_brand":[],"product_cat":[22],"product_tag":[],"class_list":{"0":"post-1801","1":"product","2":"type-product","3":"status-publish","4":"has-post-thumbnail","6":"product_cat-rekreacni_chaty","8":"first","9":"instock","10":"shipping-taxable","11":"purchasable","12":"product-type-simple"},"_links":{"self":[{"href":"https:\/\/ekochatykarpaty.cz\/sk\/wp-json\/wp\/v2\/product\/1801","targetHints":{"allow":["GET"]}}],"collection":[{"href":"https:\/\/ekochatykarpaty.cz\/sk\/wp-json\/wp\/v2\/product"}],"about":[{"href":"https:\/\/ekochatykarpaty.cz\/sk\/wp-json\/wp\/v2\/types\/product"}],"replies":[{"embeddable":true,"href":"https:\/\/ekochatykarpaty.cz\/sk\/wp-json\/wp\/v2\/comments?post=1801"}],"wp:featuredmedia":[{"embeddable":true,"href":"https:\/\/ekochatykarpaty.cz\/sk\/wp-json\/wp\/v2\/media\/1802"}],"wp:attachment":[{"href":"https:\/\/ekochatykarpaty.cz\/sk\/wp-json\/wp\/v2\/media?parent=1801"}],"wp:term":[{"taxonomy":"product_brand","embeddable":true,"href":"https:\/\/ekochatykarpaty.cz\/sk\/wp-json\/wp\/v2\/product_brand?post=1801"},{"taxonomy":"product_cat","embeddable":true,"href":"https:\/\/ekochatykarpaty.cz\/sk\/wp-json\/wp\/v2\/product_cat?post=1801"},{"taxonomy":"product_tag","embeddable":true,"href":"https:\/\/ekochatykarpaty.cz\/sk\/wp-json\/wp\/v2\/product_tag?post=1801"}],"curies":[{"name":"wp","href":"https:\/\/api.w.org\/{rel}","templated":true}]}}