{"id":1812,"date":"2026-02-07T19:35:29","date_gmt":"2026-02-07T19:35:29","guid":{"rendered":"https:\/\/ekochatykarpaty.cz\/?post_type=product&#038;p=1812"},"modified":"2026-02-22T22:39:24","modified_gmt":"2026-02-22T22:39:24","slug":"oskar","status":"publish","type":"product","link":"https:\/\/ekochatykarpaty.cz\/sk\/produkt\/oskar\/","title":{"rendered":"Oskar"},"content":{"rendered":"<p>Chatka Oskar zaujme na prv\u00fd poh\u013ead svojou netradi\u010dnou architekt\u00farou a v\u00fdraznou v\u00fd\u0161kou hrebe\u0148a, ktor\u00e1 dosahuje 3,65 metra. Tento parameter v kombin\u00e1cii s mas\u00edvnym 44 mm r\u00faben\u00fdm hranolom vytv\u00e1ra mimoriadne stabiln\u00fa stavbu s unik\u00e1tnym vn\u00fatorn\u00fdm objemom.<\/p>\n<p>Dispoz\u00edcia je rozdelen\u00e1 do dvoch miestnost\u00ed, ktor\u00e9 dop\u013a\u0148a \u00fatuln\u00e1 terasa s rozlohou 5,2 m\u00b2, ide\u00e1lna na chr\u00e1nen\u00e9 vonkaj\u0161ie posedenie. Chata je osaden\u00e1 vysok\u00fdmi presklen\u00fdmi prvkami a dvomi dverami, \u010do zais\u0165uje modern\u00fd vzh\u013ead a dostatok svetla v celom interi\u00e9ri.<\/p>\n<p>V\u010faka svojej kon\u0161trukcii z vysokohorsk\u00e9ho dreva a pou\u017eitiu izola\u010dn\u00fdch dvojskiel je Oskar skvel\u00fdm rie\u0161en\u00edm pre t\u00fdch, ktor\u00ed h\u013eadaj\u00fa origin\u00e1lny a funk\u010dn\u00fd objekt na v\u00edkendov\u00fa relax\u00e1ciu alebo \u0161t\u00fdlov\u00e9 z\u00e1hradn\u00e9 z\u00e1zemie.<\/p>","protected":false},"excerpt":{"rendered":"<p>\ud83d\udccf 18 m\u00b2 | \ud83e\uddf1 44 mm | \ud83d\udcd0 3000 x 6000 mm<\/p>","protected":false},"featured_media":1816,"comment_status":"open","ping_status":"closed","template":"","meta":[],"product_brand":[],"product_cat":[22],"product_tag":[],"class_list":{"0":"post-1812","1":"product","2":"type-product","3":"status-publish","4":"has-post-thumbnail","6":"product_cat-rekreacni_chaty","8":"first","9":"instock","10":"shipping-taxable","11":"purchasable","12":"product-type-simple"},"_links":{"self":[{"href":"https:\/\/ekochatykarpaty.cz\/sk\/wp-json\/wp\/v2\/product\/1812","targetHints":{"allow":["GET"]}}],"collection":[{"href":"https:\/\/ekochatykarpaty.cz\/sk\/wp-json\/wp\/v2\/product"}],"about":[{"href":"https:\/\/ekochatykarpaty.cz\/sk\/wp-json\/wp\/v2\/types\/product"}],"replies":[{"embeddable":true,"href":"https:\/\/ekochatykarpaty.cz\/sk\/wp-json\/wp\/v2\/comments?post=1812"}],"wp:featuredmedia":[{"embeddable":true,"href":"https:\/\/ekochatykarpaty.cz\/sk\/wp-json\/wp\/v2\/media\/1816"}],"wp:attachment":[{"href":"https:\/\/ekochatykarpaty.cz\/sk\/wp-json\/wp\/v2\/media?parent=1812"}],"wp:term":[{"taxonomy":"product_brand","embeddable":true,"href":"https:\/\/ekochatykarpaty.cz\/sk\/wp-json\/wp\/v2\/product_brand?post=1812"},{"taxonomy":"product_cat","embeddable":true,"href":"https:\/\/ekochatykarpaty.cz\/sk\/wp-json\/wp\/v2\/product_cat?post=1812"},{"taxonomy":"product_tag","embeddable":true,"href":"https:\/\/ekochatykarpaty.cz\/sk\/wp-json\/wp\/v2\/product_tag?post=1812"}],"curies":[{"name":"wp","href":"https:\/\/api.w.org\/{rel}","templated":true}]}}