{"id":1822,"date":"2026-02-07T19:45:15","date_gmt":"2026-02-07T19:45:15","guid":{"rendered":"https:\/\/ekochatykarpaty.cz\/?post_type=product&#038;p=1822"},"modified":"2026-02-22T22:38:49","modified_gmt":"2026-02-22T22:38:49","slug":"ota","status":"publish","type":"product","link":"https:\/\/ekochatykarpaty.cz\/sk\/produkt\/ota\/","title":{"rendered":"Ota"},"content":{"rendered":"<p>Model Ota predstavuje vysoko funk\u010dn\u00fa chatku, ktor\u00e1 na ploche 27 m\u00b2 pon\u00faka prepracovan\u00fa dispoz\u00edciu troch samostatn\u00fdch miestnost\u00ed. Tento model je v\u00fdnimo\u010dn\u00fd svoj\u00edm pr\u00edstupom \u2013 v\u010faka trom samostatn\u00fdm dver\u00e1m (vr\u00e1tane \u0161irok\u00e9ho dvojkr\u00eddlov\u00e9ho vstupu) a piatim okn\u00e1m s izola\u010dn\u00fdm dvojsklom pon\u00faka ka\u017ed\u00e1 \u010das\u0165 chaty dostatok s\u00fakromia aj svetla.<\/p>\n<p>Kon\u0161trukcia zo 44 mm mas\u00edvneho r\u00faben\u00e9ho hranola zais\u0165uje stabilitu a v\u00fdborn\u00fa mikrokl\u00edmu vo vn\u00fatri objektu. V\u010faka rozdeleniu priestoru je chata Ota ide\u00e1lna na rodinn\u00fa rekre\u00e1ciu, kde je mo\u017en\u00e9 oddeli\u0165 obytn\u00fa z\u00f3nu od sp\u00e1ln\u00ed alebo technick\u00e9ho z\u00e1zemia.<\/p>\n<p>Plocha strechy presne kop\u00edruj\u00faca p\u00f4dorys a poctiv\u00e9 tes\u00e1rske spoje z vysokohorsk\u00e9ho dreva robia z tejto stavby spo\u013eahliv\u00e9 a komfortn\u00e9 miesto na dlhodob\u00fd odpo\u010dinok.<\/p>","protected":false},"excerpt":{"rendered":"<p>\ud83d\udccf 27 m\u00b2 | \ud83e\uddf1 44 mm | \ud83d\udcd0 6000 x 4500 mm<\/p>","protected":false},"featured_media":1826,"comment_status":"open","ping_status":"closed","template":"","meta":[],"product_brand":[],"product_cat":[22],"product_tag":[],"class_list":{"0":"post-1822","1":"product","2":"type-product","3":"status-publish","4":"has-post-thumbnail","6":"product_cat-rekreacni_chaty","8":"first","9":"instock","10":"shipping-taxable","11":"purchasable","12":"product-type-simple"},"_links":{"self":[{"href":"https:\/\/ekochatykarpaty.cz\/sk\/wp-json\/wp\/v2\/product\/1822","targetHints":{"allow":["GET"]}}],"collection":[{"href":"https:\/\/ekochatykarpaty.cz\/sk\/wp-json\/wp\/v2\/product"}],"about":[{"href":"https:\/\/ekochatykarpaty.cz\/sk\/wp-json\/wp\/v2\/types\/product"}],"replies":[{"embeddable":true,"href":"https:\/\/ekochatykarpaty.cz\/sk\/wp-json\/wp\/v2\/comments?post=1822"}],"wp:featuredmedia":[{"embeddable":true,"href":"https:\/\/ekochatykarpaty.cz\/sk\/wp-json\/wp\/v2\/media\/1826"}],"wp:attachment":[{"href":"https:\/\/ekochatykarpaty.cz\/sk\/wp-json\/wp\/v2\/media?parent=1822"}],"wp:term":[{"taxonomy":"product_brand","embeddable":true,"href":"https:\/\/ekochatykarpaty.cz\/sk\/wp-json\/wp\/v2\/product_brand?post=1822"},{"taxonomy":"product_cat","embeddable":true,"href":"https:\/\/ekochatykarpaty.cz\/sk\/wp-json\/wp\/v2\/product_cat?post=1822"},{"taxonomy":"product_tag","embeddable":true,"href":"https:\/\/ekochatykarpaty.cz\/sk\/wp-json\/wp\/v2\/product_tag?post=1822"}],"curies":[{"name":"wp","href":"https:\/\/api.w.org\/{rel}","templated":true}]}}