{"id":1840,"date":"2026-02-07T20:18:31","date_gmt":"2026-02-07T20:18:31","guid":{"rendered":"https:\/\/ekochatykarpaty.cz\/?post_type=product&#038;p=1840"},"modified":"2026-02-22T22:37:20","modified_gmt":"2026-02-22T22:37:20","slug":"pavel-b","status":"publish","type":"product","link":"https:\/\/ekochatykarpaty.cz\/sk\/produkt\/pavel-b\/","title":{"rendered":"Pavel B"},"content":{"rendered":"<p>Model Pavel B predstavuje priestorovo najv\u00fdraznej\u0161\u00ed variant tohto radu, ktor\u00fd na zastavanej ploche 39 m\u00b2 pon\u00faka plnohodnotn\u00e9 z\u00e1zemie pre n\u00e1ro\u010dn\u00fa rekre\u00e1ciu.<\/p>\n<p>Dispoz\u00edcia je chytro rozdelen\u00e1 do troch izieb, \u010do umo\u017e\u0148uje vytvori\u0165 komfortn\u00fd ob\u00fdvac\u00ed priestor aj samostatn\u00e9 sp\u00e1lne. S\u00fa\u010das\u0165ou kon\u0161trukcie je tie\u017e priestrann\u00e1 terasa s v\u00fdmerou 8,3 m\u00b2, ktor\u00e1 sl\u00fa\u017ei ako ide\u00e1lne miesto pre kryt\u00e9 vonkaj\u0161ie posedenie. Chata je vybaven\u00e1 tromi samostatn\u00fdmi vchodmi a piatimi oknami s izola\u010dn\u00fdm dvojsklom, \u010do zaru\u010duje plynul\u00fa prev\u00e1dzku a vynikaj\u00facu svetelnos\u0165 cel\u00e9ho interi\u00e9ru.<\/p>\n<p>Mas\u00edvny 44 mm r\u00faben\u00fd hranol z vysokohorsk\u00e9ho dreva a stre\u0161n\u00fd z\u00e1klop s hr\u00fabkou 19 mm pod\u010diarkuj\u00fa robustnos\u0165 a dlh\u00fa \u017eivotnos\u0165 tejto stavby, ktor\u00e1 sa \u013eahko stane centr\u00e1lnym bodom va\u0161ej relaxa\u010dnej z\u00e1hrady \u010di pozemku.<\/p>","protected":false},"excerpt":{"rendered":"<p>\ud83d\udccf 39 m\u00b2 | \ud83e\uddf1 44 mm | \ud83d\udcd0 6000 x 6500 mm<\/p>","protected":false},"featured_media":1845,"comment_status":"open","ping_status":"closed","template":"","meta":[],"product_brand":[],"product_cat":[22],"product_tag":[],"class_list":{"0":"post-1840","1":"product","2":"type-product","3":"status-publish","4":"has-post-thumbnail","6":"product_cat-rekreacni_chaty","8":"first","9":"instock","10":"shipping-taxable","11":"purchasable","12":"product-type-simple"},"_links":{"self":[{"href":"https:\/\/ekochatykarpaty.cz\/sk\/wp-json\/wp\/v2\/product\/1840","targetHints":{"allow":["GET"]}}],"collection":[{"href":"https:\/\/ekochatykarpaty.cz\/sk\/wp-json\/wp\/v2\/product"}],"about":[{"href":"https:\/\/ekochatykarpaty.cz\/sk\/wp-json\/wp\/v2\/types\/product"}],"replies":[{"embeddable":true,"href":"https:\/\/ekochatykarpaty.cz\/sk\/wp-json\/wp\/v2\/comments?post=1840"}],"wp:featuredmedia":[{"embeddable":true,"href":"https:\/\/ekochatykarpaty.cz\/sk\/wp-json\/wp\/v2\/media\/1845"}],"wp:attachment":[{"href":"https:\/\/ekochatykarpaty.cz\/sk\/wp-json\/wp\/v2\/media?parent=1840"}],"wp:term":[{"taxonomy":"product_brand","embeddable":true,"href":"https:\/\/ekochatykarpaty.cz\/sk\/wp-json\/wp\/v2\/product_brand?post=1840"},{"taxonomy":"product_cat","embeddable":true,"href":"https:\/\/ekochatykarpaty.cz\/sk\/wp-json\/wp\/v2\/product_cat?post=1840"},{"taxonomy":"product_tag","embeddable":true,"href":"https:\/\/ekochatykarpaty.cz\/sk\/wp-json\/wp\/v2\/product_tag?post=1840"}],"curies":[{"name":"wp","href":"https:\/\/api.w.org\/{rel}","templated":true}]}}