{"id":1850,"date":"2026-02-07T20:26:37","date_gmt":"2026-02-07T20:26:37","guid":{"rendered":"https:\/\/ekochatykarpaty.cz\/?post_type=product&#038;p=1850"},"modified":"2026-02-22T22:36:08","modified_gmt":"2026-02-22T22:36:08","slug":"stazka","status":"publish","type":"product","link":"https:\/\/ekochatykarpaty.cz\/sk\/produkt\/stazka\/","title":{"rendered":"St\u00e1zka"},"content":{"rendered":"<p>Chata St\u00e1zka je v\u00fdnimo\u010dn\u00fd model definovan\u00fd svojou vertik\u00e1lnou dominanciou a unik\u00e1tnym presvetlen\u00edm. S v\u00fd\u0161kou hrebe\u0148a dosahuj\u00facou 4,3 metra pon\u00faka interi\u00e9r nev\u00eddan\u00fa vzdu\u0161nos\u0165 a pocit ve\u013ek\u00e9ho priestoru aj na kompaktnom p\u00f4doryse.<\/p>\n<p>Dominantou chaty je nad\u0161tandardne \u0161irok\u00fd vstup (300 cm), ktor\u00fd stiera hranicu medzi vn\u00fatorn\u00fdm priestorom a pri\u013eahlou terasou s rozlohou 6,3 m\u00b2. Dispoz\u00edcia je rozdelen\u00e1 do dvoch miestnost\u00ed, \u010do umo\u017e\u0148uje oddeli\u0165 relaxa\u010dn\u00fa z\u00f3nu od praktick\u00e9ho z\u00e1zemia.<\/p>\n<p>Mas\u00edvny 44 mm r\u00faben\u00fd hranol v kombin\u00e1cii s vysokou obvodovou stenou (2,56 m) a izola\u010dn\u00fdm dvojsklom zaru\u010duje stabilitu a komfort. St\u00e1zka je ide\u00e1lnou vo\u013ebou pre t\u00fdch, ktor\u00ed h\u013eadaj\u00fa modern\u00e9 po\u0148atie drevostavby s tes\u00e1rskymi detailmi, ktor\u00e9 maximalizuj\u00fa kontakt s pr\u00edrodou.<\/p>","protected":false},"excerpt":{"rendered":"<p>\ud83d\udccf 20 m\u00b2 | \ud83e\uddf1 44 mm | \ud83d\udcd0 3700 x 5400 mm<\/p>","protected":false},"featured_media":1852,"comment_status":"open","ping_status":"closed","template":"","meta":[],"product_brand":[],"product_cat":[22],"product_tag":[],"class_list":{"0":"post-1850","1":"product","2":"type-product","3":"status-publish","4":"has-post-thumbnail","6":"product_cat-rekreacni_chaty","8":"first","9":"instock","10":"shipping-taxable","11":"purchasable","12":"product-type-simple"},"_links":{"self":[{"href":"https:\/\/ekochatykarpaty.cz\/sk\/wp-json\/wp\/v2\/product\/1850","targetHints":{"allow":["GET"]}}],"collection":[{"href":"https:\/\/ekochatykarpaty.cz\/sk\/wp-json\/wp\/v2\/product"}],"about":[{"href":"https:\/\/ekochatykarpaty.cz\/sk\/wp-json\/wp\/v2\/types\/product"}],"replies":[{"embeddable":true,"href":"https:\/\/ekochatykarpaty.cz\/sk\/wp-json\/wp\/v2\/comments?post=1850"}],"wp:featuredmedia":[{"embeddable":true,"href":"https:\/\/ekochatykarpaty.cz\/sk\/wp-json\/wp\/v2\/media\/1852"}],"wp:attachment":[{"href":"https:\/\/ekochatykarpaty.cz\/sk\/wp-json\/wp\/v2\/media?parent=1850"}],"wp:term":[{"taxonomy":"product_brand","embeddable":true,"href":"https:\/\/ekochatykarpaty.cz\/sk\/wp-json\/wp\/v2\/product_brand?post=1850"},{"taxonomy":"product_cat","embeddable":true,"href":"https:\/\/ekochatykarpaty.cz\/sk\/wp-json\/wp\/v2\/product_cat?post=1850"},{"taxonomy":"product_tag","embeddable":true,"href":"https:\/\/ekochatykarpaty.cz\/sk\/wp-json\/wp\/v2\/product_tag?post=1850"}],"curies":[{"name":"wp","href":"https:\/\/api.w.org\/{rel}","templated":true}]}}