{"id":1860,"date":"2026-02-07T20:33:09","date_gmt":"2026-02-07T20:33:09","guid":{"rendered":"https:\/\/ekochatykarpaty.cz\/?post_type=product&#038;p=1860"},"modified":"2026-02-22T22:35:34","modified_gmt":"2026-02-22T22:35:34","slug":"betka","status":"publish","type":"product","link":"https:\/\/ekochatykarpaty.cz\/sk\/produkt\/betka\/","title":{"rendered":"B\u011btka"},"content":{"rendered":"<p>Chata B\u011btka je navrhnut\u00e1 pre milovn\u00edkov svetla a otvoren\u00fdch priestorov. Na obd\u013a\u017enikovom p\u00f4doryse pon\u00faka dve samostatn\u00e9 miestnosti, ktor\u00e9 s\u00fa v\u010faka \u0161iestim rozmern\u00fdm okn\u00e1m s izola\u010dn\u00fdm dvojsklom dokonale presvetlen\u00e9 z nieko\u013ek\u00fdch str\u00e1n.<\/p>\n<p>K\u013e\u00fa\u010dov\u00fdm prvkom tohto modelu je priestrann\u00e1 terasa s rozlohou 10,4 m\u00b2, ktor\u00e1 vytv\u00e1ra prirodzen\u00e9 pred\u013a\u017eenie obytn\u00e9ho priestoru smerom do z\u00e1hrady. Kon\u0161trukcia zo 44 mm mas\u00edvneho r\u00faben\u00e9ho hranola zais\u0165uje stavbe pevn\u00fa stabilitu a dlh\u00fa \u017eivotnos\u0165.<\/p>\n<p>S tromi samostatn\u00fdmi vchodmi a zv\u00fd\u0161enou obvodovou stenou (2,3 m) pon\u00faka B\u011btka vysok\u00fd komfort u\u017e\u00edvania a variabilitu v usporiadan\u00ed interi\u00e9ru, \u010do z nej rob\u00ed ide\u00e1lnu vo\u013ebu na v\u00edkendov\u00e9 pobyty alebo modern\u00fd z\u00e1hradn\u00fd ateli\u00e9r.<\/p>","protected":false},"excerpt":{"rendered":"<p>\ud83d\udccf 18,6 m\u00b2 | \ud83e\uddf1 44 mm | \ud83d\udcd0 3200 x 5800 mm<\/p>","protected":false},"featured_media":1870,"comment_status":"open","ping_status":"closed","template":"","meta":[],"product_brand":[],"product_cat":[22],"product_tag":[],"class_list":{"0":"post-1860","1":"product","2":"type-product","3":"status-publish","4":"has-post-thumbnail","6":"product_cat-rekreacni_chaty","8":"first","9":"instock","10":"shipping-taxable","11":"purchasable","12":"product-type-simple"},"_links":{"self":[{"href":"https:\/\/ekochatykarpaty.cz\/sk\/wp-json\/wp\/v2\/product\/1860","targetHints":{"allow":["GET"]}}],"collection":[{"href":"https:\/\/ekochatykarpaty.cz\/sk\/wp-json\/wp\/v2\/product"}],"about":[{"href":"https:\/\/ekochatykarpaty.cz\/sk\/wp-json\/wp\/v2\/types\/product"}],"replies":[{"embeddable":true,"href":"https:\/\/ekochatykarpaty.cz\/sk\/wp-json\/wp\/v2\/comments?post=1860"}],"wp:featuredmedia":[{"embeddable":true,"href":"https:\/\/ekochatykarpaty.cz\/sk\/wp-json\/wp\/v2\/media\/1870"}],"wp:attachment":[{"href":"https:\/\/ekochatykarpaty.cz\/sk\/wp-json\/wp\/v2\/media?parent=1860"}],"wp:term":[{"taxonomy":"product_brand","embeddable":true,"href":"https:\/\/ekochatykarpaty.cz\/sk\/wp-json\/wp\/v2\/product_brand?post=1860"},{"taxonomy":"product_cat","embeddable":true,"href":"https:\/\/ekochatykarpaty.cz\/sk\/wp-json\/wp\/v2\/product_cat?post=1860"},{"taxonomy":"product_tag","embeddable":true,"href":"https:\/\/ekochatykarpaty.cz\/sk\/wp-json\/wp\/v2\/product_tag?post=1860"}],"curies":[{"name":"wp","href":"https:\/\/api.w.org\/{rel}","templated":true}]}}