{"id":1871,"date":"2026-02-07T20:40:21","date_gmt":"2026-02-07T20:40:21","guid":{"rendered":"https:\/\/ekochatykarpaty.cz\/?post_type=product&#038;p=1871"},"modified":"2026-02-22T22:34:46","modified_gmt":"2026-02-22T22:34:46","slug":"terka","status":"publish","type":"product","link":"https:\/\/ekochatykarpaty.cz\/sk\/produkt\/terka\/","title":{"rendered":"Terka"},"content":{"rendered":"<p><strong>509800 K\u010d (44mm)\/579200 K\u010d (68mm)<\/strong><\/p>\n<p>Chata Terka patr\u00ed k naj\u010dlenitej\u0161\u00edm modelom v ponuke, pri\u010dom na ploche 27 m\u00b2 dok\u00e1\u017ee pon\u00faknu\u0165 a\u017e \u0161tyri samostatn\u00e9 miestnosti. T\u00e1to unik\u00e1tna dispoz\u00edcia so \u0161tyrmi vchodmi a siedmimi oknami s izola\u010dn\u00fdm dvojsklom umo\u017e\u0148uje vytvori\u0165 plnohodnotn\u00e9 z\u00e1zemie s oddelen\u00fdmi sp\u00e1l\u0148ami, soci\u00e1lnym zariaden\u00edm aj skladom, v\u0161etko pod jednou strechou.<\/p>\n<p>Kon\u0161trukcia z mas\u00edvneho r\u00faben\u00e9ho hranola (s volite\u013enou hr\u00fabkou 44 mm alebo 68 mm) v kombin\u00e1cii s nad\u0161tandardnou hr\u00fabkou podlahov\u00fdch dosiek (28 mm) zaru\u010duje mimoriadnu odolnos\u0165 a stabilitu. Vysok\u00fd hrebe\u0148 strechy (3,9 m) dod\u00e1va interi\u00e9ru vzdu\u0161nos\u0165, zatia\u013e \u010do prec\u00edzne tes\u00e1rske spoje z vysokohorsk\u00e9ho dreva zais\u0165uj\u00fa dlh\u00fa \u017eivotnos\u0165 stavby aj pri intenz\u00edvnom celoro\u010dnom vyu\u017e\u00edvan\u00ed.<\/p>","protected":false},"excerpt":{"rendered":"<p>\ud83d\udccf 27 m\u00b2 | \ud83e\uddf1 44 \/ 68 mm | \ud83d\udcd0 4500 x 6000 mm<\/p>","protected":false},"featured_media":1880,"comment_status":"open","ping_status":"closed","template":"","meta":[],"product_brand":[],"product_cat":[22],"product_tag":[],"class_list":{"0":"post-1871","1":"product","2":"type-product","3":"status-publish","4":"has-post-thumbnail","6":"product_cat-rekreacni_chaty","8":"first","9":"instock","10":"shipping-taxable","11":"purchasable","12":"product-type-simple"},"_links":{"self":[{"href":"https:\/\/ekochatykarpaty.cz\/sk\/wp-json\/wp\/v2\/product\/1871","targetHints":{"allow":["GET"]}}],"collection":[{"href":"https:\/\/ekochatykarpaty.cz\/sk\/wp-json\/wp\/v2\/product"}],"about":[{"href":"https:\/\/ekochatykarpaty.cz\/sk\/wp-json\/wp\/v2\/types\/product"}],"replies":[{"embeddable":true,"href":"https:\/\/ekochatykarpaty.cz\/sk\/wp-json\/wp\/v2\/comments?post=1871"}],"wp:featuredmedia":[{"embeddable":true,"href":"https:\/\/ekochatykarpaty.cz\/sk\/wp-json\/wp\/v2\/media\/1880"}],"wp:attachment":[{"href":"https:\/\/ekochatykarpaty.cz\/sk\/wp-json\/wp\/v2\/media?parent=1871"}],"wp:term":[{"taxonomy":"product_brand","embeddable":true,"href":"https:\/\/ekochatykarpaty.cz\/sk\/wp-json\/wp\/v2\/product_brand?post=1871"},{"taxonomy":"product_cat","embeddable":true,"href":"https:\/\/ekochatykarpaty.cz\/sk\/wp-json\/wp\/v2\/product_cat?post=1871"},{"taxonomy":"product_tag","embeddable":true,"href":"https:\/\/ekochatykarpaty.cz\/sk\/wp-json\/wp\/v2\/product_tag?post=1871"}],"curies":[{"name":"wp","href":"https:\/\/api.w.org\/{rel}","templated":true}]}}