{"id":1889,"date":"2026-02-08T20:35:26","date_gmt":"2026-02-08T20:35:26","guid":{"rendered":"https:\/\/ekochatykarpaty.cz\/?post_type=product&#038;p=1889"},"modified":"2026-02-22T22:34:03","modified_gmt":"2026-02-22T22:34:03","slug":"sissi","status":"publish","type":"product","link":"https:\/\/ekochatykarpaty.cz\/sk\/produkt\/sissi\/","title":{"rendered":"Sissi"},"content":{"rendered":"<p>Model Sissi definuje modern\u00e9 pojenie rekrea\u010dnej drevostavby s d\u00f4razom na presvetlenie a line\u00e1rny dizajn. Na ve\u013ekorysej ploche cez 33 m\u00b2 pon\u00faka dispoz\u00edciu rozdelen\u00fa do dvoch miestnost\u00ed, ktor\u00e9 v\u010faka siedmim vysok\u00fdm presklen\u00fdm prvkom s izola\u010dn\u00fdm dvojsklom p\u00f4sobia mimoriadne vzdu\u0161ne a otvorene.<\/p>\n<p>Pretiahnut\u00fd p\u00f4dorys 8 metrov umo\u017e\u0148uje vytvori\u0165 logick\u00e9 usporiadanie interi\u00e9ru s jasne oddelenou oddychovou a spolo\u010denskou z\u00f3nou. Mas\u00edvny 44 mm r\u00faben\u00fd hranol zais\u0165uje stavbe potrebn\u00fa stabilitu a tepeln\u00fd komfort, zatia\u013e \u010do prec\u00edzne opracovan\u00e9 vysokohorsk\u00e9 drevo dod\u00e1va objektu \u010dist\u00fd, pr\u00edrodn\u00fd vzh\u013ead.<\/p>\n<p>Chata Sissi je ide\u00e1lnou vo\u013ebou pre t\u00fdch, ktor\u00ed h\u013eadaj\u00fa \u0161t\u00fdlov\u00e9, presvetlen\u00e9 z\u00e1zemie s netradi\u010dn\u00fdm form\u00e1tom, ktor\u00fd skvele zapadne do modernej z\u00e1hrady aj vo\u013enej krajiny.<\/p>","protected":false},"excerpt":{"rendered":"<p>\ud83d\udccf 33,6 m\u00b2 | \ud83e\uddf1 44 mm | \ud83d\udcd0 4200 x 8000 mm<\/p>","protected":false},"featured_media":1892,"comment_status":"open","ping_status":"closed","template":"","meta":[],"product_brand":[],"product_cat":[22],"product_tag":[],"class_list":{"0":"post-1889","1":"product","2":"type-product","3":"status-publish","4":"has-post-thumbnail","6":"product_cat-rekreacni_chaty","8":"first","9":"instock","10":"shipping-taxable","11":"purchasable","12":"product-type-simple"},"_links":{"self":[{"href":"https:\/\/ekochatykarpaty.cz\/sk\/wp-json\/wp\/v2\/product\/1889","targetHints":{"allow":["GET"]}}],"collection":[{"href":"https:\/\/ekochatykarpaty.cz\/sk\/wp-json\/wp\/v2\/product"}],"about":[{"href":"https:\/\/ekochatykarpaty.cz\/sk\/wp-json\/wp\/v2\/types\/product"}],"replies":[{"embeddable":true,"href":"https:\/\/ekochatykarpaty.cz\/sk\/wp-json\/wp\/v2\/comments?post=1889"}],"wp:featuredmedia":[{"embeddable":true,"href":"https:\/\/ekochatykarpaty.cz\/sk\/wp-json\/wp\/v2\/media\/1892"}],"wp:attachment":[{"href":"https:\/\/ekochatykarpaty.cz\/sk\/wp-json\/wp\/v2\/media?parent=1889"}],"wp:term":[{"taxonomy":"product_brand","embeddable":true,"href":"https:\/\/ekochatykarpaty.cz\/sk\/wp-json\/wp\/v2\/product_brand?post=1889"},{"taxonomy":"product_cat","embeddable":true,"href":"https:\/\/ekochatykarpaty.cz\/sk\/wp-json\/wp\/v2\/product_cat?post=1889"},{"taxonomy":"product_tag","embeddable":true,"href":"https:\/\/ekochatykarpaty.cz\/sk\/wp-json\/wp\/v2\/product_tag?post=1889"}],"curies":[{"name":"wp","href":"https:\/\/api.w.org\/{rel}","templated":true}]}}