{"id":1898,"date":"2026-02-08T21:39:38","date_gmt":"2026-02-08T21:39:38","guid":{"rendered":"https:\/\/ekochatykarpaty.cz\/?post_type=product&#038;p=1898"},"modified":"2026-02-22T22:33:11","modified_gmt":"2026-02-22T22:33:11","slug":"karel","status":"publish","type":"product","link":"https:\/\/ekochatykarpaty.cz\/sk\/produkt\/karel\/","title":{"rendered":"Karel"},"content":{"rendered":"<p>Chata Karel zaujme svoj\u00edm ve\u013ekorys\u00fdm pozd\u013a\u017enym p\u00f4dorysom, ktor\u00fd na ploche cez 31 m\u00b2 pon\u00faka komfortn\u00e9 z\u00e1zemie rozdelen\u00e9 do dvoch funk\u010dn\u00fdch miestnost\u00ed. S\u00fa\u010das\u0165ou kon\u0161trukcie je aj integrovan\u00e1 terasa s rozlohou 5,6 m\u00b2, ktor\u00e1 poskytuje pr\u00edjemn\u00e9 miesto pre chr\u00e1nen\u00e9 vonkaj\u0161ie posedenie.<\/p>\n<p>Chata je navrhnut\u00e1 pre maxim\u00e1lnu praktickos\u0165, \u010do potvrdzuj\u00fa tri samostatn\u00e9 vchody a \u0161tyri okn\u00e1 r\u00f4znych rozmerov s izola\u010dn\u00fdm dvojsklom, zais\u0165uj\u00face optim\u00e1lne vetranie a dostatok denn\u00e9ho svetla v oboch \u010dastiach objektu. Mas\u00edvny 44 mm r\u00faben\u00fd hranol a prec\u00edzne spracovanie vysokohorsk\u00e9ho dreva zaru\u010duj\u00fa vynikaj\u00facu stabilitu a dlh\u00fa \u017eivotnos\u0165.<\/p>\n<p>Karel je ide\u00e1lnym rie\u0161en\u00edm pre t\u00fdch, ktor\u00ed h\u013eadaj\u00fa priestrann\u00fa a \u010dlenit\u00fa stavbu vhodn\u00fa na rodinn\u00fa rekre\u00e1ciu aj sez\u00f3nne b\u00fdvanie.<\/p>","protected":false},"excerpt":{"rendered":"<p>\ud83d\udccf 31,2 m\u00b2 | \ud83e\uddf1 44 mm | \ud83d\udcd0 4000 x 7800 mm<\/p>","protected":false},"featured_media":1899,"comment_status":"open","ping_status":"closed","template":"","meta":[],"product_brand":[],"product_cat":[22],"product_tag":[],"class_list":{"0":"post-1898","1":"product","2":"type-product","3":"status-publish","4":"has-post-thumbnail","6":"product_cat-rekreacni_chaty","8":"first","9":"instock","10":"shipping-taxable","11":"purchasable","12":"product-type-simple"},"_links":{"self":[{"href":"https:\/\/ekochatykarpaty.cz\/sk\/wp-json\/wp\/v2\/product\/1898","targetHints":{"allow":["GET"]}}],"collection":[{"href":"https:\/\/ekochatykarpaty.cz\/sk\/wp-json\/wp\/v2\/product"}],"about":[{"href":"https:\/\/ekochatykarpaty.cz\/sk\/wp-json\/wp\/v2\/types\/product"}],"replies":[{"embeddable":true,"href":"https:\/\/ekochatykarpaty.cz\/sk\/wp-json\/wp\/v2\/comments?post=1898"}],"wp:featuredmedia":[{"embeddable":true,"href":"https:\/\/ekochatykarpaty.cz\/sk\/wp-json\/wp\/v2\/media\/1899"}],"wp:attachment":[{"href":"https:\/\/ekochatykarpaty.cz\/sk\/wp-json\/wp\/v2\/media?parent=1898"}],"wp:term":[{"taxonomy":"product_brand","embeddable":true,"href":"https:\/\/ekochatykarpaty.cz\/sk\/wp-json\/wp\/v2\/product_brand?post=1898"},{"taxonomy":"product_cat","embeddable":true,"href":"https:\/\/ekochatykarpaty.cz\/sk\/wp-json\/wp\/v2\/product_cat?post=1898"},{"taxonomy":"product_tag","embeddable":true,"href":"https:\/\/ekochatykarpaty.cz\/sk\/wp-json\/wp\/v2\/product_tag?post=1898"}],"curies":[{"name":"wp","href":"https:\/\/api.w.org\/{rel}","templated":true}]}}