{"id":1915,"date":"2026-02-08T21:54:15","date_gmt":"2026-02-08T21:54:15","guid":{"rendered":"https:\/\/ekochatykarpaty.cz\/?post_type=product&#038;p=1915"},"modified":"2026-02-22T22:32:10","modified_gmt":"2026-02-22T22:32:10","slug":"kony","status":"publish","type":"product","link":"https:\/\/ekochatykarpaty.cz\/sk\/produkt\/kony\/","title":{"rendered":"Kony"},"content":{"rendered":"<p>Model Kony je navrhnut\u00fd pre milovn\u00edkov panoramatick\u00fdch v\u00fdh\u013eadov a modern\u00e9ho dizajnu. Hoci zastavan\u00e1 plocha predstavuje kompaktn\u00fdch 19 m\u00b2, dom\u010dek p\u00f4sob\u00ed v\u010faka extr\u00e9mne \u0161irok\u00fdm presklen\u00fdm dver\u00e1m (300 cm) a ve\u013ek\u00e9mu oknu neoby\u010dajne priestranne.<\/p>\n<p>Tento koncept maxim\u00e1lneho prepojenia interi\u00e9ru s exteri\u00e9rom dop\u013a\u0148a integrovan\u00e1 terasa s plochou 3,8 m\u00b2, ktor\u00e1 je ide\u00e1lna na rann\u00fa k\u00e1vu alebo relax\u00e1ciu na \u010derstvom vzduchu. Kon\u0161trukcia zo 44 mm mas\u00edvneho r\u00faben\u00e9ho hranola zais\u0165uje vynikaj\u00facu stabilitu a tepeln\u00fa zotrva\u010dnos\u0165, zatia\u013e \u010do n\u00edzky sklon strechy dod\u00e1va stavbe minimalistick\u00fd vzh\u013ead.<\/p>\n<p>Kony je perfektnou vo\u013ebou na vybudovanie presvetlen\u00e9ho z\u00e1hradn\u00e9ho sal\u00f3nu, modernej pracovne alebo \u0161t\u00fdlov\u00e9ho z\u00e1zemia pri baz\u00e9ne.<\/p>","protected":false},"excerpt":{"rendered":"<p>\ud83d\udccf 19 m\u00b2 | \ud83e\uddf1 44 mm | \ud83d\udcd0 5000 x 3800 mm<\/p>","protected":false},"featured_media":1916,"comment_status":"open","ping_status":"closed","template":"","meta":[],"product_brand":[],"product_cat":[22],"product_tag":[],"class_list":{"0":"post-1915","1":"product","2":"type-product","3":"status-publish","4":"has-post-thumbnail","6":"product_cat-rekreacni_chaty","8":"first","9":"instock","10":"shipping-taxable","11":"purchasable","12":"product-type-simple"},"_links":{"self":[{"href":"https:\/\/ekochatykarpaty.cz\/sk\/wp-json\/wp\/v2\/product\/1915","targetHints":{"allow":["GET"]}}],"collection":[{"href":"https:\/\/ekochatykarpaty.cz\/sk\/wp-json\/wp\/v2\/product"}],"about":[{"href":"https:\/\/ekochatykarpaty.cz\/sk\/wp-json\/wp\/v2\/types\/product"}],"replies":[{"embeddable":true,"href":"https:\/\/ekochatykarpaty.cz\/sk\/wp-json\/wp\/v2\/comments?post=1915"}],"wp:featuredmedia":[{"embeddable":true,"href":"https:\/\/ekochatykarpaty.cz\/sk\/wp-json\/wp\/v2\/media\/1916"}],"wp:attachment":[{"href":"https:\/\/ekochatykarpaty.cz\/sk\/wp-json\/wp\/v2\/media?parent=1915"}],"wp:term":[{"taxonomy":"product_brand","embeddable":true,"href":"https:\/\/ekochatykarpaty.cz\/sk\/wp-json\/wp\/v2\/product_brand?post=1915"},{"taxonomy":"product_cat","embeddable":true,"href":"https:\/\/ekochatykarpaty.cz\/sk\/wp-json\/wp\/v2\/product_cat?post=1915"},{"taxonomy":"product_tag","embeddable":true,"href":"https:\/\/ekochatykarpaty.cz\/sk\/wp-json\/wp\/v2\/product_tag?post=1915"}],"curies":[{"name":"wp","href":"https:\/\/api.w.org\/{rel}","templated":true}]}}