{"id":1919,"date":"2026-02-08T22:00:17","date_gmt":"2026-02-08T22:00:17","guid":{"rendered":"https:\/\/ekochatykarpaty.cz\/?post_type=product&#038;p=1919"},"modified":"2026-02-22T22:31:17","modified_gmt":"2026-02-22T22:31:17","slug":"mimi","status":"publish","type":"product","link":"https:\/\/ekochatykarpaty.cz\/sk\/produkt\/mimi\/","title":{"rendered":"Mimi"},"content":{"rendered":"<p>Model Mimi stav\u00ed na elegancii a impozantnej v\u00fd\u0161ke hrebe\u0148a 3,5 metra, ktor\u00e1 interi\u00e9ru dod\u00e1va ne\u010dakan\u00fa vzdu\u0161nos\u0165 a otv\u00e1ra priestor smerom nahor. Na ploche 17,5 m\u00b2 dominuje mimoriadne \u0161irok\u00fd presklen\u00fd vstup (300 cm), ktor\u00fd v kombin\u00e1cii s \u010fal\u0161\u00edmi oknami s izola\u010dn\u00fdm dvojsklom zais\u0165uje dokonal\u00e9 presvetlenie cel\u00e9ho jednopriestorov\u00e9ho interi\u00e9ru.<\/p>\n<p>Mas\u00edvny 44 mm r\u00faben\u00fd hranol z kvalitn\u00e9ho vysokohorsk\u00e9ho dreva garantuje stabilitu a dlh\u00fa \u017eivotnos\u0165 stavby. V\u010faka kombin\u00e1cii vysokej obvodovej steny (2,43 m) a v\u00fdraznej v\u00fd\u0161ky hrebe\u0148a je Mimi ide\u00e1lnou vo\u013ebou pre vybudovanie nad\u0161tandardne svetl\u00e9ho ateli\u00e9ru, modernej z\u00e1hradnej pracovne alebo luxusn\u00e9ho relaxa\u010dn\u00e9ho z\u00e1zemia, ktor\u00e9 sa stane architektonick\u00fdm doplnkom va\u0161ej z\u00e1hrady.<\/p>","protected":false},"excerpt":{"rendered":"<p>\ud83d\udccf 17,5 m\u00b2 | \ud83e\uddf1 44 mm | \ud83d\udcd0 5000 x 3500 mm<\/p>","protected":false},"featured_media":1923,"comment_status":"open","ping_status":"closed","template":"","meta":[],"product_brand":[],"product_cat":[22],"product_tag":[],"class_list":{"0":"post-1919","1":"product","2":"type-product","3":"status-publish","4":"has-post-thumbnail","6":"product_cat-rekreacni_chaty","8":"first","9":"instock","10":"shipping-taxable","11":"purchasable","12":"product-type-simple"},"_links":{"self":[{"href":"https:\/\/ekochatykarpaty.cz\/sk\/wp-json\/wp\/v2\/product\/1919","targetHints":{"allow":["GET"]}}],"collection":[{"href":"https:\/\/ekochatykarpaty.cz\/sk\/wp-json\/wp\/v2\/product"}],"about":[{"href":"https:\/\/ekochatykarpaty.cz\/sk\/wp-json\/wp\/v2\/types\/product"}],"replies":[{"embeddable":true,"href":"https:\/\/ekochatykarpaty.cz\/sk\/wp-json\/wp\/v2\/comments?post=1919"}],"wp:featuredmedia":[{"embeddable":true,"href":"https:\/\/ekochatykarpaty.cz\/sk\/wp-json\/wp\/v2\/media\/1923"}],"wp:attachment":[{"href":"https:\/\/ekochatykarpaty.cz\/sk\/wp-json\/wp\/v2\/media?parent=1919"}],"wp:term":[{"taxonomy":"product_brand","embeddable":true,"href":"https:\/\/ekochatykarpaty.cz\/sk\/wp-json\/wp\/v2\/product_brand?post=1919"},{"taxonomy":"product_cat","embeddable":true,"href":"https:\/\/ekochatykarpaty.cz\/sk\/wp-json\/wp\/v2\/product_cat?post=1919"},{"taxonomy":"product_tag","embeddable":true,"href":"https:\/\/ekochatykarpaty.cz\/sk\/wp-json\/wp\/v2\/product_tag?post=1919"}],"curies":[{"name":"wp","href":"https:\/\/api.w.org\/{rel}","templated":true}]}}