{"id":1929,"date":"2026-02-08T22:06:15","date_gmt":"2026-02-08T22:06:15","guid":{"rendered":"https:\/\/ekochatykarpaty.cz\/?post_type=product&#038;p=1929"},"modified":"2026-02-22T22:30:42","modified_gmt":"2026-02-22T22:30:42","slug":"pupca","status":"publish","type":"product","link":"https:\/\/ekochatykarpaty.cz\/sk\/produkt\/pupca\/","title":{"rendered":"Pup\u010da"},"content":{"rendered":"<p>Model Pup\u010da stav\u00ed na symetrickom \u0161tvorcovom p\u00f4doryse a maxim\u00e1lnej otvorenosti. Napriek tomu, \u017ee ide o kompaktn\u00fa stavbu so zastavanou plochou 14,4 m\u00b2, v\u010faka dvom mimoriadne \u0161irok\u00fdm presklen\u00fdm vstupom (ka\u017ed\u00fd so \u0161\u00edrkou 300 cm) p\u00f4sob\u00ed interi\u00e9r neuverite\u013ene priestranne a vzdu\u0161ne.<\/p>\n<p>Tento model prakticky stiera hranicu medzi vn\u00fatorn\u00fdm priestorom a z\u00e1hradou, \u010do ho predur\u010duje na vyu\u017eitie ako modern\u00fd z\u00e1hradn\u00fd alt\u00e1nok, presvetlen\u00fa letn\u00fa ob\u00fdva\u010dku alebo \u0161t\u00fdlov\u00e9 z\u00e1zemie pri baz\u00e9ne. Robustn\u00fd 44 mm r\u00faben\u00fd hranol a takmer zhodn\u00e1 v\u00fd\u0161ka stien a hrebe\u0148a zais\u0165uj\u00fa stavbe minimalistick\u00fd, kubick\u00fd vzh\u013ead, ktor\u00fd skvele dop\u013a\u0148a modern\u00fa architekt\u00faru.<\/p>\n<p>Pou\u017eitie izola\u010dn\u00fdch dvojskiel a kvalitn\u00e9ho vysokohorsk\u00e9ho dreva je aj u tohto men\u0161ieho modelu samozrejmos\u0165ou, ktor\u00e1 zaru\u010duje stabilitu a dlh\u00fa \u017eivotnos\u0165.<\/p>","protected":false},"excerpt":{"rendered":"<p>\ud83d\udccf 14,4 m\u00b2 | \ud83e\uddf1 44 mm | \ud83d\udcd0 3800 x 3800 mm<\/p>","protected":false},"featured_media":1936,"comment_status":"open","ping_status":"closed","template":"","meta":[],"product_brand":[],"product_cat":[22],"product_tag":[],"class_list":{"0":"post-1929","1":"product","2":"type-product","3":"status-publish","4":"has-post-thumbnail","6":"product_cat-rekreacni_chaty","8":"first","9":"instock","10":"shipping-taxable","11":"purchasable","12":"product-type-simple"},"_links":{"self":[{"href":"https:\/\/ekochatykarpaty.cz\/sk\/wp-json\/wp\/v2\/product\/1929","targetHints":{"allow":["GET"]}}],"collection":[{"href":"https:\/\/ekochatykarpaty.cz\/sk\/wp-json\/wp\/v2\/product"}],"about":[{"href":"https:\/\/ekochatykarpaty.cz\/sk\/wp-json\/wp\/v2\/types\/product"}],"replies":[{"embeddable":true,"href":"https:\/\/ekochatykarpaty.cz\/sk\/wp-json\/wp\/v2\/comments?post=1929"}],"wp:featuredmedia":[{"embeddable":true,"href":"https:\/\/ekochatykarpaty.cz\/sk\/wp-json\/wp\/v2\/media\/1936"}],"wp:attachment":[{"href":"https:\/\/ekochatykarpaty.cz\/sk\/wp-json\/wp\/v2\/media?parent=1929"}],"wp:term":[{"taxonomy":"product_brand","embeddable":true,"href":"https:\/\/ekochatykarpaty.cz\/sk\/wp-json\/wp\/v2\/product_brand?post=1929"},{"taxonomy":"product_cat","embeddable":true,"href":"https:\/\/ekochatykarpaty.cz\/sk\/wp-json\/wp\/v2\/product_cat?post=1929"},{"taxonomy":"product_tag","embeddable":true,"href":"https:\/\/ekochatykarpaty.cz\/sk\/wp-json\/wp\/v2\/product_tag?post=1929"}],"curies":[{"name":"wp","href":"https:\/\/api.w.org\/{rel}","templated":true}]}}