{"id":1937,"date":"2026-02-08T22:10:45","date_gmt":"2026-02-08T22:10:45","guid":{"rendered":"https:\/\/ekochatykarpaty.cz\/?post_type=product&#038;p=1937"},"modified":"2026-02-22T22:30:06","modified_gmt":"2026-02-22T22:30:06","slug":"regii","status":"publish","type":"product","link":"https:\/\/ekochatykarpaty.cz\/sk\/produkt\/regii\/","title":{"rendered":"Regii"},"content":{"rendered":"<p>Model Regii je d\u00f4kazom, \u017ee aj na malej ploche je mo\u017en\u00e9 vytvori\u0165 vysoko kvalitn\u00e9 a estetick\u00e9 z\u00e1zemie. S p\u00f4dorysom 2,8 x 2,8 metra ide o kompaktn\u00fd dom\u010dek, ktor\u00fd sa \u013eahko zmest\u00ed aj do men\u0161\u00edch z\u00e1hrad, pri\u010dom v\u010faka mas\u00edvnemu 44 mm r\u00faben\u00e9mu hranolu pon\u00faka rovnak\u00fa odolnos\u0165 ako jeho v\u00e4\u010d\u0161\u00ed s\u00farodenci.<\/p>\n<p>Dve vysok\u00e9 a \u00fazke okn\u00e1 spolo\u010dne s presklen\u00fdmi dvojkr\u00eddlov\u00fdmi dverami prep\u00fa\u0161\u0165aj\u00fa do interi\u00e9ru dostatok svetla bez toho, aby uberali cenn\u00fd priestor pre vybavenie pozd\u013a\u017e stien.<\/p>\n<p>Izola\u010dn\u00e9 dvojsklo a poctiv\u00e9 vysokohorsk\u00e9 drevo robia z tohto modelu ide\u00e1lnu vo\u013ebu pre \u0161t\u00fdlov\u00fd z\u00e1hradn\u00fd sklad, mal\u00fa dom\u00e1cu diel\u0148u alebo \u00fatuln\u00fa pracov\u0148u obklopen\u00fa zele\u0148ou.<\/p>","protected":false},"excerpt":{"rendered":"<p>\ud83d\udccf 7,85 m\u00b2 | \ud83e\uddf1 44 mm | \ud83d\udcd0 2800 x 2800 mm<\/p>","protected":false},"featured_media":1941,"comment_status":"open","ping_status":"closed","template":"","meta":[],"product_brand":[],"product_cat":[22],"product_tag":[],"class_list":{"0":"post-1937","1":"product","2":"type-product","3":"status-publish","4":"has-post-thumbnail","6":"product_cat-rekreacni_chaty","8":"first","9":"instock","10":"shipping-taxable","11":"purchasable","12":"product-type-simple"},"_links":{"self":[{"href":"https:\/\/ekochatykarpaty.cz\/sk\/wp-json\/wp\/v2\/product\/1937","targetHints":{"allow":["GET"]}}],"collection":[{"href":"https:\/\/ekochatykarpaty.cz\/sk\/wp-json\/wp\/v2\/product"}],"about":[{"href":"https:\/\/ekochatykarpaty.cz\/sk\/wp-json\/wp\/v2\/types\/product"}],"replies":[{"embeddable":true,"href":"https:\/\/ekochatykarpaty.cz\/sk\/wp-json\/wp\/v2\/comments?post=1937"}],"wp:featuredmedia":[{"embeddable":true,"href":"https:\/\/ekochatykarpaty.cz\/sk\/wp-json\/wp\/v2\/media\/1941"}],"wp:attachment":[{"href":"https:\/\/ekochatykarpaty.cz\/sk\/wp-json\/wp\/v2\/media?parent=1937"}],"wp:term":[{"taxonomy":"product_brand","embeddable":true,"href":"https:\/\/ekochatykarpaty.cz\/sk\/wp-json\/wp\/v2\/product_brand?post=1937"},{"taxonomy":"product_cat","embeddable":true,"href":"https:\/\/ekochatykarpaty.cz\/sk\/wp-json\/wp\/v2\/product_cat?post=1937"},{"taxonomy":"product_tag","embeddable":true,"href":"https:\/\/ekochatykarpaty.cz\/sk\/wp-json\/wp\/v2\/product_tag?post=1937"}],"curies":[{"name":"wp","href":"https:\/\/api.w.org\/{rel}","templated":true}]}}