{"id":1943,"date":"2026-02-08T22:19:37","date_gmt":"2026-02-08T22:19:37","guid":{"rendered":"https:\/\/ekochatykarpaty.cz\/?post_type=product&#038;p=1943"},"modified":"2026-02-22T22:29:24","modified_gmt":"2026-02-22T22:29:24","slug":"ciko","status":"publish","type":"product","link":"https:\/\/ekochatykarpaty.cz\/sk\/produkt\/ciko\/","title":{"rendered":"\u010ciko"},"content":{"rendered":"<p>Model \u010ciko je navrhnut\u00fd s d\u00f4razom na maxim\u00e1lne presvetlenie a modern\u00fd vzh\u013ead. Na p\u00f4doryse s rozlohou necel\u00fdch 16 m\u00b2 dominuje impozantn\u00fd presklen\u00fd vstup so \u0161\u00edrkou 300 cm, ktor\u00fd dop\u013a\u0148aj\u00fa \u010fal\u0161ie tri vysok\u00e9 okn\u00e1 s izola\u010dn\u00fdm dvojsklom.<\/p>\n<p>T\u00e1to kombin\u00e1cia vytv\u00e1ra interi\u00e9r zaplaven\u00fd denn\u00fdm svetlom, ktor\u00fd p\u00f4sob\u00ed ove\u013ea priestrannej\u0161ie, ne\u017e by napovedali samotn\u00e9 rozmery. Mas\u00edvny 44 mm r\u00faben\u00fd hranol z vysokohorsk\u00e9ho dreva zais\u0165uje stavbe v\u00fdborn\u00fa stabilitu a odolnos\u0165.<\/p>\n<p>V\u010faka svojmu \u010dist\u00e9mu dizajnu a kompaktn\u00fdm rozmerom je \u010ciko ide\u00e1lnou vo\u013ebou pre vybudovanie presvetlen\u00e9ho z\u00e1hradn\u00e9ho ateli\u00e9ru, modernej kancel\u00e1rie alebo \u0161t\u00fdlov\u00e9ho z\u00e1zemia pre relax\u00e1ciu pri baz\u00e9ne.<\/p>","protected":false},"excerpt":{"rendered":"<p>\ud83d\udccf 15,75 m\u00b2 | \ud83e\uddf1 44 mm | \ud83d\udcd0 4500 x 3500 mm<\/p>","protected":false},"featured_media":1945,"comment_status":"open","ping_status":"closed","template":"","meta":[],"product_brand":[],"product_cat":[22],"product_tag":[],"class_list":{"0":"post-1943","1":"product","2":"type-product","3":"status-publish","4":"has-post-thumbnail","6":"product_cat-rekreacni_chaty","8":"first","9":"instock","10":"shipping-taxable","11":"purchasable","12":"product-type-simple"},"_links":{"self":[{"href":"https:\/\/ekochatykarpaty.cz\/sk\/wp-json\/wp\/v2\/product\/1943","targetHints":{"allow":["GET"]}}],"collection":[{"href":"https:\/\/ekochatykarpaty.cz\/sk\/wp-json\/wp\/v2\/product"}],"about":[{"href":"https:\/\/ekochatykarpaty.cz\/sk\/wp-json\/wp\/v2\/types\/product"}],"replies":[{"embeddable":true,"href":"https:\/\/ekochatykarpaty.cz\/sk\/wp-json\/wp\/v2\/comments?post=1943"}],"wp:featuredmedia":[{"embeddable":true,"href":"https:\/\/ekochatykarpaty.cz\/sk\/wp-json\/wp\/v2\/media\/1945"}],"wp:attachment":[{"href":"https:\/\/ekochatykarpaty.cz\/sk\/wp-json\/wp\/v2\/media?parent=1943"}],"wp:term":[{"taxonomy":"product_brand","embeddable":true,"href":"https:\/\/ekochatykarpaty.cz\/sk\/wp-json\/wp\/v2\/product_brand?post=1943"},{"taxonomy":"product_cat","embeddable":true,"href":"https:\/\/ekochatykarpaty.cz\/sk\/wp-json\/wp\/v2\/product_cat?post=1943"},{"taxonomy":"product_tag","embeddable":true,"href":"https:\/\/ekochatykarpaty.cz\/sk\/wp-json\/wp\/v2\/product_tag?post=1943"}],"curies":[{"name":"wp","href":"https:\/\/api.w.org\/{rel}","templated":true}]}}