{"id":1950,"date":"2026-02-08T22:24:52","date_gmt":"2026-02-08T22:24:52","guid":{"rendered":"https:\/\/ekochatykarpaty.cz\/?post_type=product&#038;p=1950"},"modified":"2026-02-22T22:28:55","modified_gmt":"2026-02-22T22:28:55","slug":"myjava","status":"publish","type":"product","link":"https:\/\/ekochatykarpaty.cz\/sk\/produkt\/myjava\/","title":{"rendered":"Myjava"},"content":{"rendered":"<p>Model Myjava je vlajkovou lo\u010fou medzi priestrann\u00fdmi drevostavbami, ktor\u00e1 na celkovej ploche 56 m\u00b2 pon\u00faka komfort porovnate\u013en\u00fd s men\u0161\u00edm rodinn\u00fdm domom. Dispoz\u00edcia je rozdelen\u00e1 do troch samostatn\u00fdch izieb, \u010do umo\u017e\u0148uje vytvori\u0165 plnohodnotn\u00e9 z\u00e1zemie pre cel\u00fa rodinu s oddelen\u00fdmi sp\u00e1l\u0148ami a centr\u00e1lnou obytnou \u010das\u0165ou.<\/p>\n<p>V\u00fdrazn\u00fdm prvkom tohto modelu je ve\u013ekorys\u00e1 integrovan\u00e1 terasa s rozlohou 19,3 m\u00b2, ktor\u00e1 sl\u00fa\u017ei ako ide\u00e1lny priestor na vonkaj\u0161ie stolovanie a odpo\u010dinok. So tromi vchodmi a \u0161tyrmi oknami s izola\u010dn\u00fdm dvojsklom je chata skvele pr\u00edstupn\u00e1 a presvetlen\u00e1.<\/p>\n<p>Robustn\u00e1 kon\u0161trukcia zo 44 mm mas\u00edvneho r\u00faben\u00e9ho hranola a plocha strechy presahuj\u00faca 60 m\u00b2 pod\u010diarkuj\u00fa stabilitu a odolnos\u0165 tejto stavby, ktor\u00e1 je vyroben\u00e1 z kvalitn\u00e9ho vysokohorsk\u00e9ho dreva pre dlhodob\u00e9 a n\u00e1ro\u010dn\u00e9 u\u017e\u00edvanie.<\/p>","protected":false},"excerpt":{"rendered":"<p>\ud83d\udccf 56 m\u00b2 | \ud83e\uddf1 44 mm | \ud83d\udcd0 7000 x 8000 mm<\/p>","protected":false},"featured_media":1955,"comment_status":"open","ping_status":"closed","template":"","meta":[],"product_brand":[],"product_cat":[22],"product_tag":[],"class_list":{"0":"post-1950","1":"product","2":"type-product","3":"status-publish","4":"has-post-thumbnail","6":"product_cat-rekreacni_chaty","8":"first","9":"instock","10":"shipping-taxable","11":"purchasable","12":"product-type-simple"},"_links":{"self":[{"href":"https:\/\/ekochatykarpaty.cz\/sk\/wp-json\/wp\/v2\/product\/1950","targetHints":{"allow":["GET"]}}],"collection":[{"href":"https:\/\/ekochatykarpaty.cz\/sk\/wp-json\/wp\/v2\/product"}],"about":[{"href":"https:\/\/ekochatykarpaty.cz\/sk\/wp-json\/wp\/v2\/types\/product"}],"replies":[{"embeddable":true,"href":"https:\/\/ekochatykarpaty.cz\/sk\/wp-json\/wp\/v2\/comments?post=1950"}],"wp:featuredmedia":[{"embeddable":true,"href":"https:\/\/ekochatykarpaty.cz\/sk\/wp-json\/wp\/v2\/media\/1955"}],"wp:attachment":[{"href":"https:\/\/ekochatykarpaty.cz\/sk\/wp-json\/wp\/v2\/media?parent=1950"}],"wp:term":[{"taxonomy":"product_brand","embeddable":true,"href":"https:\/\/ekochatykarpaty.cz\/sk\/wp-json\/wp\/v2\/product_brand?post=1950"},{"taxonomy":"product_cat","embeddable":true,"href":"https:\/\/ekochatykarpaty.cz\/sk\/wp-json\/wp\/v2\/product_cat?post=1950"},{"taxonomy":"product_tag","embeddable":true,"href":"https:\/\/ekochatykarpaty.cz\/sk\/wp-json\/wp\/v2\/product_tag?post=1950"}],"curies":[{"name":"wp","href":"https:\/\/api.w.org\/{rel}","templated":true}]}}