{"id":1962,"date":"2026-02-08T22:32:06","date_gmt":"2026-02-08T22:32:06","guid":{"rendered":"https:\/\/ekochatykarpaty.cz\/?post_type=product&#038;p=1962"},"modified":"2026-02-22T22:28:14","modified_gmt":"2026-02-22T22:28:14","slug":"rasova","status":"publish","type":"product","link":"https:\/\/ekochatykarpaty.cz\/sk\/produkt\/rasova\/","title":{"rendered":"Rasov\u00e1"},"content":{"rendered":"<p>Model Rasov\u00e1 predstavuje jednu z najprepracovanej\u0161\u00edch stavieb v na\u0161ej ponuke, ktor\u00e1 svojou vn\u00fatornou dispoz\u00edciou piatich samostatn\u00fdch izieb definuje nov\u00fa \u00farove\u0148 komfortu v kateg\u00f3rii rekrea\u010dn\u00fdch ch\u00e1t.<\/p>\n<p>Na zastavanej ploche 52,8 m\u00b2 vzniklo mimoriadne efekt\u00edvne usporiadanie, ktor\u00e9 dop\u013a\u0148a terasa s rozlohou 5,3 m\u00b2 pre kryt\u00e9 vonkaj\u0161ie posedenie. Variabilita tohto modelu je pod\u010diarknut\u00e1 mo\u017enos\u0165ou vo\u013eby hr\u00fabky steny (44 mm alebo 68 mm) aj podlahov\u00fdch dosiek, \u010do z chaty Rasov\u00e1 rob\u00ed objekt vhodn\u00fd aj pre ve\u013emi n\u00e1ro\u010dn\u00e9 klimatick\u00e9 podmienky.<\/p>\n<p>So \u0161tyrmi samostatn\u00fdmi vchodmi a piatimi oknami s izola\u010dn\u00fdm dvojsklom pon\u00faka chata \u00fapln\u00e9 s\u00fakromie pre v\u0161etk\u00fdch \u010dlenov rodiny a vynikaj\u00facu svetelnos\u0165. T\u00e1to stavba z mas\u00edvneho vysokohorsk\u00e9ho dreva je ide\u00e1lnou vo\u013ebou pre t\u00fdch, ktor\u00ed h\u013eadaj\u00fa priestrann\u00e9, viacgenera\u010dn\u00e9 rekrea\u010dn\u00e9 s\u00eddlo s poctivou tes\u00e1rskou kon\u0161trukciou.<\/p>","protected":false},"excerpt":{"rendered":"<p>\ud83d\udccf 52 m\u00b2 | \ud83e\uddf1 44 \/ 68 mm | \ud83d\udcd0 6000 x 8800 mm<\/p>","protected":false},"featured_media":1967,"comment_status":"open","ping_status":"closed","template":"","meta":[],"product_brand":[],"product_cat":[22],"product_tag":[],"class_list":{"0":"post-1962","1":"product","2":"type-product","3":"status-publish","4":"has-post-thumbnail","6":"product_cat-rekreacni_chaty","8":"first","9":"instock","10":"shipping-taxable","11":"purchasable","12":"product-type-simple"},"_links":{"self":[{"href":"https:\/\/ekochatykarpaty.cz\/sk\/wp-json\/wp\/v2\/product\/1962","targetHints":{"allow":["GET"]}}],"collection":[{"href":"https:\/\/ekochatykarpaty.cz\/sk\/wp-json\/wp\/v2\/product"}],"about":[{"href":"https:\/\/ekochatykarpaty.cz\/sk\/wp-json\/wp\/v2\/types\/product"}],"replies":[{"embeddable":true,"href":"https:\/\/ekochatykarpaty.cz\/sk\/wp-json\/wp\/v2\/comments?post=1962"}],"wp:featuredmedia":[{"embeddable":true,"href":"https:\/\/ekochatykarpaty.cz\/sk\/wp-json\/wp\/v2\/media\/1967"}],"wp:attachment":[{"href":"https:\/\/ekochatykarpaty.cz\/sk\/wp-json\/wp\/v2\/media?parent=1962"}],"wp:term":[{"taxonomy":"product_brand","embeddable":true,"href":"https:\/\/ekochatykarpaty.cz\/sk\/wp-json\/wp\/v2\/product_brand?post=1962"},{"taxonomy":"product_cat","embeddable":true,"href":"https:\/\/ekochatykarpaty.cz\/sk\/wp-json\/wp\/v2\/product_cat?post=1962"},{"taxonomy":"product_tag","embeddable":true,"href":"https:\/\/ekochatykarpaty.cz\/sk\/wp-json\/wp\/v2\/product_tag?post=1962"}],"curies":[{"name":"wp","href":"https:\/\/api.w.org\/{rel}","templated":true}]}}