{"id":1976,"date":"2026-02-09T11:59:33","date_gmt":"2026-02-09T11:59:33","guid":{"rendered":"https:\/\/ekochatykarpaty.cz\/?post_type=product&#038;p=1976"},"modified":"2026-02-22T22:27:36","modified_gmt":"2026-02-22T22:27:36","slug":"lesna-a","status":"publish","type":"product","link":"https:\/\/ekochatykarpaty.cz\/sk\/produkt\/lesna-a\/","title":{"rendered":"Lesn\u00e1 A"},"content":{"rendered":"<p>Model Lesn\u00e1 A predstavuje vari\u00e1ciu na ob\u013e\u00faben\u00fa \u0161tvorcov\u00fa drevostavbu, ktor\u00e1 kladie d\u00f4raz na maxim\u00e1lne vyu\u017eitie vn\u00fatorn\u00e9ho priestoru pri zachovan\u00ed vysok\u00e9ho \u0161tandardu vyhotovenia.<\/p>\n<p>So svojou v\u00fd\u0161kou hrebe\u0148a 4,1 metra a \u0161tyrmi samostatn\u00fdmi miestnos\u0165ami pon\u00faka t\u00e1to chata plnohodnotn\u00e9 z\u00e1zemie pre rodinn\u00fa rekre\u00e1ciu, kde je mo\u017en\u00e9 \u013eahko oddeli\u0165 spolo\u010densk\u00fa \u010das\u0165 od pokojov\u00fdch z\u00f3n. S\u00fa\u010das\u0165ou kon\u0161trukcie je tie\u017e priestrann\u00e1 terasa s rozlohou 18,5 m\u00b2, ktor\u00e1 je ide\u00e1lna na vybudovanie komfortnej vonkaj\u0161ej ob\u00fdvacej izby.<\/p>\n<p>V\u010faka mo\u017enosti vo\u013eby hr\u00fabky stien (44 mm alebo 68 mm) a podlahov\u00fdch dosiek (a\u017e 28 mm) ide o ve\u013emi robustn\u00fa stavbu z vysokohorsk\u00e9ho dreva, ktor\u00e1 v\u010faka \u0161iestim okn\u00e1m s izola\u010dn\u00fdm dvojsklom pon\u00faka presvetlen\u00fd a energeticky efekt\u00edvny interi\u00e9r.<br \/>\n<strong>653 300 K\u010d &#8211; 44 mm \/ 775 700 K\u010d &#8211; 68 mm<\/strong><\/p>","protected":false},"excerpt":{"rendered":"<p>\ud83d\udccf 36 m\u00b2 | \ud83e\uddf1 44 \/ 68 mm | \ud83d\udcd0 6000 x 6000 mm<\/p>","protected":false},"featured_media":1981,"comment_status":"open","ping_status":"closed","template":"","meta":[],"product_brand":[],"product_cat":[22],"product_tag":[],"class_list":{"0":"post-1976","1":"product","2":"type-product","3":"status-publish","4":"has-post-thumbnail","6":"product_cat-rekreacni_chaty","8":"first","9":"instock","10":"shipping-taxable","11":"purchasable","12":"product-type-simple"},"_links":{"self":[{"href":"https:\/\/ekochatykarpaty.cz\/sk\/wp-json\/wp\/v2\/product\/1976","targetHints":{"allow":["GET"]}}],"collection":[{"href":"https:\/\/ekochatykarpaty.cz\/sk\/wp-json\/wp\/v2\/product"}],"about":[{"href":"https:\/\/ekochatykarpaty.cz\/sk\/wp-json\/wp\/v2\/types\/product"}],"replies":[{"embeddable":true,"href":"https:\/\/ekochatykarpaty.cz\/sk\/wp-json\/wp\/v2\/comments?post=1976"}],"wp:featuredmedia":[{"embeddable":true,"href":"https:\/\/ekochatykarpaty.cz\/sk\/wp-json\/wp\/v2\/media\/1981"}],"wp:attachment":[{"href":"https:\/\/ekochatykarpaty.cz\/sk\/wp-json\/wp\/v2\/media?parent=1976"}],"wp:term":[{"taxonomy":"product_brand","embeddable":true,"href":"https:\/\/ekochatykarpaty.cz\/sk\/wp-json\/wp\/v2\/product_brand?post=1976"},{"taxonomy":"product_cat","embeddable":true,"href":"https:\/\/ekochatykarpaty.cz\/sk\/wp-json\/wp\/v2\/product_cat?post=1976"},{"taxonomy":"product_tag","embeddable":true,"href":"https:\/\/ekochatykarpaty.cz\/sk\/wp-json\/wp\/v2\/product_tag?post=1976"}],"curies":[{"name":"wp","href":"https:\/\/api.w.org\/{rel}","templated":true}]}}