{"id":1995,"date":"2026-02-09T12:17:09","date_gmt":"2026-02-09T12:17:09","guid":{"rendered":"https:\/\/ekochatykarpaty.cz\/?post_type=product&#038;p=1995"},"modified":"2026-02-22T22:26:37","modified_gmt":"2026-02-22T22:26:37","slug":"lesna-b","status":"publish","type":"product","link":"https:\/\/ekochatykarpaty.cz\/sk\/produkt\/lesna-b\/","title":{"rendered":"Lesn\u00e1 B"},"content":{"rendered":"<p>Model Lesn\u00e1 B je ve\u013ekorys\u00e1 drevostavba, ktor\u00e1 na zastavanej ploche 48 m\u00b2 pon\u00faka nad\u0161tandardn\u00fa dispoz\u00edciu piatich samostatn\u00fdch izieb. T\u00e1to chata je navrhnut\u00e1 pre po\u010detnej\u0161ie rodiny alebo skupiny, ktor\u00e9 vy\u017eaduj\u00fa s\u00fakromie aj spolo\u010dn\u00fd priestor pod jednou strechou.<\/p>\n<p>Dominantou exteri\u00e9ru je mas\u00edvna plocha strechy presahuj\u00faca 74 m\u00b2 a priestrann\u00e1 terasa s rozlohou 21,3 m\u00b2, ktor\u00e1 predstavuje ide\u00e1lne miesto na relax\u00e1ciu a vonkaj\u0161ie stolovanie. S v\u00fd\u0161kou hrebe\u0148a 4,1 metra a \u0161iestimi oknami s izola\u010dn\u00fdm dvojsklom p\u00f4sob\u00ed interi\u00e9r vzdu\u0161ne a je prirodzene presvetlen\u00fd zo v\u0161etk\u00fdch str\u00e1n.<\/p>\n<p>Robustn\u00e1 kon\u0161trukcia zo 44 mm alebo 68 mm r\u00faben\u00e9ho hranola v kombin\u00e1cii so zosilnenou podlahou (a\u017e 28 mm) garantuje stabilitu a dlh\u00fa \u017eivotnos\u0165 aj v n\u00e1ro\u010dn\u00fdch horsk\u00fdch podmienkach.<\/p>","protected":false},"excerpt":{"rendered":"<p>\ud83d\udccf 48 m\u00b2 |\ud83e\uddf1 44 \/ 68 mm | \ud83d\udcd0 6000 x 8000 mm<\/p>","protected":false},"featured_media":2004,"comment_status":"open","ping_status":"closed","template":"","meta":[],"product_brand":[],"product_cat":[22],"product_tag":[],"class_list":{"0":"post-1995","1":"product","2":"type-product","3":"status-publish","4":"has-post-thumbnail","6":"product_cat-rekreacni_chaty","8":"first","9":"instock","10":"shipping-taxable","11":"purchasable","12":"product-type-simple"},"_links":{"self":[{"href":"https:\/\/ekochatykarpaty.cz\/sk\/wp-json\/wp\/v2\/product\/1995","targetHints":{"allow":["GET"]}}],"collection":[{"href":"https:\/\/ekochatykarpaty.cz\/sk\/wp-json\/wp\/v2\/product"}],"about":[{"href":"https:\/\/ekochatykarpaty.cz\/sk\/wp-json\/wp\/v2\/types\/product"}],"replies":[{"embeddable":true,"href":"https:\/\/ekochatykarpaty.cz\/sk\/wp-json\/wp\/v2\/comments?post=1995"}],"wp:featuredmedia":[{"embeddable":true,"href":"https:\/\/ekochatykarpaty.cz\/sk\/wp-json\/wp\/v2\/media\/2004"}],"wp:attachment":[{"href":"https:\/\/ekochatykarpaty.cz\/sk\/wp-json\/wp\/v2\/media?parent=1995"}],"wp:term":[{"taxonomy":"product_brand","embeddable":true,"href":"https:\/\/ekochatykarpaty.cz\/sk\/wp-json\/wp\/v2\/product_brand?post=1995"},{"taxonomy":"product_cat","embeddable":true,"href":"https:\/\/ekochatykarpaty.cz\/sk\/wp-json\/wp\/v2\/product_cat?post=1995"},{"taxonomy":"product_tag","embeddable":true,"href":"https:\/\/ekochatykarpaty.cz\/sk\/wp-json\/wp\/v2\/product_tag?post=1995"}],"curies":[{"name":"wp","href":"https:\/\/api.w.org\/{rel}","templated":true}]}}