{"id":2009,"date":"2026-02-09T12:29:18","date_gmt":"2026-02-09T12:29:18","guid":{"rendered":"https:\/\/ekochatykarpaty.cz\/?post_type=product&#038;p=2009"},"modified":"2026-02-22T22:26:05","modified_gmt":"2026-02-22T22:26:05","slug":"jasna-ii","status":"publish","type":"product","link":"https:\/\/ekochatykarpaty.cz\/sk\/produkt\/jasna-ii\/","title":{"rendered":"Jasn\u00e1 II"},"content":{"rendered":"<p>Model Jasn\u00e1 II predstavuje ve\u013ekoryso po\u0148at\u00fa drevostavbu, ktor\u00e1 na zastavanej ploche cez 55 m\u00b2 kombinuje praktickos\u0165 so \u0161t\u00fdlom. Dispoz\u00edcia rozdelen\u00e1 do \u0161tyroch samostatn\u00fdch miestnost\u00ed poskytuje dostatok s\u00fakromia aj pre v\u00e4\u010d\u0161iu rodinu, zatia\u013e \u010do integrovan\u00e1 terasa s rozlohou 5,9 m\u00b2 tvor\u00ed pr\u00edjemn\u00fd kryt\u00fd vstup do objektu.<\/p>\n<p>Chata je osaden\u00e1 \u0161iestimi oknami s izola\u010dn\u00fdm dvojsklom v r\u00f4znych form\u00e1toch, \u010do zais\u0165uje optim\u00e1lne presvetlenie v\u0161etk\u00fdch \u010dast\u00ed interi\u00e9ru. Mas\u00edvna kon\u0161trukcia zo 44 mm alebo 68 mm r\u00faben\u00e9ho hranola spolu s mo\u017enos\u0165ou vo\u013eby zosilnenej podlahy (28 mm) pod\u010diarkuje robustnos\u0165 stavby.<\/p>\n<p>So \u0161tyrmi samostatn\u00fdmi vchodmi a v\u00fd\u0161kou hrebe\u0148a 3,1 metra je Jasn\u00e1 II vysoko funk\u010dn\u00fdm rie\u0161en\u00edm pre dlhodob\u00fa rekre\u00e1ciu v pr\u00edrode, ktor\u00e9 kladie d\u00f4raz na kvalitu pou\u017eit\u00e9ho vysokohorsk\u00e9ho dreva a prec\u00edzne tes\u00e1rske spoje.<\/p>\n<p><strong>706 200 K\u010d &#8211; 44 mm \/ 879 500 K\u010d &#8211; 68 mm<\/strong><\/p>","protected":false},"excerpt":{"rendered":"<p>\ud83d\udccf 55,4 m\u00b2 | \ud83e\uddf1 44 \/ 68 mm | \ud83d\udcd0 6300 x 8800 mm<\/p>","protected":false},"featured_media":2173,"comment_status":"open","ping_status":"closed","template":"","meta":[],"product_brand":[],"product_cat":[21],"product_tag":[],"class_list":{"0":"post-2009","1":"product","2":"type-product","3":"status-publish","4":"has-post-thumbnail","6":"product_cat-drevene_domky","8":"first","9":"instock","10":"shipping-taxable","11":"purchasable","12":"product-type-simple"},"_links":{"self":[{"href":"https:\/\/ekochatykarpaty.cz\/sk\/wp-json\/wp\/v2\/product\/2009","targetHints":{"allow":["GET"]}}],"collection":[{"href":"https:\/\/ekochatykarpaty.cz\/sk\/wp-json\/wp\/v2\/product"}],"about":[{"href":"https:\/\/ekochatykarpaty.cz\/sk\/wp-json\/wp\/v2\/types\/product"}],"replies":[{"embeddable":true,"href":"https:\/\/ekochatykarpaty.cz\/sk\/wp-json\/wp\/v2\/comments?post=2009"}],"wp:featuredmedia":[{"embeddable":true,"href":"https:\/\/ekochatykarpaty.cz\/sk\/wp-json\/wp\/v2\/media\/2173"}],"wp:attachment":[{"href":"https:\/\/ekochatykarpaty.cz\/sk\/wp-json\/wp\/v2\/media?parent=2009"}],"wp:term":[{"taxonomy":"product_brand","embeddable":true,"href":"https:\/\/ekochatykarpaty.cz\/sk\/wp-json\/wp\/v2\/product_brand?post=2009"},{"taxonomy":"product_cat","embeddable":true,"href":"https:\/\/ekochatykarpaty.cz\/sk\/wp-json\/wp\/v2\/product_cat?post=2009"},{"taxonomy":"product_tag","embeddable":true,"href":"https:\/\/ekochatykarpaty.cz\/sk\/wp-json\/wp\/v2\/product_tag?post=2009"}],"curies":[{"name":"wp","href":"https:\/\/api.w.org\/{rel}","templated":true}]}}