{"id":2021,"date":"2026-02-09T12:37:15","date_gmt":"2026-02-09T12:37:15","guid":{"rendered":"https:\/\/ekochatykarpaty.cz\/?post_type=product&#038;p=2021"},"modified":"2026-02-22T22:25:31","modified_gmt":"2026-02-22T22:25:31","slug":"jasna-iii","status":"publish","type":"product","link":"https:\/\/ekochatykarpaty.cz\/sk\/produkt\/jasna-iii\/","title":{"rendered":"Jasn\u00e1 III"},"content":{"rendered":"<p>Model Jasn\u00e1 III je najv\u00e4\u010d\u0161\u00edm variantom tohto radu, ktor\u00fd svojimi rozmermi a dispoz\u00edciou 6 samostatn\u00fdch izieb u\u017e plnohodnotne nahr\u00e1dza rodinn\u00fd dom. Na \u00factyhodnej zastavanej ploche cez 93 m\u00b2 pon\u00faka maxim\u00e1lnu variabilitu vyu\u017eitia, od priestrann\u00fdch sp\u00e1ln\u00ed a\u017e po spolo\u010densk\u00e9 a technick\u00e9 z\u00e1zemie.<\/p>\n<p>S\u00fa\u010das\u0165ou stavby je ve\u013ekorys\u00e1 terasa s rozlohou 11 m\u00b2, ktor\u00e1 roz\u0161iruje obytn\u00fd priestor do exteri\u00e9ru. Chata je vybaven\u00e1 \u00f4smimi oknami s izola\u010dn\u00fdm dvojsklom a \u0161iestimi samostatn\u00fdmi vchodmi, \u010do zais\u0165uje perfektn\u00fa logistiku a presvetlenie cel\u00e9ho roz\u013eahl\u00e9ho interi\u00e9ru.<\/p>\n<p>Mas\u00edvna kon\u0161trukcia (44 mm alebo 68 mm) s plochou strechy cez 100 m\u00b2 a mo\u017enos\u0165ou zosilnenej podlahy (28 mm) garantuje stabilitu a dlh\u00fa \u017eivotnos\u0165. Jasn\u00e1 III je ide\u00e1lnym rie\u0161en\u00edm pre n\u00e1ro\u010dn\u00fdch u\u017e\u00edvate\u013eov h\u013eadaj\u00facich komfortn\u00e9 viacgenera\u010dn\u00e9 s\u00eddlo z poctiv\u00e9ho vysokohorsk\u00e9ho dreva.<\/p>\n<p><strong>936 800 K\u010d &#8211; 44 mm \/ 1 339 800 K\u010d &#8211; 68 mm<\/strong><\/p>","protected":false},"excerpt":{"rendered":"<p>\ud83d\udccf 93,2 m\u00b2 | \ud83e\uddf1 44 mm \/ 68 mm | \ud83d\udcd0 7900 x 11800 mm<\/p>","protected":false},"featured_media":2026,"comment_status":"open","ping_status":"closed","template":"","meta":[],"product_brand":[],"product_cat":[21],"product_tag":[],"class_list":{"0":"post-2021","1":"product","2":"type-product","3":"status-publish","4":"has-post-thumbnail","6":"product_cat-drevene_domky","8":"first","9":"instock","10":"shipping-taxable","11":"purchasable","12":"product-type-simple"},"_links":{"self":[{"href":"https:\/\/ekochatykarpaty.cz\/sk\/wp-json\/wp\/v2\/product\/2021","targetHints":{"allow":["GET"]}}],"collection":[{"href":"https:\/\/ekochatykarpaty.cz\/sk\/wp-json\/wp\/v2\/product"}],"about":[{"href":"https:\/\/ekochatykarpaty.cz\/sk\/wp-json\/wp\/v2\/types\/product"}],"replies":[{"embeddable":true,"href":"https:\/\/ekochatykarpaty.cz\/sk\/wp-json\/wp\/v2\/comments?post=2021"}],"wp:featuredmedia":[{"embeddable":true,"href":"https:\/\/ekochatykarpaty.cz\/sk\/wp-json\/wp\/v2\/media\/2026"}],"wp:attachment":[{"href":"https:\/\/ekochatykarpaty.cz\/sk\/wp-json\/wp\/v2\/media?parent=2021"}],"wp:term":[{"taxonomy":"product_brand","embeddable":true,"href":"https:\/\/ekochatykarpaty.cz\/sk\/wp-json\/wp\/v2\/product_brand?post=2021"},{"taxonomy":"product_cat","embeddable":true,"href":"https:\/\/ekochatykarpaty.cz\/sk\/wp-json\/wp\/v2\/product_cat?post=2021"},{"taxonomy":"product_tag","embeddable":true,"href":"https:\/\/ekochatykarpaty.cz\/sk\/wp-json\/wp\/v2\/product_tag?post=2021"}],"curies":[{"name":"wp","href":"https:\/\/api.w.org\/{rel}","templated":true}]}}