{"id":2036,"date":"2026-02-09T12:51:16","date_gmt":"2026-02-09T12:51:16","guid":{"rendered":"https:\/\/ekochatykarpaty.cz\/?post_type=product&#038;p=2036"},"modified":"2026-02-22T22:24:24","modified_gmt":"2026-02-22T22:24:24","slug":"lopenik","status":"publish","type":"product","link":"https:\/\/ekochatykarpaty.cz\/sk\/produkt\/lopenik\/","title":{"rendered":"Lopen\u00edk"},"content":{"rendered":"<p>Model Lopen\u00edk je klasick\u00e1 \u0161tvorcov\u00e1 drevostavba, ktor\u00e1 na ploche 36 m\u00b2 pon\u00faka ve\u013emi efekt\u00edvne a logick\u00e9 rozdelenie do \u0161tyroch samostatn\u00fdch miestnost\u00ed. Tento model je navrhnut\u00fd tak, aby poskytoval plnohodnotn\u00e9 z\u00e1zemie pre rodinn\u00fa rekre\u00e1ciu, pri\u010dom jeho s\u00fa\u010das\u0165ou je aj praktick\u00e1 terasa s rozlohou 8,1 m\u00b2 pre vonkaj\u0161\u00ed odpo\u010dinok.<\/p>\n<p>V\u010faka v\u00fd\u0161ke hrebe\u0148a cez 3 metre a \u0161iestim okn\u00e1m s izola\u010dn\u00fdm dvojsklom p\u00f4sob\u00ed interi\u00e9r ve\u013emi priestranne a svetle. Kon\u0161trukcia z mas\u00edvneho 44 mm alebo 68 mm r\u00faben\u00e9ho hranola zais\u0165uje vynikaj\u00facu stabilitu a odolnos\u0165 vo\u010di poveternostn\u00fdm vplyvom.<\/p>\n<p>So tromi samostatn\u00fdmi vchodmi a mo\u017enos\u0165ou vo\u013eby zosilnenej podlahy (28 mm) predstavuje Lopen\u00edk robustn\u00e9 a variabiln\u00e9 rie\u0161enie pre ka\u017ed\u00e9ho, kto h\u013ead\u00e1 poctiv\u00fa chatu z vysokohorsk\u00e9ho dreva s tradi\u010dn\u00fdm vzh\u013eadom.<\/p>\n<p><strong>624 200 K\u010d &#8211; 44 mm \/ 719 400K\u010d &#8211; 68 mm<\/strong><\/p>","protected":false},"excerpt":{"rendered":"<p>\ud83d\udccf 36 m\u00b2 | \ud83e\uddf1 44 \/ 68 mm | \ud83d\udcd0 6000 x 6000 mm<\/p>","protected":false},"featured_media":2039,"comment_status":"open","ping_status":"closed","template":"","meta":[],"product_brand":[],"product_cat":[22],"product_tag":[],"class_list":{"0":"post-2036","1":"product","2":"type-product","3":"status-publish","4":"has-post-thumbnail","6":"product_cat-rekreacni_chaty","8":"first","9":"instock","10":"shipping-taxable","11":"purchasable","12":"product-type-simple"},"_links":{"self":[{"href":"https:\/\/ekochatykarpaty.cz\/sk\/wp-json\/wp\/v2\/product\/2036","targetHints":{"allow":["GET"]}}],"collection":[{"href":"https:\/\/ekochatykarpaty.cz\/sk\/wp-json\/wp\/v2\/product"}],"about":[{"href":"https:\/\/ekochatykarpaty.cz\/sk\/wp-json\/wp\/v2\/types\/product"}],"replies":[{"embeddable":true,"href":"https:\/\/ekochatykarpaty.cz\/sk\/wp-json\/wp\/v2\/comments?post=2036"}],"wp:featuredmedia":[{"embeddable":true,"href":"https:\/\/ekochatykarpaty.cz\/sk\/wp-json\/wp\/v2\/media\/2039"}],"wp:attachment":[{"href":"https:\/\/ekochatykarpaty.cz\/sk\/wp-json\/wp\/v2\/media?parent=2036"}],"wp:term":[{"taxonomy":"product_brand","embeddable":true,"href":"https:\/\/ekochatykarpaty.cz\/sk\/wp-json\/wp\/v2\/product_brand?post=2036"},{"taxonomy":"product_cat","embeddable":true,"href":"https:\/\/ekochatykarpaty.cz\/sk\/wp-json\/wp\/v2\/product_cat?post=2036"},{"taxonomy":"product_tag","embeddable":true,"href":"https:\/\/ekochatykarpaty.cz\/sk\/wp-json\/wp\/v2\/product_tag?post=2036"}],"curies":[{"name":"wp","href":"https:\/\/api.w.org\/{rel}","templated":true}]}}