{"id":2050,"date":"2026-02-09T13:06:16","date_gmt":"2026-02-09T13:06:16","guid":{"rendered":"https:\/\/ekochatykarpaty.cz\/?post_type=product&#038;p=2050"},"modified":"2026-02-22T22:23:52","modified_gmt":"2026-02-22T22:23:52","slug":"javorec","status":"publish","type":"product","link":"https:\/\/ekochatykarpaty.cz\/sk\/produkt\/javorec\/","title":{"rendered":"Javorec"},"content":{"rendered":"<p>Model Javorec je synonymom pre priestrann\u00e9 a vysoko variabiln\u00e9 rekrea\u010dn\u00e9 b\u00fdvanie.<\/p>\n<p>Na zastavanej ploche 43,5 m\u00b2 pon\u00faka ve\u013ekorys\u00fa dispoz\u00edciu rozdelen\u00fa do piatich samostatn\u00fdch miestnost\u00ed, \u010do z neho rob\u00ed ide\u00e1lnu vo\u013ebu pre po\u010detnej\u0161ie rodiny alebo skupiny h\u013eadaj\u00face s\u00fakromie aj spolo\u010dn\u00e9 z\u00e1zemie. Interi\u00e9r je presvetlen\u00fd siedmimi oknami s izola\u010dn\u00fdm dvojsklom, ktor\u00e9 zais\u0165uj\u00fa pr\u00edjemn\u00fa atmosf\u00e9ru a vizu\u00e1lny kontakt s okolitou pr\u00edrodou.<\/p>\n<p>Robustn\u00e1 kon\u0161trukcia z mas\u00edvneho r\u00faben\u00e9ho hranola (v hr\u00fabke 44 mm alebo 68 mm) v kombin\u00e1cii s mo\u017enos\u0165ou vo\u013eby zosilnenej podlahy (28 mm) garantuje stabilitu a dlh\u00fa \u017eivotnos\u0165 stavby.<\/p>\n<p>So \u0161tyrmi samostatn\u00fdmi vchodmi a v\u00fd\u0161kou hrebe\u0148a 3,1 metra predstavuje Javorec funk\u010dn\u00fa a esteticky vyv\u00e1\u017een\u00fa chatu z poctiv\u00e9ho vysokohorsk\u00e9ho dreva, ktor\u00e1 sa \u013eahko prisp\u00f4sob\u00ed va\u0161im individu\u00e1lnym potreb\u00e1m.<\/p>\n<p><strong>646 200 K\u010d &#8211; 44 mm \/ 799 900 K\u010d &#8211; 68 mm<\/strong><\/p>","protected":false},"excerpt":{"rendered":"<p>\ud83d\udccf 43 m\u00b2 | \ud83e\uddf1 44 \/ 68 mm | \ud83d\udcd0 6500 x 7700 mm<\/p>","protected":false},"featured_media":2059,"comment_status":"open","ping_status":"closed","template":"","meta":[],"product_brand":[],"product_cat":[22],"product_tag":[],"class_list":{"0":"post-2050","1":"product","2":"type-product","3":"status-publish","4":"has-post-thumbnail","6":"product_cat-rekreacni_chaty","8":"first","9":"instock","10":"shipping-taxable","11":"purchasable","12":"product-type-simple"},"_links":{"self":[{"href":"https:\/\/ekochatykarpaty.cz\/sk\/wp-json\/wp\/v2\/product\/2050","targetHints":{"allow":["GET"]}}],"collection":[{"href":"https:\/\/ekochatykarpaty.cz\/sk\/wp-json\/wp\/v2\/product"}],"about":[{"href":"https:\/\/ekochatykarpaty.cz\/sk\/wp-json\/wp\/v2\/types\/product"}],"replies":[{"embeddable":true,"href":"https:\/\/ekochatykarpaty.cz\/sk\/wp-json\/wp\/v2\/comments?post=2050"}],"wp:featuredmedia":[{"embeddable":true,"href":"https:\/\/ekochatykarpaty.cz\/sk\/wp-json\/wp\/v2\/media\/2059"}],"wp:attachment":[{"href":"https:\/\/ekochatykarpaty.cz\/sk\/wp-json\/wp\/v2\/media?parent=2050"}],"wp:term":[{"taxonomy":"product_brand","embeddable":true,"href":"https:\/\/ekochatykarpaty.cz\/sk\/wp-json\/wp\/v2\/product_brand?post=2050"},{"taxonomy":"product_cat","embeddable":true,"href":"https:\/\/ekochatykarpaty.cz\/sk\/wp-json\/wp\/v2\/product_cat?post=2050"},{"taxonomy":"product_tag","embeddable":true,"href":"https:\/\/ekochatykarpaty.cz\/sk\/wp-json\/wp\/v2\/product_tag?post=2050"}],"curies":[{"name":"wp","href":"https:\/\/api.w.org\/{rel}","templated":true}]}}