{"id":2064,"date":"2026-02-09T13:46:17","date_gmt":"2026-02-09T13:46:17","guid":{"rendered":"https:\/\/ekochatykarpaty.cz\/?post_type=product&#038;p=2064"},"modified":"2026-02-22T21:57:07","modified_gmt":"2026-02-22T21:57:07","slug":"hrncarka","status":"publish","type":"product","link":"https:\/\/ekochatykarpaty.cz\/sk\/produkt\/hrncarka\/","title":{"rendered":"Hrn\u010d\u00e1rka"},"content":{"rendered":"<p>Model Hrn\u010d\u00e1rka patr\u00ed so svojou zastavanou plochou 72 m\u00b2 k dominantn\u00fdm stavb\u00e1m v na\u0161ej ponuke, ktor\u00e9 hravo zast\u00fapia aj funkciu plnohodnotn\u00e9ho rodinn\u00e9ho domu. Vn\u00fatorn\u00e1 dispoz\u00edcia je rozdelen\u00e1 do \u0161tyroch priestrann\u00fdch miestnost\u00ed, ktor\u00e9 dop\u013a\u0148a integrovan\u00e1 terasa s rozlohou 7,6 m\u00b2, ide\u00e1lna pre chr\u00e1nen\u00fd vstup alebo vonkaj\u0161ie posedenie.<\/p>\n<p>Vysok\u00e1 kvalita spracovania z mas\u00edvneho r\u00faben\u00e9ho hranola (volite\u013ene 44 mm alebo 68 mm) v kombin\u00e1cii s plochou strechy cez 80 m\u00b2 zais\u0165uje stavbe mimoriadnu odolnos\u0165 a stabilitu. Interi\u00e9r je osaden\u00fd piatimi oknami s izola\u010dn\u00fdm dvojsklom, ktor\u00e9 spolo\u010dne so \u0161tyrmi vchodmi zais\u0165uj\u00fa dostatok svetla a bezprobl\u00e9mov\u00fd pohyb.<\/p>\n<p>Mo\u017enos\u0165 vo\u013eby zosilnenej podlahy (28 mm) a v\u00fd\u0161ka hrebe\u0148a 3,3 metra len pod\u010diarkuj\u00fa robustn\u00fd charakter tejto chaty z vysokohorsk\u00e9ho dreva, ktor\u00e1 je ur\u010den\u00e1 pre n\u00e1ro\u010dn\u00fdch u\u017e\u00edvate\u013eov h\u013eadaj\u00facich priestor a dlhovekos\u0165.<\/p>\n<p><strong>796 600 K\u010d &#8211; 44 mm \/ 1 057 800 K\u010d &#8211; 68 mm<\/strong><\/p>","protected":false},"excerpt":{"rendered":"<p>\ud83d\udccf 72 m\u00b2 | \ud83e\uddf1 44 mm \/ 68 mm | \ud83d\udcd0 8000 x 9000 mm<\/p>","protected":false},"featured_media":2074,"comment_status":"open","ping_status":"closed","template":"","meta":[],"product_brand":[],"product_cat":[21],"product_tag":[],"class_list":{"0":"post-2064","1":"product","2":"type-product","3":"status-publish","4":"has-post-thumbnail","6":"product_cat-drevene_domky","8":"first","9":"instock","10":"shipping-taxable","11":"purchasable","12":"product-type-simple"},"_links":{"self":[{"href":"https:\/\/ekochatykarpaty.cz\/sk\/wp-json\/wp\/v2\/product\/2064","targetHints":{"allow":["GET"]}}],"collection":[{"href":"https:\/\/ekochatykarpaty.cz\/sk\/wp-json\/wp\/v2\/product"}],"about":[{"href":"https:\/\/ekochatykarpaty.cz\/sk\/wp-json\/wp\/v2\/types\/product"}],"replies":[{"embeddable":true,"href":"https:\/\/ekochatykarpaty.cz\/sk\/wp-json\/wp\/v2\/comments?post=2064"}],"wp:featuredmedia":[{"embeddable":true,"href":"https:\/\/ekochatykarpaty.cz\/sk\/wp-json\/wp\/v2\/media\/2074"}],"wp:attachment":[{"href":"https:\/\/ekochatykarpaty.cz\/sk\/wp-json\/wp\/v2\/media?parent=2064"}],"wp:term":[{"taxonomy":"product_brand","embeddable":true,"href":"https:\/\/ekochatykarpaty.cz\/sk\/wp-json\/wp\/v2\/product_brand?post=2064"},{"taxonomy":"product_cat","embeddable":true,"href":"https:\/\/ekochatykarpaty.cz\/sk\/wp-json\/wp\/v2\/product_cat?post=2064"},{"taxonomy":"product_tag","embeddable":true,"href":"https:\/\/ekochatykarpaty.cz\/sk\/wp-json\/wp\/v2\/product_tag?post=2064"}],"curies":[{"name":"wp","href":"https:\/\/api.w.org\/{rel}","templated":true}]}}