{"id":2078,"date":"2026-02-09T17:36:10","date_gmt":"2026-02-09T17:36:10","guid":{"rendered":"https:\/\/ekochatykarpaty.cz\/?post_type=product&#038;p=2078"},"modified":"2026-02-22T21:56:22","modified_gmt":"2026-02-22T21:56:22","slug":"sajba","status":"publish","type":"product","link":"https:\/\/ekochatykarpaty.cz\/sk\/produkt\/sajba\/","title":{"rendered":"\u0160ajba"},"content":{"rendered":"<p>Model \u0160ajba predstavuje ve\u013ekorys\u00e9 a vysoko funk\u010dn\u00e9 rie\u0161enie pre rodinn\u00fa rekre\u00e1ciu aj celoro\u010dn\u00e9 u\u017e\u00edvanie. Na zastavanej ploche 71,5 m\u00b2 pon\u00faka premyslen\u00fa dispoz\u00edciu piatich samostatn\u00fdch izieb, ktor\u00e9 dop\u013a\u0148a \u00fatuln\u00e1 terasa s rozlohou 5,1 m\u00b2.<\/p>\n<p>V\u010faka siedmim okn\u00e1m s izola\u010dn\u00fdm dvojsklom a piatim samostatn\u00fdm vchodom (vr\u00e1tane \u0161irok\u00fdch dvojkr\u00eddlov\u00fdch dver\u00ed) je interi\u00e9r maxim\u00e1lne presvetlen\u00fd a pon\u00faka vynikaj\u00facu logistiku pohybu aj s\u00fakromie pre v\u0161etk\u00fdch obyvate\u013eov. Mas\u00edvna kon\u0161trukcia z r\u00faben\u00e9ho hranola (v hr\u00fabke 44 mm alebo 68 mm) spolo\u010dne s mo\u017enos\u0165ou zosilnenej podlahy (28 mm) zaru\u010duje mimoriadnu stabilitu a tepeln\u00fd komfort.<\/p>\n<p>S v\u00fd\u0161kou hrebe\u0148a 3,2 metra a plochou strechy takmer 80 m\u00b2 je \u0160ajba robustnou stavbou z kvalitn\u00e9ho vysokohorsk\u00e9ho dreva, ktor\u00e1 uspokoj\u00ed aj tie najn\u00e1ro\u010dnej\u0161ie po\u017eiadavky na priestrann\u00e9 dreven\u00e9 b\u00fdvanie.<\/p>\n<p><strong>868 300 K\u010d &#8211; 44 mm \/ 1 026 500 K\u010d &#8211; 68 mm<\/strong><\/p>","protected":false},"excerpt":{"rendered":"<p>\ud83d\udccf 71,5 m\u00b2 | \ud83e\uddf1 44 mm \/ 68 mm | \ud83d\udcd0 7000 x 10200 mm<\/p>","protected":false},"featured_media":2080,"comment_status":"open","ping_status":"closed","template":"","meta":[],"product_brand":[],"product_cat":[21],"product_tag":[],"class_list":{"0":"post-2078","1":"product","2":"type-product","3":"status-publish","4":"has-post-thumbnail","6":"product_cat-drevene_domky","8":"first","9":"instock","10":"shipping-taxable","11":"purchasable","12":"product-type-simple"},"_links":{"self":[{"href":"https:\/\/ekochatykarpaty.cz\/sk\/wp-json\/wp\/v2\/product\/2078","targetHints":{"allow":["GET"]}}],"collection":[{"href":"https:\/\/ekochatykarpaty.cz\/sk\/wp-json\/wp\/v2\/product"}],"about":[{"href":"https:\/\/ekochatykarpaty.cz\/sk\/wp-json\/wp\/v2\/types\/product"}],"replies":[{"embeddable":true,"href":"https:\/\/ekochatykarpaty.cz\/sk\/wp-json\/wp\/v2\/comments?post=2078"}],"wp:featuredmedia":[{"embeddable":true,"href":"https:\/\/ekochatykarpaty.cz\/sk\/wp-json\/wp\/v2\/media\/2080"}],"wp:attachment":[{"href":"https:\/\/ekochatykarpaty.cz\/sk\/wp-json\/wp\/v2\/media?parent=2078"}],"wp:term":[{"taxonomy":"product_brand","embeddable":true,"href":"https:\/\/ekochatykarpaty.cz\/sk\/wp-json\/wp\/v2\/product_brand?post=2078"},{"taxonomy":"product_cat","embeddable":true,"href":"https:\/\/ekochatykarpaty.cz\/sk\/wp-json\/wp\/v2\/product_cat?post=2078"},{"taxonomy":"product_tag","embeddable":true,"href":"https:\/\/ekochatykarpaty.cz\/sk\/wp-json\/wp\/v2\/product_tag?post=2078"}],"curies":[{"name":"wp","href":"https:\/\/api.w.org\/{rel}","templated":true}]}}