{"id":2093,"date":"2026-02-09T17:44:10","date_gmt":"2026-02-09T17:44:10","guid":{"rendered":"https:\/\/ekochatykarpaty.cz\/?post_type=product&#038;p=2093"},"modified":"2026-02-22T21:55:20","modified_gmt":"2026-02-22T21:55:20","slug":"anna","status":"publish","type":"product","link":"https:\/\/ekochatykarpaty.cz\/sk\/produkt\/anna\/","title":{"rendered":"Anna"},"content":{"rendered":"<p>Model Anna je moderne po\u0148at\u00e1 rekrea\u010dn\u00e1 chata, ktor\u00e1 na ve\u013ekorysej ploche 70 m\u00b2 kombinuje tradi\u010dn\u00e9 tes\u00e1rske remeslo s po\u017eiadavkami na presvetlen\u00e9 s\u00fa\u010dasn\u00e9 b\u00fdvanie. Dispoz\u00edcia \u0161tyroch samostatn\u00fdch izieb poskytuje dostatok priestoru pre rodinn\u00fd \u017eivot aj n\u00e1v\u0161tevy, zatia\u013e \u010do dominantn\u00e1 terasa s rozlohou 16,6 m\u00b2 plynule roz\u0161iruje obytn\u00fa \u010das\u0165 do z\u00e1hrady.<\/p>\n<p>V\u00fdnimo\u010dn\u00fdm prvkom tohto modelu je \u0161irok\u00fd presklen\u00fd vstup (300 cm), ktor\u00fd spolu s \u010fal\u0161\u00edmi piatimi oknami s izola\u010dn\u00fdm dvojsklom zais\u0165uje mimoriadny pr\u00edsun denn\u00e9ho svetla. Mas\u00edvny 44 mm r\u00faben\u00fd hranol z vysokohorsk\u00e9ho dreva a mo\u017enos\u0165 vo\u013eby zosilnenej podlahy (28 mm) zaru\u010duj\u00fa stabilitu a dlh\u00fa \u017eivotnos\u0165.<\/p>\n<p>S v\u00fd\u0161kou obvodov\u00fdch stien 2,4 m pon\u00faka Anna nad\u0161tandardne komfortn\u00fa v\u00fd\u0161ku stropu, \u010d\u00edm vytv\u00e1ra vzdu\u0161n\u00e9 a pr\u00edjemn\u00e9 prostredie pre dlhodob\u00fa rekre\u00e1ciu.<\/p>","protected":false},"excerpt":{"rendered":"<p>\ud83d\udccf 70 m\u00b2 | \ud83e\uddf1 44 mm | \ud83d\udcd0 7000 x 10000 mm<\/p>","protected":false},"featured_media":2095,"comment_status":"open","ping_status":"closed","template":"","meta":[],"product_brand":[],"product_cat":[21],"product_tag":[],"class_list":{"0":"post-2093","1":"product","2":"type-product","3":"status-publish","4":"has-post-thumbnail","6":"product_cat-drevene_domky","8":"first","9":"instock","10":"shipping-taxable","11":"purchasable","12":"product-type-simple"},"_links":{"self":[{"href":"https:\/\/ekochatykarpaty.cz\/sk\/wp-json\/wp\/v2\/product\/2093","targetHints":{"allow":["GET"]}}],"collection":[{"href":"https:\/\/ekochatykarpaty.cz\/sk\/wp-json\/wp\/v2\/product"}],"about":[{"href":"https:\/\/ekochatykarpaty.cz\/sk\/wp-json\/wp\/v2\/types\/product"}],"replies":[{"embeddable":true,"href":"https:\/\/ekochatykarpaty.cz\/sk\/wp-json\/wp\/v2\/comments?post=2093"}],"wp:featuredmedia":[{"embeddable":true,"href":"https:\/\/ekochatykarpaty.cz\/sk\/wp-json\/wp\/v2\/media\/2095"}],"wp:attachment":[{"href":"https:\/\/ekochatykarpaty.cz\/sk\/wp-json\/wp\/v2\/media?parent=2093"}],"wp:term":[{"taxonomy":"product_brand","embeddable":true,"href":"https:\/\/ekochatykarpaty.cz\/sk\/wp-json\/wp\/v2\/product_brand?post=2093"},{"taxonomy":"product_cat","embeddable":true,"href":"https:\/\/ekochatykarpaty.cz\/sk\/wp-json\/wp\/v2\/product_cat?post=2093"},{"taxonomy":"product_tag","embeddable":true,"href":"https:\/\/ekochatykarpaty.cz\/sk\/wp-json\/wp\/v2\/product_tag?post=2093"}],"curies":[{"name":"wp","href":"https:\/\/api.w.org\/{rel}","templated":true}]}}