{"id":2117,"date":"2026-02-09T18:26:04","date_gmt":"2026-02-09T18:26:04","guid":{"rendered":"https:\/\/ekochatykarpaty.cz\/?post_type=product&#038;p=2117"},"modified":"2026-02-22T21:50:28","modified_gmt":"2026-02-22T21:50:28","slug":"hrusovka","status":"publish","type":"product","link":"https:\/\/ekochatykarpaty.cz\/sk\/produkt\/hrusovka\/","title":{"rendered":"Hru\u0161ovka"},"content":{"rendered":"<p>Model Hru\u0161ovka je skuto\u010dn\u00fdm gigantom v na\u0161ej ponuke, ktor\u00fd svojou zastavanou plochou cez 106 m\u00b2 a dispoz\u00edciou siedmich samostatn\u00fdch miestnost\u00ed bez kompromisov nahrad\u00ed priestrann\u00fd rodinn\u00fd dom.<\/p>\n<p>T\u00e1to drevostavba je navrhnut\u00e1 pre tie najn\u00e1ro\u010dnej\u0161ie po\u017eiadavky na priestor, s\u00fakromie a komfortn\u00e9 z\u00e1zemie aj pre ve\u013emi po\u010detn\u00fa rodinu \u010di skupinu host\u00ed. S obytnou plochou takmer 98 m\u00b2 pon\u00faka Hru\u0161ovka nev\u00eddan\u00fa variabilitu vyu\u017eitia jednotliv\u00fdch izieb. Cel\u00fd objekt je presvetlen\u00fd desiatimi oknami s izola\u010dn\u00fdm dvojsklom, ktor\u00e9 zais\u0165uj\u00fa pr\u00edjemn\u00fa kl\u00edmu a dostatok denn\u00e9ho svetla vo v\u0161etk\u00fdch \u010dastiach domu.<\/p>\n<p>Robustn\u00e1 kon\u0161trukcia z mas\u00edvneho r\u00faben\u00e9ho hranola (v hr\u00fabkach 44 mm alebo 68 mm) a strecha s plochou cez 120 m\u00b2 pod\u010diarkuj\u00fa stabilitu a odolnos\u0165 tejto v\u00fdnimo\u010dnej stavby z vysokohorsk\u00e9ho dreva. Hru\u0161ovka je ide\u00e1lnou vo\u013ebou pre vybudovanie reprezentat\u00edvneho celoro\u010dn\u00e9ho s\u00eddla v s\u00falade s pr\u00edrodou.<\/p>\n<p><strong>1 332 600 K\u010d &#8211; 44 mm \/ 1 802 900 K\u010d &#8211; 68 mm<\/strong><\/p>","protected":false},"excerpt":{"rendered":"<p>\ud83d\udccf 106,8 m\u00b2 | \ud83e\uddf1 44 mm \/ 68 mm | \ud83d\udcd0 7800 x 13700 mm<\/p>","protected":false},"featured_media":2122,"comment_status":"open","ping_status":"closed","template":"","meta":[],"product_brand":[],"product_cat":[21],"product_tag":[],"class_list":{"0":"post-2117","1":"product","2":"type-product","3":"status-publish","4":"has-post-thumbnail","6":"product_cat-drevene_domky","8":"first","9":"instock","10":"shipping-taxable","11":"purchasable","12":"product-type-simple"},"_links":{"self":[{"href":"https:\/\/ekochatykarpaty.cz\/sk\/wp-json\/wp\/v2\/product\/2117","targetHints":{"allow":["GET"]}}],"collection":[{"href":"https:\/\/ekochatykarpaty.cz\/sk\/wp-json\/wp\/v2\/product"}],"about":[{"href":"https:\/\/ekochatykarpaty.cz\/sk\/wp-json\/wp\/v2\/types\/product"}],"replies":[{"embeddable":true,"href":"https:\/\/ekochatykarpaty.cz\/sk\/wp-json\/wp\/v2\/comments?post=2117"}],"wp:featuredmedia":[{"embeddable":true,"href":"https:\/\/ekochatykarpaty.cz\/sk\/wp-json\/wp\/v2\/media\/2122"}],"wp:attachment":[{"href":"https:\/\/ekochatykarpaty.cz\/sk\/wp-json\/wp\/v2\/media?parent=2117"}],"wp:term":[{"taxonomy":"product_brand","embeddable":true,"href":"https:\/\/ekochatykarpaty.cz\/sk\/wp-json\/wp\/v2\/product_brand?post=2117"},{"taxonomy":"product_cat","embeddable":true,"href":"https:\/\/ekochatykarpaty.cz\/sk\/wp-json\/wp\/v2\/product_cat?post=2117"},{"taxonomy":"product_tag","embeddable":true,"href":"https:\/\/ekochatykarpaty.cz\/sk\/wp-json\/wp\/v2\/product_tag?post=2117"}],"curies":[{"name":"wp","href":"https:\/\/api.w.org\/{rel}","templated":true}]}}