{"id":2129,"date":"2026-02-09T18:56:15","date_gmt":"2026-02-09T18:56:15","guid":{"rendered":"https:\/\/ekochatykarpaty.cz\/?post_type=product&#038;p=2129"},"modified":"2026-02-22T21:49:35","modified_gmt":"2026-02-22T21:49:35","slug":"doubrava","status":"publish","type":"product","link":"https:\/\/ekochatykarpaty.cz\/sk\/produkt\/doubrava\/","title":{"rendered":"Doubrava"},"content":{"rendered":"<p>Model Doubrava je impozantn\u00e1 poschodov\u00e1 drevostavba, ktor\u00e1 svojou v\u00fd\u0161kou hrebe\u0148a 5,47 metra a ve\u013ekorysou dispoz\u00edciou \u00f4smich samostatn\u00fdch miestnost\u00ed predstavuje vrchol komfortu v na\u0161ej ponuke.<\/p>\n<p>Na zastavanej ploche 64,4 m\u00b2 vzniklo v\u010faka plnohodnotn\u00e9mu podkroviu celkovo 86,1 m\u00b2 obytnej plochy, \u010do z Doubravy rob\u00ed ide\u00e1lny objekt na celoro\u010dn\u00e9 rodinn\u00e9 b\u00fdvanie alebo luxusn\u00e9 rekrea\u010dn\u00e9 s\u00eddlo.<\/p>\n<p>Chata vynik\u00e1 bohat\u00fdm presklen\u00edm \u010d\u00edtaj\u00facim 11 okien s izola\u010dn\u00fdm dvojsklom a rovnak\u00fdm po\u010dtom dvern\u00fdch prvkov, \u010do zais\u0165uje perfektn\u00e9 presvetlenie a pr\u00edstup do v\u0161etk\u00fdch \u010dast\u00ed domu. Exteri\u00e9r dop\u013a\u0148a priestrann\u00e1 terasa s rozlohou 19,1 m\u00b2 a balk\u00f3n (10 m\u00b2) na poschod\u00ed, ktor\u00fd pon\u00faka jedine\u010dn\u00e9 v\u00fdh\u013eady do okolia.<\/p>\n<p>Mas\u00edvny 68 mm r\u00faben\u00fd hranol z vysokohorsk\u00e9ho dreva v kombin\u00e1cii so zosilnenou podlahou garantuje \u0161pi\u010dkov\u00fa stabilitu a vynikaj\u00face tepelno-izola\u010dn\u00e9 vlastnosti tejto v\u00fdnimo\u010dnej stavby.<\/p>","protected":false},"excerpt":{"rendered":"<p>\ud83d\udccf 64,4 m\u00b2 | \ud83e\uddf1 68 mm | \ud83d\udcd0 5800 x 11100 mm<\/p>","protected":false},"featured_media":2134,"comment_status":"open","ping_status":"closed","template":"","meta":[],"product_brand":[],"product_cat":[21],"product_tag":[],"class_list":{"0":"post-2129","1":"product","2":"type-product","3":"status-publish","4":"has-post-thumbnail","6":"product_cat-drevene_domky","8":"first","9":"instock","10":"shipping-taxable","11":"purchasable","12":"product-type-simple"},"_links":{"self":[{"href":"https:\/\/ekochatykarpaty.cz\/sk\/wp-json\/wp\/v2\/product\/2129","targetHints":{"allow":["GET"]}}],"collection":[{"href":"https:\/\/ekochatykarpaty.cz\/sk\/wp-json\/wp\/v2\/product"}],"about":[{"href":"https:\/\/ekochatykarpaty.cz\/sk\/wp-json\/wp\/v2\/types\/product"}],"replies":[{"embeddable":true,"href":"https:\/\/ekochatykarpaty.cz\/sk\/wp-json\/wp\/v2\/comments?post=2129"}],"wp:featuredmedia":[{"embeddable":true,"href":"https:\/\/ekochatykarpaty.cz\/sk\/wp-json\/wp\/v2\/media\/2134"}],"wp:attachment":[{"href":"https:\/\/ekochatykarpaty.cz\/sk\/wp-json\/wp\/v2\/media?parent=2129"}],"wp:term":[{"taxonomy":"product_brand","embeddable":true,"href":"https:\/\/ekochatykarpaty.cz\/sk\/wp-json\/wp\/v2\/product_brand?post=2129"},{"taxonomy":"product_cat","embeddable":true,"href":"https:\/\/ekochatykarpaty.cz\/sk\/wp-json\/wp\/v2\/product_cat?post=2129"},{"taxonomy":"product_tag","embeddable":true,"href":"https:\/\/ekochatykarpaty.cz\/sk\/wp-json\/wp\/v2\/product_tag?post=2129"}],"curies":[{"name":"wp","href":"https:\/\/api.w.org\/{rel}","templated":true}]}}