{"id":2182,"date":"2026-02-09T23:08:16","date_gmt":"2026-02-09T23:08:16","guid":{"rendered":"https:\/\/ekochatykarpaty.cz\/?post_type=product&#038;p=2182"},"modified":"2026-02-22T21:46:19","modified_gmt":"2026-02-22T21:46:19","slug":"morava","status":"publish","type":"product","link":"https:\/\/ekochatykarpaty.cz\/sk\/produkt\/morava\/","title":{"rendered":"Morava"},"content":{"rendered":"<p>Model Morava je majest\u00e1tna poschodov\u00e1 drevostavba, ktor\u00e1 svojou zastavanou plochou cez 121 m\u00b2 a \u00factyhodnou v\u00fd\u0161kou hrebe\u0148a 6,2 metra predstavuje absol\u00fatny vrchol na\u0161ej ponuky. T\u00e1to chata je koncipovan\u00e1 ako plnohodnotn\u00e9 viacgenera\u010dn\u00e9 s\u00eddlo, pon\u00fakaj\u00face nev\u00eddan\u00fa dispoz\u00edciu desiatich samostatn\u00fdch miestnost\u00ed.<\/p>\n<p>V\u00fdnimo\u010dn\u00fd komfort dop\u013a\u0148a priestrann\u00e1 terasa (17,4 m\u00b2) a balk\u00f3n na poschod\u00ed (12,5 m\u00b2), ktor\u00e9 poskytuj\u00fa ide\u00e1lny priestor pre vonkaj\u0161iu relax\u00e1ciu. Interi\u00e9r je presvetlen\u00fd rekordn\u00fdm po\u010dtom 14 okien v r\u00f4znych form\u00e1toch, \u010do v kombin\u00e1cii s mas\u00edvnym 68 mm r\u00faben\u00fdm hranolom vytv\u00e1ra zdrav\u00e9 a energeticky efekt\u00edvne b\u00fdvanie.<\/p>\n<p>So svojimi 11 dvern\u00fdmi prvkami a premyslenou vn\u00fatornou logistikou je Morava ide\u00e1lnou vo\u013ebou pre t\u00fdch, ktor\u00ed h\u013eadaj\u00fa reprezentat\u00edvny a priestrann\u00fd domov z prvotriedneho vysokohorsk\u00e9ho dreva, ktor\u00fd sa stane dominantou ka\u017ed\u00e9ho pozemku.<\/p>","protected":false},"excerpt":{"rendered":"<p>\ud83d\udccf 121,44 m\u00b2 | \ud83e\uddf1 68 mm | \ud83d\udcd0 9200 x 13200 mm<\/p>","protected":false},"featured_media":2189,"comment_status":"open","ping_status":"closed","template":"","meta":[],"product_brand":[],"product_cat":[21],"product_tag":[],"class_list":{"0":"post-2182","1":"product","2":"type-product","3":"status-publish","4":"has-post-thumbnail","6":"product_cat-drevene_domky","8":"first","9":"instock","10":"shipping-taxable","11":"purchasable","12":"product-type-simple"},"_links":{"self":[{"href":"https:\/\/ekochatykarpaty.cz\/sk\/wp-json\/wp\/v2\/product\/2182","targetHints":{"allow":["GET"]}}],"collection":[{"href":"https:\/\/ekochatykarpaty.cz\/sk\/wp-json\/wp\/v2\/product"}],"about":[{"href":"https:\/\/ekochatykarpaty.cz\/sk\/wp-json\/wp\/v2\/types\/product"}],"replies":[{"embeddable":true,"href":"https:\/\/ekochatykarpaty.cz\/sk\/wp-json\/wp\/v2\/comments?post=2182"}],"wp:featuredmedia":[{"embeddable":true,"href":"https:\/\/ekochatykarpaty.cz\/sk\/wp-json\/wp\/v2\/media\/2189"}],"wp:attachment":[{"href":"https:\/\/ekochatykarpaty.cz\/sk\/wp-json\/wp\/v2\/media?parent=2182"}],"wp:term":[{"taxonomy":"product_brand","embeddable":true,"href":"https:\/\/ekochatykarpaty.cz\/sk\/wp-json\/wp\/v2\/product_brand?post=2182"},{"taxonomy":"product_cat","embeddable":true,"href":"https:\/\/ekochatykarpaty.cz\/sk\/wp-json\/wp\/v2\/product_cat?post=2182"},{"taxonomy":"product_tag","embeddable":true,"href":"https:\/\/ekochatykarpaty.cz\/sk\/wp-json\/wp\/v2\/product_tag?post=2182"}],"curies":[{"name":"wp","href":"https:\/\/api.w.org\/{rel}","templated":true}]}}