{"id":2198,"date":"2026-02-09T23:16:57","date_gmt":"2026-02-09T23:16:57","guid":{"rendered":"https:\/\/ekochatykarpaty.cz\/?post_type=product&#038;p=2198"},"modified":"2026-02-22T21:45:47","modified_gmt":"2026-02-22T21:45:47","slug":"chmelova","status":"publish","type":"product","link":"https:\/\/ekochatykarpaty.cz\/sk\/produkt\/chmelova\/","title":{"rendered":"Chmelov\u00e1"},"content":{"rendered":"<p>Model Chmelov\u00e1 je monument\u00e1lna poschodov\u00e1 drevostavba, ktor\u00e1 na zastavanej ploche cez 101 m\u00b2 pon\u00faka luxusn\u00fd priestor a nad\u0161tandardn\u00fd komfort. S v\u00fd\u0161kou hrebe\u0148a 5,7 metra a piatimi priestrann\u00fdmi izbami je t\u00e1to chata navrhnut\u00e1 pre n\u00e1ro\u010dn\u00fdch majite\u013eov, ktor\u00ed h\u013eadaj\u00fa plnohodnotn\u00e9 celoro\u010dn\u00e9 b\u00fdvanie alebo reprezentat\u00edvne s\u00eddlo pre rodinn\u00fa rekre\u00e1ciu.<\/p>\n<p>Dominantou pr\u00edzemia je \u0161irok\u00fd presklen\u00fd vstup (300 cm), ktor\u00fd spolu s \u010fal\u0161\u00edmi 11 oknami s izola\u010dn\u00fdm dvojsklom zais\u0165uje presvetlenie cel\u00e9ho interi\u00e9ru z mnoh\u00fdch str\u00e1n. Vonkaj\u0161\u00ed priestor dop\u013a\u0148a integrovan\u00e1 terasa s rozlohou 15,2 m\u00b2, ide\u00e1lna pre spolo\u010dn\u00e9 chv\u00edle v pr\u00edrode.<\/p>\n<p>Robustn\u00e1 kon\u0161trukcia zo 68 mm r\u00faben\u00e9ho hranola v kombin\u00e1cii s plochou strechy 128 m\u00b2 a mo\u017enos\u0165ou zosilnenej podlahy (28 mm) garantuje \u0161pi\u010dkov\u00fa stabilitu, tepeln\u00fa pohodu a dlhovekos\u0165 tejto v\u00fdnimo\u010dnej stavby z vysokohorsk\u00e9ho dreva.<\/p>","protected":false},"excerpt":{"rendered":"<p>\ud83d\udccf 101,25 m\u00b2 | \ud83e\uddf1 68 mm | \ud83d\udcd0 7500 x 13500 mm<\/p>","protected":false},"featured_media":2201,"comment_status":"open","ping_status":"closed","template":"","meta":[],"product_brand":[],"product_cat":[21],"product_tag":[],"class_list":{"0":"post-2198","1":"product","2":"type-product","3":"status-publish","4":"has-post-thumbnail","6":"product_cat-drevene_domky","8":"first","9":"instock","10":"shipping-taxable","11":"purchasable","12":"product-type-simple"},"_links":{"self":[{"href":"https:\/\/ekochatykarpaty.cz\/sk\/wp-json\/wp\/v2\/product\/2198","targetHints":{"allow":["GET"]}}],"collection":[{"href":"https:\/\/ekochatykarpaty.cz\/sk\/wp-json\/wp\/v2\/product"}],"about":[{"href":"https:\/\/ekochatykarpaty.cz\/sk\/wp-json\/wp\/v2\/types\/product"}],"replies":[{"embeddable":true,"href":"https:\/\/ekochatykarpaty.cz\/sk\/wp-json\/wp\/v2\/comments?post=2198"}],"wp:featuredmedia":[{"embeddable":true,"href":"https:\/\/ekochatykarpaty.cz\/sk\/wp-json\/wp\/v2\/media\/2201"}],"wp:attachment":[{"href":"https:\/\/ekochatykarpaty.cz\/sk\/wp-json\/wp\/v2\/media?parent=2198"}],"wp:term":[{"taxonomy":"product_brand","embeddable":true,"href":"https:\/\/ekochatykarpaty.cz\/sk\/wp-json\/wp\/v2\/product_brand?post=2198"},{"taxonomy":"product_cat","embeddable":true,"href":"https:\/\/ekochatykarpaty.cz\/sk\/wp-json\/wp\/v2\/product_cat?post=2198"},{"taxonomy":"product_tag","embeddable":true,"href":"https:\/\/ekochatykarpaty.cz\/sk\/wp-json\/wp\/v2\/product_tag?post=2198"}],"curies":[{"name":"wp","href":"https:\/\/api.w.org\/{rel}","templated":true}]}}