{"id":2203,"date":"2026-02-09T23:22:52","date_gmt":"2026-02-09T23:22:52","guid":{"rendered":"https:\/\/ekochatykarpaty.cz\/?post_type=product&#038;p=2203"},"modified":"2026-02-22T21:45:07","modified_gmt":"2026-02-22T21:45:07","slug":"kobelna","status":"publish","type":"product","link":"https:\/\/ekochatykarpaty.cz\/sk\/produkt\/kobelna\/","title":{"rendered":"Kobeln\u00e1"},"content":{"rendered":"<p>Model Kobeln\u00e1 je impozantn\u00e1 pr\u00edzemn\u00e1 drevostavba, ktor\u00e1 na zastavanej ploche 96 m\u00b2 pon\u00faka ve\u013ekorys\u00e9 usporiadanie \u0161iestich samostatn\u00fdch miestnost\u00ed. T\u00e1to chata je ide\u00e1lnou vo\u013ebou pre t\u00fdch, ktor\u00ed preferuj\u00fa bezbari\u00e9rov\u00fd priestor a \u0161irok\u00e9 otvoren\u00e9 dispoz\u00edcie.<\/p>\n<p>Dominantou exteri\u00e9ru je priestrann\u00e1 terasa s rozlohou 22,3 m\u00b2, ktor\u00e1 plynule nadv\u00e4zuje na interi\u00e9r cez \u0161irok\u00fd presklen\u00fd vstup (300 cm). Celkovo sedem vysok\u00fdch okien a sedem vchodov\u00fdch prvkov s izola\u010dn\u00fdm dvojsklom zais\u0165uje mimoriadnu svetlos\u0165 a prepojenie s okolitou z\u00e1hradou.<\/p>\n<p>Robustn\u00e1 kon\u0161trukcia zo 68 mm r\u00faben\u00e9ho hranola v kombin\u00e1cii s v\u00fd\u0161kou hrebe\u0148a 3,9 metra dod\u00e1va stavbe pocit stability a vzdu\u0161nosti. Kobeln\u00e1, vyroben\u00e1 z kvalitn\u00e9ho vysokohorsk\u00e9ho dreva, predstavuje \u0161pi\u010dkov\u00e9 rie\u0161enie pre komfortn\u00fa rodinn\u00fa rekre\u00e1ciu aj trval\u00e9 b\u00fdvanie.<\/p>","protected":false},"excerpt":{"rendered":"<p>\ud83d\udccf 96 m\u00b2 | \ud83e\uddf1 68 mm | \ud83d\udcd0 12000 x 8000 mm<\/p>","protected":false},"featured_media":2206,"comment_status":"open","ping_status":"closed","template":"","meta":[],"product_brand":[],"product_cat":[21],"product_tag":[],"class_list":{"0":"post-2203","1":"product","2":"type-product","3":"status-publish","4":"has-post-thumbnail","6":"product_cat-drevene_domky","8":"first","9":"instock","10":"shipping-taxable","11":"purchasable","12":"product-type-simple"},"_links":{"self":[{"href":"https:\/\/ekochatykarpaty.cz\/sk\/wp-json\/wp\/v2\/product\/2203","targetHints":{"allow":["GET"]}}],"collection":[{"href":"https:\/\/ekochatykarpaty.cz\/sk\/wp-json\/wp\/v2\/product"}],"about":[{"href":"https:\/\/ekochatykarpaty.cz\/sk\/wp-json\/wp\/v2\/types\/product"}],"replies":[{"embeddable":true,"href":"https:\/\/ekochatykarpaty.cz\/sk\/wp-json\/wp\/v2\/comments?post=2203"}],"wp:featuredmedia":[{"embeddable":true,"href":"https:\/\/ekochatykarpaty.cz\/sk\/wp-json\/wp\/v2\/media\/2206"}],"wp:attachment":[{"href":"https:\/\/ekochatykarpaty.cz\/sk\/wp-json\/wp\/v2\/media?parent=2203"}],"wp:term":[{"taxonomy":"product_brand","embeddable":true,"href":"https:\/\/ekochatykarpaty.cz\/sk\/wp-json\/wp\/v2\/product_brand?post=2203"},{"taxonomy":"product_cat","embeddable":true,"href":"https:\/\/ekochatykarpaty.cz\/sk\/wp-json\/wp\/v2\/product_cat?post=2203"},{"taxonomy":"product_tag","embeddable":true,"href":"https:\/\/ekochatykarpaty.cz\/sk\/wp-json\/wp\/v2\/product_tag?post=2203"}],"curies":[{"name":"wp","href":"https:\/\/api.w.org\/{rel}","templated":true}]}}