{"id":2213,"date":"2026-02-09T23:28:26","date_gmt":"2026-02-09T23:28:26","guid":{"rendered":"https:\/\/ekochatykarpaty.cz\/?post_type=product&#038;p=2213"},"modified":"2026-02-22T21:41:53","modified_gmt":"2026-02-22T21:41:53","slug":"poloma","status":"publish","type":"product","link":"https:\/\/ekochatykarpaty.cz\/sk\/produkt\/poloma\/","title":{"rendered":"Poloma"},"content":{"rendered":"<p>Model Poloma je elegantn\u00e1 poschodov\u00e1 drevostavba, ktor\u00e1 na kompaktnej zastavanej ploche 50 m\u00b2 pon\u00faka ne\u010dakane ve\u013ekorys\u00e9 vn\u00fatorn\u00e9 usporiadanie so siedmimi samostatn\u00fdmi miestnos\u0165ami. S v\u00fd\u0161kou hrebe\u0148a 5,36 metra a nad\u0161tandardnou v\u00fd\u0161kou obvodov\u00fdch stien na pr\u00edzem\u00ed vytv\u00e1ra t\u00e1to chata vzdu\u0161n\u00e9 a komfortn\u00e9 prostredie na b\u00fdvanie.<\/p>\n<p>Skuto\u010dn\u00fdm unik\u00e1tom tohto modelu je vonkaj\u0161\u00ed obytn\u00fd priestor \u2013 roz\u013eahl\u00e1 terasa s plochou 35,9 m\u00b2 doplnen\u00e1 balk\u00f3nom na poschod\u00ed (10,2 m\u00b2), \u010do z Polomy rob\u00ed ide\u00e1lnu vo\u013ebu pre milovn\u00edkov relax\u00e1cie na \u010derstvom vzduchu. Kon\u0161trukcia z mas\u00edvneho 68 mm r\u00faben\u00e9ho hranola zais\u0165uje vynikaj\u00facu stabilitu a tepeln\u00fa zotrva\u010dnos\u0165.<\/p>\n<p>V\u010faka dvan\u00e1stim dvern\u00fdm prvkom a \u0161iestim okn\u00e1m s izola\u010dn\u00fdm dvojsklom je dom skvele dostupn\u00fd a presvetlen\u00fd, pri\u010dom pou\u017eitie kvalitn\u00e9ho vysokohorsk\u00e9ho dreva garantuje dlh\u00fa \u017eivotnos\u0165 celej stavby.<\/p>","protected":false},"excerpt":{"rendered":"<p>\ud83d\udccf 50 m\u00b2 | \ud83e\uddf1 68 mm | \ud83d\udcd0 5000 x 10000 mm<\/p>","protected":false},"featured_media":2214,"comment_status":"open","ping_status":"closed","template":"","meta":[],"product_brand":[],"product_cat":[21],"product_tag":[],"class_list":{"0":"post-2213","1":"product","2":"type-product","3":"status-publish","4":"has-post-thumbnail","6":"product_cat-drevene_domky","8":"first","9":"instock","10":"shipping-taxable","11":"purchasable","12":"product-type-simple"},"_links":{"self":[{"href":"https:\/\/ekochatykarpaty.cz\/sk\/wp-json\/wp\/v2\/product\/2213","targetHints":{"allow":["GET"]}}],"collection":[{"href":"https:\/\/ekochatykarpaty.cz\/sk\/wp-json\/wp\/v2\/product"}],"about":[{"href":"https:\/\/ekochatykarpaty.cz\/sk\/wp-json\/wp\/v2\/types\/product"}],"replies":[{"embeddable":true,"href":"https:\/\/ekochatykarpaty.cz\/sk\/wp-json\/wp\/v2\/comments?post=2213"}],"wp:featuredmedia":[{"embeddable":true,"href":"https:\/\/ekochatykarpaty.cz\/sk\/wp-json\/wp\/v2\/media\/2214"}],"wp:attachment":[{"href":"https:\/\/ekochatykarpaty.cz\/sk\/wp-json\/wp\/v2\/media?parent=2213"}],"wp:term":[{"taxonomy":"product_brand","embeddable":true,"href":"https:\/\/ekochatykarpaty.cz\/sk\/wp-json\/wp\/v2\/product_brand?post=2213"},{"taxonomy":"product_cat","embeddable":true,"href":"https:\/\/ekochatykarpaty.cz\/sk\/wp-json\/wp\/v2\/product_cat?post=2213"},{"taxonomy":"product_tag","embeddable":true,"href":"https:\/\/ekochatykarpaty.cz\/sk\/wp-json\/wp\/v2\/product_tag?post=2213"}],"curies":[{"name":"wp","href":"https:\/\/api.w.org\/{rel}","templated":true}]}}