{"id":2215,"date":"2026-02-09T23:33:32","date_gmt":"2026-02-09T23:33:32","guid":{"rendered":"https:\/\/ekochatykarpaty.cz\/?post_type=product&#038;p=2215"},"modified":"2026-02-22T21:41:18","modified_gmt":"2026-02-22T21:41:18","slug":"jasenka","status":"publish","type":"product","link":"https:\/\/ekochatykarpaty.cz\/sk\/produkt\/jasenka\/","title":{"rendered":"Jasenka"},"content":{"rendered":"<p>Model Jasenka je impozantn\u00e1 poschodov\u00e1 drevostavba, ktor\u00e1 na prv\u00fd poh\u013ead zaujme svojou v\u00fd\u0161kou hrebe\u0148a takmer 5,9 metra a nad\u0161tandardne vysok\u00fdmi obvodov\u00fdmi stenami (3,9 m). T\u00e1to kon\u0161trukcia umo\u017e\u0148uje vytvorenie plnohodnotn\u00e9ho a vzdu\u0161n\u00e9ho podkrovia, \u010d\u00edm chata na zastavanej ploche 51,33 m\u00b2 pon\u00faka dispoz\u00edciu piatich priestrann\u00fdch miestnost\u00ed.<\/p>\n<p>V\u00fdrazn\u00fdm prvkom modelu Jasenka je balk\u00f3n s rozlohou 10 m\u00b2, ktor\u00fd poskytuje s\u00fakromn\u00fd vonkaj\u0161\u00ed priestor na poschod\u00ed. Celkom osem okien s izola\u010dn\u00fdm dvojsklom a \u0161es\u0165 dvern\u00fdch prvkov zais\u0165uje vynikaj\u00facu svetelnos\u0165 a praktick\u00fa obslu\u017enos\u0165 cel\u00e9ho objektu.<\/p>\n<p>V\u010faka pou\u017eitiu mas\u00edvneho 68 mm r\u00faben\u00e9ho hranola a mo\u017enosti vo\u013eby zosilnenej podlahy (28 mm) je t\u00e1to stavba z vysokohorsk\u00e9ho smreka ide\u00e1lnym kandid\u00e1tom na komfortn\u00e9 celoro\u010dn\u00e9 u\u017e\u00edvanie v akomko\u013evek ter\u00e9ne.<\/p>","protected":false},"excerpt":{"rendered":"<p>\ud83d\udccf 51,33 m\u00b2 | \ud83e\uddf1 68 mm | \ud83d\udcd0 5900 x 8700 mm<\/p>","protected":false},"featured_media":2222,"comment_status":"open","ping_status":"closed","template":"","meta":[],"product_brand":[],"product_cat":[21],"product_tag":[],"class_list":{"0":"post-2215","1":"product","2":"type-product","3":"status-publish","4":"has-post-thumbnail","6":"product_cat-drevene_domky","8":"first","9":"instock","10":"shipping-taxable","11":"purchasable","12":"product-type-simple"},"_links":{"self":[{"href":"https:\/\/ekochatykarpaty.cz\/sk\/wp-json\/wp\/v2\/product\/2215","targetHints":{"allow":["GET"]}}],"collection":[{"href":"https:\/\/ekochatykarpaty.cz\/sk\/wp-json\/wp\/v2\/product"}],"about":[{"href":"https:\/\/ekochatykarpaty.cz\/sk\/wp-json\/wp\/v2\/types\/product"}],"replies":[{"embeddable":true,"href":"https:\/\/ekochatykarpaty.cz\/sk\/wp-json\/wp\/v2\/comments?post=2215"}],"wp:featuredmedia":[{"embeddable":true,"href":"https:\/\/ekochatykarpaty.cz\/sk\/wp-json\/wp\/v2\/media\/2222"}],"wp:attachment":[{"href":"https:\/\/ekochatykarpaty.cz\/sk\/wp-json\/wp\/v2\/media?parent=2215"}],"wp:term":[{"taxonomy":"product_brand","embeddable":true,"href":"https:\/\/ekochatykarpaty.cz\/sk\/wp-json\/wp\/v2\/product_brand?post=2215"},{"taxonomy":"product_cat","embeddable":true,"href":"https:\/\/ekochatykarpaty.cz\/sk\/wp-json\/wp\/v2\/product_cat?post=2215"},{"taxonomy":"product_tag","embeddable":true,"href":"https:\/\/ekochatykarpaty.cz\/sk\/wp-json\/wp\/v2\/product_tag?post=2215"}],"curies":[{"name":"wp","href":"https:\/\/api.w.org\/{rel}","templated":true}]}}