{"id":2232,"date":"2026-02-09T23:42:51","date_gmt":"2026-02-09T23:42:51","guid":{"rendered":"https:\/\/ekochatykarpaty.cz\/?post_type=product&#038;p=2232"},"modified":"2026-02-22T21:40:37","modified_gmt":"2026-02-22T21:40:37","slug":"velicka","status":"publish","type":"product","link":"https:\/\/ekochatykarpaty.cz\/sk\/produkt\/velicka\/","title":{"rendered":"Veli\u010dka"},"content":{"rendered":"<p>Model Veli\u010dka predstavuje ve\u013ekorys\u00fa pr\u00edzemn\u00fa stavbu, ktor\u00e1 na zastavanej ploche 91,3 m\u00b2 definuje nov\u00fd \u0161tandard pre komfortn\u00fd odpo\u010dinok. K\u013e\u00fa\u010dov\u00fdm prvkom tohto modelu je ohromuj\u00faca terasa s rozlohou 54,2 m\u00b2, ktor\u00e1 obklopuje dom a vytv\u00e1ra bezkonkuren\u010dn\u00fd priestor pre vonkaj\u0161\u00ed \u017eivot, stolovanie a relax\u00e1ciu.<\/p>\n<p>Vn\u00fatorn\u00e1 dispoz\u00edcia \u0161tyroch samostatn\u00fdch izieb \u0165a\u017e\u00ed z nad\u0161tandardn\u00e9ho presvetlenia, ktor\u00e9 zais\u0165uje rekordn\u00fdch 14 okien v piatich r\u00f4znych form\u00e1toch, v\u0161etky s izola\u010dn\u00fdm dvojsklom. Robustn\u00e1 kon\u0161trukcia zo 68 mm r\u00faben\u00e9ho hranola v kombin\u00e1cii s v\u00fd\u0161kou hrebe\u0148a 3,7 metra a plochou strechy cez 100 m\u00b2 zaru\u010duje stavbe vynikaj\u00facu stabilitu a dlh\u00fa \u017eivotnos\u0165.<\/p>\n<p>So \u0161iestimi vchodmi, vr\u00e1tane \u0161irok\u00fdch dvojkr\u00eddlov\u00fdch dver\u00ed, je Veli\u010dka ide\u00e1lnym rie\u0161en\u00edm pre t\u00fdch, ktor\u00ed h\u013eadaj\u00fa reprezentat\u00edvne a vzdu\u0161n\u00e9 s\u00eddlo z poctiv\u00e9ho vysokohorsk\u00e9ho dreva s maxim\u00e1lnym prepojen\u00edm s okolitou z\u00e1hradou.<\/p>","protected":false},"excerpt":{"rendered":"<p>\ud83d\udccf 91,3 m\u00b2 | \ud83e\uddf1 68 mm | \ud83d\udcd0 8300 x 11000 mm<\/p>","protected":false},"featured_media":2234,"comment_status":"open","ping_status":"closed","template":"","meta":[],"product_brand":[],"product_cat":[21],"product_tag":[],"class_list":{"0":"post-2232","1":"product","2":"type-product","3":"status-publish","4":"has-post-thumbnail","6":"product_cat-drevene_domky","8":"first","9":"instock","10":"shipping-taxable","11":"purchasable","12":"product-type-simple"},"_links":{"self":[{"href":"https:\/\/ekochatykarpaty.cz\/sk\/wp-json\/wp\/v2\/product\/2232","targetHints":{"allow":["GET"]}}],"collection":[{"href":"https:\/\/ekochatykarpaty.cz\/sk\/wp-json\/wp\/v2\/product"}],"about":[{"href":"https:\/\/ekochatykarpaty.cz\/sk\/wp-json\/wp\/v2\/types\/product"}],"replies":[{"embeddable":true,"href":"https:\/\/ekochatykarpaty.cz\/sk\/wp-json\/wp\/v2\/comments?post=2232"}],"wp:featuredmedia":[{"embeddable":true,"href":"https:\/\/ekochatykarpaty.cz\/sk\/wp-json\/wp\/v2\/media\/2234"}],"wp:attachment":[{"href":"https:\/\/ekochatykarpaty.cz\/sk\/wp-json\/wp\/v2\/media?parent=2232"}],"wp:term":[{"taxonomy":"product_brand","embeddable":true,"href":"https:\/\/ekochatykarpaty.cz\/sk\/wp-json\/wp\/v2\/product_brand?post=2232"},{"taxonomy":"product_cat","embeddable":true,"href":"https:\/\/ekochatykarpaty.cz\/sk\/wp-json\/wp\/v2\/product_cat?post=2232"},{"taxonomy":"product_tag","embeddable":true,"href":"https:\/\/ekochatykarpaty.cz\/sk\/wp-json\/wp\/v2\/product_tag?post=2232"}],"curies":[{"name":"wp","href":"https:\/\/api.w.org\/{rel}","templated":true}]}}