{"id":2261,"date":"2026-02-10T00:00:05","date_gmt":"2026-02-10T00:00:05","guid":{"rendered":"https:\/\/ekochatykarpaty.cz\/?post_type=product&#038;p=2261"},"modified":"2026-02-22T21:38:41","modified_gmt":"2026-02-22T21:38:41","slug":"garaz-c","status":"publish","type":"product","link":"https:\/\/ekochatykarpaty.cz\/sk\/produkt\/garaz-c\/","title":{"rendered":"Gar\u00e1\u017e C"},"content":{"rendered":"<p>Model Gar\u00e1\u017e C predstavuje na \u0161tvorcovom p\u00f4doryse 25 m\u00b2 vysoko funk\u010dn\u00e9 rie\u0161enie, ktor\u00e9 je v\u010faka rozdeleniu do dvoch miestnost\u00ed ide\u00e1lnou kombin\u00e1ciou parkovacieho st\u00e1tia a samostatn\u00e9ho skladu \u010di dielne. Robustn\u00e1 kon\u0161trukcia zo 44 mm r\u00faben\u00e9ho hranola zais\u0165uje stabilitu a dlh\u00fa \u017eivotnos\u0165, zatia\u013e \u010do v\u00fd\u0161ka hrebe\u0148a 2,7 m dod\u00e1va interi\u00e9ru potrebn\u00fa vzdu\u0161nos\u0165.<\/p>\n<p>Objekt je osaden\u00fd oknom s izola\u010dn\u00fdm dvojsklom a praktick\u00fdm presklen\u00fdm p\u00e1som, \u010do zaru\u010duje dostatok prirodzen\u00e9ho svetla v oboch \u010dastiach stavby. Pre maxim\u00e1lny komfort je gar\u00e1\u017e vybaven\u00e1 bo\u010dn\u00fdm vchodom z mas\u00edvneho dreva pre \u013eahk\u00fd pr\u00edstup k uskladnen\u00e9mu n\u00e1radiu \u010di technike.<\/p>\n<p>Model je \u0161tandardne dod\u00e1van\u00fd bez hlavnej br\u00e1ny, ktor\u00fa je v\u0161ak mo\u017en\u00e9 za pr\u00edplatok objedna\u0165 aj s odbornou mont\u00e1\u017eou. T\u00e1to stavba z poctiv\u00e9ho vysokohorsk\u00e9ho dreva sa stane praktick\u00fdm a estetick\u00fdm centrom v\u00e1\u0161ho z\u00e1zemia.<\/p>\n<p><strong>Gar\u00e1\u017e neobsahuje br\u00e1nu, za pr\u00edplatok je mo\u017en\u00e9 ju doda\u0165 aj s mont\u00e1\u017eou.<\/strong><\/p>","protected":false},"excerpt":{"rendered":"<p>\ud83d\udccf 25 m\u00b2 | \ud83e\uddf1 44 mm | \ud83d\udcd0 5000 x 5000 mm<\/p>","protected":false},"featured_media":2263,"comment_status":"open","ping_status":"closed","template":"","meta":[],"product_brand":[],"product_cat":[26],"product_tag":[],"class_list":{"0":"post-2261","1":"product","2":"type-product","3":"status-publish","4":"has-post-thumbnail","6":"product_cat-garaze","8":"first","9":"instock","10":"shipping-taxable","11":"purchasable","12":"product-type-simple"},"_links":{"self":[{"href":"https:\/\/ekochatykarpaty.cz\/sk\/wp-json\/wp\/v2\/product\/2261","targetHints":{"allow":["GET"]}}],"collection":[{"href":"https:\/\/ekochatykarpaty.cz\/sk\/wp-json\/wp\/v2\/product"}],"about":[{"href":"https:\/\/ekochatykarpaty.cz\/sk\/wp-json\/wp\/v2\/types\/product"}],"replies":[{"embeddable":true,"href":"https:\/\/ekochatykarpaty.cz\/sk\/wp-json\/wp\/v2\/comments?post=2261"}],"wp:featuredmedia":[{"embeddable":true,"href":"https:\/\/ekochatykarpaty.cz\/sk\/wp-json\/wp\/v2\/media\/2263"}],"wp:attachment":[{"href":"https:\/\/ekochatykarpaty.cz\/sk\/wp-json\/wp\/v2\/media?parent=2261"}],"wp:term":[{"taxonomy":"product_brand","embeddable":true,"href":"https:\/\/ekochatykarpaty.cz\/sk\/wp-json\/wp\/v2\/product_brand?post=2261"},{"taxonomy":"product_cat","embeddable":true,"href":"https:\/\/ekochatykarpaty.cz\/sk\/wp-json\/wp\/v2\/product_cat?post=2261"},{"taxonomy":"product_tag","embeddable":true,"href":"https:\/\/ekochatykarpaty.cz\/sk\/wp-json\/wp\/v2\/product_tag?post=2261"}],"curies":[{"name":"wp","href":"https:\/\/api.w.org\/{rel}","templated":true}]}}